{"id":7,"date":"2016-06-13T07:28:23","date_gmt":"2016-06-13T07:28:23","guid":{"rendered":"http:\/\/www.kakadudental.hu\/?page_id=7"},"modified":"2026-03-06T13:20:12","modified_gmt":"2026-03-06T12:20:12","slug":"orvosaink","status":"publish","type":"page","link":"https:\/\/www.kakadudental.hu\/it\/orvosaink\/","title":{"rendered":"Orvosaink"},"content":{"rendered":"<p><\/p>\n<h2>Dr. R\u00e9fi Adrienn<\/h2>\n<h3><span style=\"font-weight: normal;\">Fog \u00e9s Sz\u00e1jbetegs\u00e9gek Szakorvosa<\/span><\/h3>\n<p>&nbsp;<\/p>\n<p>2001 : P\u00e9csi Orvostudom\u00e1nyi Egyetem &#8211; Fogorvosi Diploma<\/p>\n<p>2001 &#8211; 2004: Rezidens, VitalCenter &#8211; Margitsziget<\/p>\n<p>2004 : Fog- \u00e9s sz\u00e1jbetegs\u00e9gek szakvizsga<\/p>\n<p>2005 : VitalCenter &#8211; H\u00e9v\u00edz<\/p>\n<p>2010 : Kakadu Dental, Keszthely<\/p>\n<p>&nbsp;<\/p>\n<h2>Dr. Babics\u00e1k Bence<\/h2>\n<h3><span style=\"font-weight: normal;\">Fog \u00e9s Sz\u00e1jbetegs\u00e9gek Szakorvosa<\/span><\/h3>\n<p>&nbsp;<\/p>\n<p>2001 : P\u00e9csi Orvostudom\u00e1nyi Egyetem &#8211; Fogorvosi diploma<\/p>\n<p>2001 &#8211; 2004: Rezidens, VitalCenter &#8211; BEK<\/p>\n<p>2004 : Fog- \u00e9s sz\u00e1jbetegs\u00e9gek szakvizsga<\/p>\n<p>2005 : VitalCenter &#8211; H\u00e9v\u00edz<\/p>\n<p>2008 : Gelencs\u00e9r Dental, H\u00e9v\u00edz<\/p>\n<p>2010 : Kakadu Dental, Keszthely<\/p>\n<p><\/p>","protected":false},"excerpt":{"rendered":"Dr. R\u00e9fi Adrienn Fog \u00e9s Sz\u00e1jbetegs\u00e9gek Szakorvosa &nbsp; 2001 : P\u00e9csi Orvostudom\u00e1nyi Egyetem &#8211; Fogorvosi Diploma 2001 &#8211; 2004: Rezidens, VitalCenter &#8211; Margitsziget 2004 : Fog- \u00e9s sz\u00e1jbetegs\u00e9gek szakvizsga 2005 : VitalCenter &#8211; H\u00e9v\u00edz 2010 : Kakadu Dental, Keszthely &nbsp; Dr. Babics\u00e1k Bence Fog \u00e9s Sz\u00e1jbetegs\u00e9gek Szakorvosa &nbsp; 2001 : P\u00e9csi Orvostudom\u00e1nyi Egyetem &#8211; Fogorvosi&#8230; <a class=\"view-article\" href=\"https:\/\/www.kakadudental.hu\/it\/orvosaink\/\">View Article<\/a>","protected":false},"author":1,"featured_media":12,"parent":0,"menu_order":2,"comment_status":"closed","ping_status":"closed","template":"","meta":{"ngg_post_thumbnail":0,"footnotes":""},"class_list":["post-7","page","type-page","status-publish","has-post-thumbnail","hentry"],"aioseo_notices":[],"_links":{"self":[{"href":"https:\/\/www.kakadudental.hu\/it\/wp-json\/wp\/v2\/pages\/7","targetHints":{"allow":["GET"]}}],"collection":[{"href":"https:\/\/www.kakadudental.hu\/it\/wp-json\/wp\/v2\/pages"}],"about":[{"href":"https:\/\/www.kakadudental.hu\/it\/wp-json\/wp\/v2\/types\/page"}],"author":[{"embeddable":true,"href":"https:\/\/www.kakadudental.hu\/it\/wp-json\/wp\/v2\/users\/1"}],"replies":[{"embeddable":true,"href":"https:\/\/www.kakadudental.hu\/it\/wp-json\/wp\/v2\/comments?post=7"}],"version-history":[{"count":25,"href":"https:\/\/www.kakadudental.hu\/it\/wp-json\/wp\/v2\/pages\/7\/revisions"}],"predecessor-version":[{"id":346,"href":"https:\/\/www.kakadudental.hu\/it\/wp-json\/wp\/v2\/pages\/7\/revisions\/346"}],"wp:featuredmedia":[{"embeddable":true,"href":"https:\/\/www.kakadudental.hu\/it\/wp-json\/wp\/v2\/media\/12"}],"wp:attachment":[{"href":"https:\/\/www.kakadudental.hu\/it\/wp-json\/wp\/v2\/media?parent=7"}],"curies":[{"name":"wp","href":"https:\/\/api.w.org\/{rel}","templated":true}]}}