{"id":45,"date":"2016-06-13T09:49:19","date_gmt":"2016-06-13T09:49:19","guid":{"rendered":"http:\/\/www.kakadudental.hu\/hu\/?page_id=45"},"modified":"2016-06-13T14:19:38","modified_gmt":"2016-06-13T14:19:38","slug":"fogaszati-implantacio-fogbeultetes","status":"publish","type":"page","link":"https:\/\/www.kakadudental.hu\/it\/szolgaltatasaink\/fogaszati-implantacio-fogbeultetes\/","title":{"rendered":"(HU) Fog\u00e1szati implant\u00e1ci\u00f3 \u2013 Fogbe\u00fcltet\u00e9s"},"content":{"rendered":"<p class=\"qtranxs-available-languages-message qtranxs-available-languages-message-it\">Ci spiace, ma questo articolo \u00e8 disponibile soltanto in <a href=\"https:\/\/www.kakadudental.hu\/hu\/wp-json\/wp\/v2\/pages\/45\" class=\"qtranxs-available-language-link qtranxs-available-language-link-hu\" title=\"HU\">HU<\/a>, <a href=\"https:\/\/www.kakadudental.hu\/de\/wp-json\/wp\/v2\/pages\/45\" class=\"qtranxs-available-language-link qtranxs-available-language-link-de\" title=\"DE\">DE<\/a> e <a href=\"https:\/\/www.kakadudental.hu\/en\/wp-json\/wp\/v2\/pages\/45\" class=\"qtranxs-available-language-link qtranxs-available-language-link-en\" title=\"EN\">EN<\/a>.<\/p>","protected":false},"excerpt":{"rendered":"Ci spiace, ma questo articolo \u00e8 disponibile soltanto in HU, DE e EN.","protected":false},"author":1,"featured_media":0,"parent":13,"menu_order":30,"comment_status":"closed","ping_status":"closed","template":"","meta":{"ngg_post_thumbnail":0,"footnotes":""},"class_list":["post-45","page","type-page","status-publish","hentry"],"aioseo_notices":[],"_links":{"self":[{"href":"https:\/\/www.kakadudental.hu\/it\/wp-json\/wp\/v2\/pages\/45","targetHints":{"allow":["GET"]}}],"collection":[{"href":"https:\/\/www.kakadudental.hu\/it\/wp-json\/wp\/v2\/pages"}],"about":[{"href":"https:\/\/www.kakadudental.hu\/it\/wp-json\/wp\/v2\/types\/page"}],"author":[{"embeddable":true,"href":"https:\/\/www.kakadudental.hu\/it\/wp-json\/wp\/v2\/users\/1"}],"replies":[{"embeddable":true,"href":"https:\/\/www.kakadudental.hu\/it\/wp-json\/wp\/v2\/comments?post=45"}],"version-history":[{"count":3,"href":"https:\/\/www.kakadudental.hu\/it\/wp-json\/wp\/v2\/pages\/45\/revisions"}],"predecessor-version":[{"id":115,"href":"https:\/\/www.kakadudental.hu\/it\/wp-json\/wp\/v2\/pages\/45\/revisions\/115"}],"up":[{"embeddable":true,"href":"https:\/\/www.kakadudental.hu\/it\/wp-json\/wp\/v2\/pages\/13"}],"wp:attachment":[{"href":"https:\/\/www.kakadudental.hu\/it\/wp-json\/wp\/v2\/media?parent=45"}],"curies":[{"name":"wp","href":"https:\/\/api.w.org\/{rel}","templated":true}]}}