{"id":36,"date":"2016-06-13T09:40:38","date_gmt":"2016-06-13T09:40:38","guid":{"rendered":"http:\/\/www.kakadudental.hu\/hu\/?page_id=36"},"modified":"2016-06-13T14:13:04","modified_gmt":"2016-06-13T14:13:04","slug":"szajsebeszeti-beavatkozasok","status":"publish","type":"page","link":"https:\/\/www.kakadudental.hu\/it\/szolgaltatasaink\/szajsebeszeti-beavatkozasok\/","title":{"rendered":"(HU) Sz\u00e1jseb\u00e9szeti beavatkoz\u00e1sok"},"content":{"rendered":"<p class=\"qtranxs-available-languages-message qtranxs-available-languages-message-it\">Ci spiace, ma questo articolo \u00e8 disponibile soltanto in <a href=\"https:\/\/www.kakadudental.hu\/hu\/wp-json\/wp\/v2\/pages\/36\" class=\"qtranxs-available-language-link qtranxs-available-language-link-hu\" title=\"HU\">HU<\/a>, <a href=\"https:\/\/www.kakadudental.hu\/de\/wp-json\/wp\/v2\/pages\/36\" class=\"qtranxs-available-language-link qtranxs-available-language-link-de\" title=\"DE\">DE<\/a> e <a href=\"https:\/\/www.kakadudental.hu\/en\/wp-json\/wp\/v2\/pages\/36\" class=\"qtranxs-available-language-link qtranxs-available-language-link-en\" title=\"EN\">EN<\/a>.<\/p>","protected":false},"excerpt":{"rendered":"Ci spiace, ma questo articolo \u00e8 disponibile soltanto in HU, DE e EN.","protected":false},"author":1,"featured_media":0,"parent":13,"menu_order":28,"comment_status":"closed","ping_status":"closed","template":"","meta":{"ngg_post_thumbnail":0,"footnotes":""},"class_list":["post-36","page","type-page","status-publish","hentry"],"aioseo_notices":[],"_links":{"self":[{"href":"https:\/\/www.kakadudental.hu\/it\/wp-json\/wp\/v2\/pages\/36","targetHints":{"allow":["GET"]}}],"collection":[{"href":"https:\/\/www.kakadudental.hu\/it\/wp-json\/wp\/v2\/pages"}],"about":[{"href":"https:\/\/www.kakadudental.hu\/it\/wp-json\/wp\/v2\/types\/page"}],"author":[{"embeddable":true,"href":"https:\/\/www.kakadudental.hu\/it\/wp-json\/wp\/v2\/users\/1"}],"replies":[{"embeddable":true,"href":"https:\/\/www.kakadudental.hu\/it\/wp-json\/wp\/v2\/comments?post=36"}],"version-history":[{"count":5,"href":"https:\/\/www.kakadudental.hu\/it\/wp-json\/wp\/v2\/pages\/36\/revisions"}],"predecessor-version":[{"id":113,"href":"https:\/\/www.kakadudental.hu\/it\/wp-json\/wp\/v2\/pages\/36\/revisions\/113"}],"up":[{"embeddable":true,"href":"https:\/\/www.kakadudental.hu\/it\/wp-json\/wp\/v2\/pages\/13"}],"wp:attachment":[{"href":"https:\/\/www.kakadudental.hu\/it\/wp-json\/wp\/v2\/media?parent=36"}],"curies":[{"name":"wp","href":"https:\/\/api.w.org\/{rel}","templated":true}]}}