{"id":20,"date":"2016-06-13T09:10:25","date_gmt":"2016-06-13T09:10:25","guid":{"rendered":"http:\/\/www.kakadudental.hu\/hu\/?page_id=20"},"modified":"2017-01-15T17:05:28","modified_gmt":"2017-01-15T16:05:28","slug":"fogaszati-konzultacio","status":"publish","type":"page","link":"https:\/\/www.kakadudental.hu\/it\/szolgaltatasaink\/fogaszati-konzultacio\/","title":{"rendered":"(HU) Fog\u00e1szati konzult\u00e1ci\u00f3"},"content":{"rendered":"<p class=\"qtranxs-available-languages-message qtranxs-available-languages-message-it\">Ci spiace, ma questo articolo \u00e8 disponibile soltanto in <a href=\"https:\/\/www.kakadudental.hu\/hu\/wp-json\/wp\/v2\/pages\/20\" class=\"qtranxs-available-language-link qtranxs-available-language-link-hu\" title=\"HU\">HU<\/a>, <a href=\"https:\/\/www.kakadudental.hu\/de\/wp-json\/wp\/v2\/pages\/20\" class=\"qtranxs-available-language-link qtranxs-available-language-link-de\" title=\"DE\">DE<\/a> e <a href=\"https:\/\/www.kakadudental.hu\/en\/wp-json\/wp\/v2\/pages\/20\" class=\"qtranxs-available-language-link qtranxs-available-language-link-en\" title=\"EN\">EN<\/a>.<\/p>","protected":false},"excerpt":{"rendered":"Ci spiace, ma questo articolo \u00e8 disponibile soltanto in HU, DE e EN.","protected":false},"author":1,"featured_media":0,"parent":13,"menu_order":24,"comment_status":"closed","ping_status":"closed","template":"","meta":{"ngg_post_thumbnail":0,"footnotes":""},"class_list":["post-20","page","type-page","status-publish","hentry"],"aioseo_notices":[],"_links":{"self":[{"href":"https:\/\/www.kakadudental.hu\/it\/wp-json\/wp\/v2\/pages\/20","targetHints":{"allow":["GET"]}}],"collection":[{"href":"https:\/\/www.kakadudental.hu\/it\/wp-json\/wp\/v2\/pages"}],"about":[{"href":"https:\/\/www.kakadudental.hu\/it\/wp-json\/wp\/v2\/types\/page"}],"author":[{"embeddable":true,"href":"https:\/\/www.kakadudental.hu\/it\/wp-json\/wp\/v2\/users\/1"}],"replies":[{"embeddable":true,"href":"https:\/\/www.kakadudental.hu\/it\/wp-json\/wp\/v2\/comments?post=20"}],"version-history":[{"count":6,"href":"https:\/\/www.kakadudental.hu\/it\/wp-json\/wp\/v2\/pages\/20\/revisions"}],"predecessor-version":[{"id":197,"href":"https:\/\/www.kakadudental.hu\/it\/wp-json\/wp\/v2\/pages\/20\/revisions\/197"}],"up":[{"embeddable":true,"href":"https:\/\/www.kakadudental.hu\/it\/wp-json\/wp\/v2\/pages\/13"}],"wp:attachment":[{"href":"https:\/\/www.kakadudental.hu\/it\/wp-json\/wp\/v2\/media?parent=20"}],"curies":[{"name":"wp","href":"https:\/\/api.w.org\/{rel}","templated":true}]}}