{"id":92,"date":"2016-06-13T11:23:18","date_gmt":"2016-06-13T11:23:18","guid":{"rendered":"http:\/\/www.kakadudental.hu\/hu\/?page_id=92"},"modified":"2026-03-06T15:07:30","modified_gmt":"2026-03-06T14:07:30","slug":"kedvezmenyek","status":"publish","type":"page","link":"https:\/\/www.kakadudental.hu\/hu\/kedvezmenyek\/","title":{"rendered":"Kedvezm\u00e9nyek"},"content":{"rendered":"<p><div id=\"sidebar_right\">\n<img loading=\"lazy\" decoding=\"async\" src=\"\/wp-content\/gallery\/kedvezmenyek\/rontgen.jpg\" alt=\"rontgen\" width=\"200\" height=\"120\"><br>\n<img loading=\"lazy\" decoding=\"async\" src=\"\/wp-content\/gallery\/kedvezmenyek\/nagyitos.jpg\" alt=\"nagyitos\" width=\"200\" height=\"120\"><br>\n<img loading=\"lazy\" decoding=\"async\" class=\"last\" src=\"\/wp-content\/gallery\/kedvezmenyek\/fogekszer.jpg\" alt=\"fogekszer\" width=\"200\" height=\"131\"><br>\n<\/div>\n<\/p>\n<h2><strong>Ingyenes \u00e1llapotfelm\u00e9r\u00e9s + kezel\u00e9si terv \u00e9s \u00e1raj\u00e1nlat k\u00e9sz\u00edt\u00e9s!<\/strong><\/h2>\n<p>Telefonos vagy internetes bejelentkez\u00e9st k\u00f6vet\u0151en ingyenes \u00e1llapotfelm\u00e9r\u00e9sre, alapos vizsg\u00e1latra ker\u00fcl sor, majd CT &#8211; vagy \u00a0panor\u00e1ma- r\u00f6ntgenfelv\u00e9tel esetleges elk\u00e9sz\u00edt\u00e9se ut\u00e1n r\u00e9szletes kezel\u00e9si tervet \u00e9s \u00e1raj\u00e1nlatot k\u00e9sz\u00edt\u00fcnk\u00a0p\u00e1ciens\u00fcnknek. Amennyiben lehet\u0151s\u00e9g van r\u00e1, t\u00f6bbf\u00e9le megold\u00e1st is k\u00edn\u00e1lunk.<\/p>\n<p>Abban az esetben, ha m\u00e1r rendelkezel friss r\u00f6ntgenfelv\u00e9tellel, k\u00e9rj\u00fck k\u00fcld el azt sz\u00e1munkra postai \u00faton vagy interneten kereszt\u00fcl, \u00edgy szem\u00e9lyes konzult\u00e1ci\u00f3 n\u00e9lk\u00fcl is el tudjuk k\u00e9sz\u00edteni a szem\u00e9lyre szabott t\u00e1j\u00e9koztat\u00f3 aj\u00e1nlatunkat.<\/p>\n<h1><strong>1. Fogk\u0151elt\u00e1vol\u00edt\u00e1s +AirFlow +Pol\u00edroz\u00e1s +iTOP\u00a0 \u00a0 \u00a0 \u00a0 \u00a0 \u00a0 \u00a0 \u00a0 \u00a0 \u00a0 \u00a0 \u00a0 \u00a0 \u00a0 \u00a0 \u00a0<span style=\"font-size: 14pt;\">most <span style=\"color: #ff0000;\">csak 30.000,- Ft<\/span>.<\/span><\/strong><\/h1>\n<p>Dentalhigi\u00e9nikusi komplex szakell\u00e1t\u00e1s: ultrahangos fogk\u0151elt\u00e1vol\u00edt\u00e1s, Air-Flow &#8222;homokf\u00fav\u00f3s&#8221; elsz\u00ednez\u0151d\u00e9s elt\u00e1vol\u00edt\u00e1s s\u00f3gy\u00f6ngy\u00f6kkel \u00e9s pol\u00edroz\u00e1s, k\u00e1riesz detekt\u00e1l\u00e1s, iTOP tan\u00e1csad\u00e1s,<\/p>\n<p>Fel\u00e1rral ig\u00e9ny szerint: individu\u00e1lis sz\u00e1j\u00e1pol\u00e1si tr\u00e9ning, kismama sz\u00e1j\u00e1pol\u00e1si tan\u00e1csad\u00e1s<\/p>\n<h1><strong>2. H\u00f3feh\u00e9r fogak 1 \u00f3ra alatt<\/strong><\/h1>\n<ul>\n<li><strong>Nagyteljes\u00edtm\u00e9ny\u0171 LED l\u00e1mp\u00e1s, vagy h\u0151-aktiv\u00e1ci\u00f3s rendel\u0151i fogfeh\u00e9r\u00edt\u00e9ssel<\/strong><\/li>\n<li><strong>Fogzom\u00e1nc k\u00edm\u00e9l\u0151 elj\u00e1r\u00e1ssal<\/strong><\/li>\n<li><strong>Garant\u00e1ltan f\u00e1jdalommentesen<\/strong><\/li>\n<li><strong>Egyszeri kezel\u00e9ssel<\/strong><\/li>\n<li><b>Hosszan tart\u00f3\u00a0eredm\u00e9nyt biztos\u00edtva<\/b><\/li>\n<\/ul>\n<p><strong><span style=\"font-size: 14pt;\"> Lista\u00e1r: 80.000,- Ft\u00a0 \u00a0\u00a0<span style=\"color: #ff0000;\">Akci\u00f3s \u00e1r: 70.000,- Ft<\/span><\/span><\/strong><\/p>\n<p><strong><span style=\"font-size: 14pt;\"><span style=\"color: #ff0000;\">( amennyiben el\u0151tte a fogk\u0151elt\u00e1vol\u00edt\u00e1st is mi v\u00e9gezt\u00fcnk )\u00a0<\/span><\/span><\/strong><\/p>\n<h1><strong>3. Fog\u00e9kszer<\/strong><\/h1>\n<ul>\n<li>F\u00far\u00e1s n\u00e9lk\u00fcl, f\u00e1jdalommentesen, 3-5 perc alatt felhelyezhet\u0151 fogorvosi k\u00f6t\u0151anyaggal<\/li>\n<li>A fogra nem \u00e1rtalmas<\/li>\n<li>Party divat\u00e9kszerk\u00e9nt is hordhat\u00f3<\/li>\n<li>Ak\u00e1r egy \u00e9vig is viselhet\u0151<\/li>\n<li>B\u00e1rmikor nyomtalanul\u00a0elt\u00e1vol\u00edthat\u00f3 ( fogorovos \u00e1ltal)<\/li>\n<\/ul>\n<p><span style=\"font-size: 14pt;\"><strong> Lista\u00e1r: 25.000,- Ft<\/strong> <strong>most <span style=\"color: #ff0000;\">csak 15.000,- Ft<\/span><\/strong><\/span><\/p>\n<h2><strong>Fog\u00e1szati kezel\u00e9sek ak\u00e1r ingyenes sz\u00e1llodai ell\u00e1t\u00e1ssal!<\/strong><\/h2>\n<p>Fog\u00e1szati szolg\u00e1ltat\u00e1sainkat ig\u00e9nybe vev\u0151 p\u00e1cienseink\u00a0\u00e9s hozz\u00e1tartoz\u00f3ik sz\u00e1m\u00e1ra sz\u00e1llod\u00e1nkban, <strong>a Wellness Hotel Kakadu<\/strong>ban biztos\u00edtunk<strong> kedvezm\u00e9nyes sz\u00e1ll\u00e1slehet\u0151s\u00e9get<\/strong>, mely a fog\u00e1szati kezel\u00e9s \u00e9rt\u00e9k\u00e9t\u0151l f\u00fcgg\u0151en ak\u00e1r <strong>ingyenes is lehet<\/strong>.<\/p>\n<p>K\u00e9rjen r\u00e9szletes t\u00e1j\u00e9koztat\u00e1st, koll\u00e9g\u00e1ink \u00f6r\u00f6mmel \u00e1llnak az \u00d6n rendelkez\u00e9s\u00e9re!<\/p>\n<h2><strong>Ingyenes bel\u00e9p\u0151 a Wellness Vil\u00e1g\u00e1ba!<\/strong><\/h2>\n<p>Sz\u00e1llod\u00e1nk vend\u00e9gei korl\u00e1tlanul ig\u00e9nybe vehetik a fesz\u00edtett v\u00edzt\u00fckr\u0171, egzotikus n\u00f6v\u00e9nyekkel k\u00f6r\u00fcl\u00f6lelt fedett medenc\u00e9t, a pezsg\u0151f\u00fcrd\u0151t, aromakabint, g\u0151zkabint, szaun\u00e1t, infraszaun\u00e1t \u00e9s a cardio-g\u00e9peket.<\/p>\n<h2><strong>A Beauty Szalon \u00e1raib\u00f3l 15% kedvezm\u00e9ny!<\/strong><\/h2>\n<p>Tekintse meg a <strong><span style=\"text-decoration: underline;\">Wellness &amp; Beauty szolg\u00e1ltat\u00e1sait<\/span><\/strong> <strong><span style=\"text-decoration: underline;\">\u00e9s \u00e1rjegyz\u00e9k\u00e9t! <\/span><\/strong>A k\u00e9nyeztet\u0151 programok mindegyik\u00e9b\u0151l 15% \u00e1rkedvezm\u00e9nyt ny\u00fajtunk a fog\u00e1szati kezel\u00e9seket is ig\u00e9nybe vev\u0151 vend\u00e9geink r\u00e9sz\u00e9re.<\/p>\n<h2><strong>Kedvezm\u00e9nyes transzferlehet\u0151s\u00e9g!<\/strong><\/h2>\n<p>Amennyiben \u00d6n rep\u00fcl\u0151vel, vonattal vagy busszal \u00e9rkezik hozz\u00e1nk, kedvezm\u00e9nyes transzfert biztos\u00edtunk a rep\u00fcl\u0151t\u00e9rr\u0151l, p\u00e1lyaudvarr\u00f3l sz\u00e1llod\u00e1nkig.<\/p>\n<p><strong>Az el\u0151zetes \u00e9rdekl\u0151d\u00e9s \u00e9s \u00fatvonaltervez\u00e9s ut\u00e1n \u00e1raj\u00e1nlatot k\u00fcld\u00fcnk \u00d6nnek, amely alapj\u00e1n eld\u00f6ntheti, hogy k\u00edv\u00e1nja-e ig\u00e9nybe venni h\u00e1zhoz sz\u00e1ll\u00edt\u00f3 szolg\u00e1ltat\u00e1sunkat.<\/strong><\/p>","protected":false},"excerpt":{"rendered":"Ingyenes \u00e1llapotfelm\u00e9r\u00e9s + kezel\u00e9si terv \u00e9s \u00e1raj\u00e1nlat k\u00e9sz\u00edt\u00e9s! Telefonos vagy internetes bejelentkez\u00e9st k\u00f6vet\u0151en ingyenes \u00e1llapotfelm\u00e9r\u00e9sre, alapos vizsg\u00e1latra ker\u00fcl sor, majd CT &#8211; vagy \u00a0panor\u00e1ma- r\u00f6ntgenfelv\u00e9tel esetleges elk\u00e9sz\u00edt\u00e9se ut\u00e1n r\u00e9szletes kezel\u00e9si tervet \u00e9s \u00e1raj\u00e1nlatot k\u00e9sz\u00edt\u00fcnk\u00a0p\u00e1ciens\u00fcnknek. Amennyiben lehet\u0151s\u00e9g van r\u00e1, t\u00f6bbf\u00e9le megold\u00e1st is k\u00edn\u00e1lunk. Abban az esetben, ha m\u00e1r rendelkezel friss r\u00f6ntgenfelv\u00e9tellel, k\u00e9rj\u00fck k\u00fcld el azt sz\u00e1munkra&#8230; <a class=\"view-article\" href=\"https:\/\/www.kakadudental.hu\/hu\/kedvezmenyek\/\">Tartalom Megtekint\u00e9se<\/a>","protected":false},"author":1,"featured_media":93,"parent":0,"menu_order":11,"comment_status":"closed","ping_status":"closed","template":"","meta":{"ngg_post_thumbnail":0,"footnotes":""},"class_list":["post-92","page","type-page","status-publish","has-post-thumbnail","hentry"],"aioseo_notices":[],"_links":{"self":[{"href":"https:\/\/www.kakadudental.hu\/hu\/wp-json\/wp\/v2\/pages\/92","targetHints":{"allow":["GET"]}}],"collection":[{"href":"https:\/\/www.kakadudental.hu\/hu\/wp-json\/wp\/v2\/pages"}],"about":[{"href":"https:\/\/www.kakadudental.hu\/hu\/wp-json\/wp\/v2\/types\/page"}],"author":[{"embeddable":true,"href":"https:\/\/www.kakadudental.hu\/hu\/wp-json\/wp\/v2\/users\/1"}],"replies":[{"embeddable":true,"href":"https:\/\/www.kakadudental.hu\/hu\/wp-json\/wp\/v2\/comments?post=92"}],"version-history":[{"count":22,"href":"https:\/\/www.kakadudental.hu\/hu\/wp-json\/wp\/v2\/pages\/92\/revisions"}],"predecessor-version":[{"id":344,"href":"https:\/\/www.kakadudental.hu\/hu\/wp-json\/wp\/v2\/pages\/92\/revisions\/344"}],"wp:featuredmedia":[{"embeddable":true,"href":"https:\/\/www.kakadudental.hu\/hu\/wp-json\/wp\/v2\/media\/93"}],"wp:attachment":[{"href":"https:\/\/www.kakadudental.hu\/hu\/wp-json\/wp\/v2\/media?parent=92"}],"curies":[{"name":"wp","href":"https:\/\/api.w.org\/{rel}","templated":true}]}}