{"id":85,"date":"2016-06-13T11:11:02","date_gmt":"2016-06-13T11:11:02","guid":{"rendered":"http:\/\/www.kakadudental.hu\/hu\/?page_id=85"},"modified":"2024-06-17T14:58:03","modified_gmt":"2024-06-17T12:58:03","slug":"kapcsolat","status":"publish","type":"page","link":"https:\/\/www.kakadudental.hu\/hu\/kapcsolat\/","title":{"rendered":"Kapcsolat"},"content":{"rendered":"<p><\/p>\n<h2>Kakadu Dental<\/h2>\n<p><strong>C\u00edm\u00fcnk:<\/strong> Keszthely, P\u00e1zm\u00e1ny P\u00e9ter u. 14<\/p>\n<h2><strong>Telefon: +36-30-9930-414<\/strong><\/h2>\n<h2><strong>E-mail:<\/strong> <a href=\"mailto:i&#110;&#102;&#111;&#64;&#107;&#97;k&#97;du&#100;e&#110;tal.&#104;u\">&#105;&#110;fo&#64;k&#97;ka&#100;&#117;d&#101;&#110;t&#97;&#108;.hu<\/a><\/h2>\n<p>H\u00edvj benn\u00fcnket b\u00e1tran! Egyeztess konzult\u00e1ci\u00f3s id\u0151pontot\u00a0vel\u00fcnk\u00a0a\u00a0fenti el\u00e9rhet\u0151s\u00e9geken!<\/p>\n<p>Jelentkezz be ingyenes \u00e1llapotfelm\u00e9r\u00e9sre, tan\u00e1csad\u00e1sra, k\u00f6lts\u00e9gmentesen kezel\u00e9si tervet \u00e9s \u00e1raj\u00e1nlatot k\u00e9sz\u00edt\u00fcnk sz\u00e1modra!<\/p>\n<p>A \u201eBejelentkez\u00e9s\u201d men\u00fcponton kereszt\u00fcl is kapcsolatba l\u00e9phetsz vel\u00fcnk, id\u0151pontot k\u00e9rhetsz az \u0171rlap kit\u00f6lt\u00e9s\u00e9vel is!<\/p>\n\n<p><a href=\"https:\/\/www.google.com\/maps\/place\/Wellness+Hotel+Kakadu***superior\/@46.800529,17.265358,12z\/data=!4m2!3m1!1s0x47691d56b2cb4041:0xd666e819fdc85370?hl=hu\" target=\"_blank\">Megnyit\u00e1s k\u00fcl\u00f6n ablakban<\/a><\/p>","protected":false},"excerpt":{"rendered":"Kakadu Dental C\u00edm\u00fcnk: Keszthely, P\u00e1zm\u00e1ny P\u00e9ter u. 14 Telefon: +36-30-9930-414 E-mail: H\u00edvj benn\u00fcnket b\u00e1tran! Egyeztess konzult\u00e1ci\u00f3s id\u0151pontot\u00a0vel\u00fcnk\u00a0a\u00a0fenti el\u00e9rhet\u0151s\u00e9geken! Jelentkezz be ingyenes \u00e1llapotfelm\u00e9r\u00e9sre, tan\u00e1csad\u00e1sra, k\u00f6lts\u00e9gmentesen kezel\u00e9si tervet \u00e9s \u00e1raj\u00e1nlatot k\u00e9sz\u00edt\u00fcnk sz\u00e1modra! A \u201eBejelentkez\u00e9s\u201d men\u00fcponton kereszt\u00fcl is kapcsolatba l\u00e9phetsz vel\u00fcnk, id\u0151pontot k\u00e9rhetsz az \u0171rlap kit\u00f6lt\u00e9s\u00e9vel is! Megnyit\u00e1s k\u00fcl\u00f6n ablakban","protected":false},"author":1,"featured_media":88,"parent":0,"menu_order":10,"comment_status":"closed","ping_status":"closed","template":"","meta":{"ngg_post_thumbnail":0,"footnotes":""},"class_list":["post-85","page","type-page","status-publish","has-post-thumbnail","hentry"],"aioseo_notices":[],"_links":{"self":[{"href":"https:\/\/www.kakadudental.hu\/hu\/wp-json\/wp\/v2\/pages\/85","targetHints":{"allow":["GET"]}}],"collection":[{"href":"https:\/\/www.kakadudental.hu\/hu\/wp-json\/wp\/v2\/pages"}],"about":[{"href":"https:\/\/www.kakadudental.hu\/hu\/wp-json\/wp\/v2\/types\/page"}],"author":[{"embeddable":true,"href":"https:\/\/www.kakadudental.hu\/hu\/wp-json\/wp\/v2\/users\/1"}],"replies":[{"embeddable":true,"href":"https:\/\/www.kakadudental.hu\/hu\/wp-json\/wp\/v2\/comments?post=85"}],"version-history":[{"count":17,"href":"https:\/\/www.kakadudental.hu\/hu\/wp-json\/wp\/v2\/pages\/85\/revisions"}],"predecessor-version":[{"id":265,"href":"https:\/\/www.kakadudental.hu\/hu\/wp-json\/wp\/v2\/pages\/85\/revisions\/265"}],"wp:featuredmedia":[{"embeddable":true,"href":"https:\/\/www.kakadudental.hu\/hu\/wp-json\/wp\/v2\/media\/88"}],"wp:attachment":[{"href":"https:\/\/www.kakadudental.hu\/hu\/wp-json\/wp\/v2\/media?parent=85"}],"curies":[{"name":"wp","href":"https:\/\/api.w.org\/{rel}","templated":true}]}}