{"id":82,"date":"2016-06-13T11:09:03","date_gmt":"2016-06-13T11:09:03","guid":{"rendered":"http:\/\/www.kakadudental.hu\/hu\/?page_id=82"},"modified":"2024-09-09T10:29:39","modified_gmt":"2024-09-09T08:29:39","slug":"bejelentkezes","status":"publish","type":"page","link":"https:\/\/www.kakadudental.hu\/hu\/bejelentkezes\/","title":{"rendered":"Bejelentkez\u00e9s"},"content":{"rendered":"<p>Amennyiben id\u0151pontot szeretn\u00e9l k\u00e9rni t\u0151l\u00fcnk, vagy fog\u00e1szati kezel\u00e9seinkkel, eg\u00e9szs\u00e9g\u00fcgyi szolg\u00e1ltat\u00e1sainkkal kapcsolatosan k\u00e9rd\u00e9seid lenn\u00e9nek, h\u00edvd koll\u00e9g\u00e1inkat a <strong>+36-30-9930-414<\/strong>\u00a0telefonsz\u00e1mon, vagy t\u00f6ltsd ki bejelentkez\u00e9si \u0171rlapunkat, \u00e9s mi telefonon vagy emailben felvessz\u00fck veled a kapcsolatot.<\/p>\n<p>\n<div class=\"wpcf7 no-js\" id=\"wpcf7-f17-o1\" lang=\"hu-HU\" dir=\"ltr\" data-wpcf7-id=\"17\">\n<div class=\"screen-reader-response\"><p role=\"status\" aria-live=\"polite\" aria-atomic=\"true\"><\/p> <ul><\/ul><\/div>\n<form action=\"\/hu\/wp-json\/wp\/v2\/pages\/82#wpcf7-f17-o1\" method=\"post\" class=\"wpcf7-form init\" aria-label=\"Kapcsolatfelv\u00e9teli \u0171rlap\" novalidate=\"novalidate\" data-status=\"init\">\n<fieldset class=\"hidden-fields-container\"><input type=\"hidden\" name=\"_wpcf7\" value=\"17\" \/><input type=\"hidden\" name=\"_wpcf7_version\" value=\"6.1.4\" \/><input type=\"hidden\" name=\"_wpcf7_locale\" value=\"hu_HU\" \/><input type=\"hidden\" name=\"_wpcf7_unit_tag\" value=\"wpcf7-f17-o1\" \/><input type=\"hidden\" name=\"_wpcf7_container_post\" value=\"0\" \/><input type=\"hidden\" name=\"_wpcf7_posted_data_hash\" value=\"\" \/>\n<\/fieldset>\n<h2>Online id\u0151pont egyeztet\u00e9s\n<\/h2>\n<div class=\"row half\">\n\t<p><label>N\u00e9v:<\/label><span class=\"wpcf7-form-control-wrap\" data-name=\"your-name\"><input size=\"40\" maxlength=\"400\" class=\"wpcf7-form-control wpcf7-text wpcf7-validates-as-required\" aria-required=\"true\" aria-invalid=\"false\" value=\"\" type=\"text\" name=\"your-name\" \/><\/span>\n\t<\/p>\n<\/div>\n<div class=\"row half\">\n\t<p><label>Orsz\u00e1g:<\/label><span class=\"wpcf7-form-control-wrap\" data-name=\"your-country\"><select class=\"wpcf7-form-control wpcf7-select\" aria-invalid=\"false\" name=\"your-country\"><option value=\"Magyarorsz\u00e1g\">Magyarorsz\u00e1g<\/option><option value=\"Schweiz\">Schweiz<\/option><option value=\"Deutschland\">Deutschland<\/option><option value=\"\u00d6sterreich\">\u00d6sterreich<\/option><option value=\"Italia\">Italia<\/option><option value=\"UK\">UK<\/option><option value=\"egy\u00e9b\">egy\u00e9b<\/option><\/select><\/span>\n\t<\/p>\n<\/div>\n<div class=\"row half\">\n\t<p><label>C\u00edm:<\/label><span class=\"wpcf7-form-control-wrap\" data-name=\"your-address\"><input size=\"40\" maxlength=\"400\" class=\"wpcf7-form-control wpcf7-text wpcf7-validates-as-required\" aria-required=\"true\" aria-invalid=\"false\" value=\"\" type=\"text\" name=\"your-address\" \/><\/span>\n\t<\/p>\n<\/div>\n<div class=\"row half\">\n\t<p><label>Telefon:<\/label><span class=\"wpcf7-form-control-wrap\" data-name=\"your-phone\"><input size=\"40\" maxlength=\"400\" class=\"wpcf7-form-control wpcf7-tel wpcf7-text wpcf7-validates-as-tel\" aria-invalid=\"false\" value=\"\" type=\"tel\" name=\"your-phone\" \/><\/span>\n\t<\/p>\n<\/div>\n<div class=\"row half\">\n\t<p><label>Telep\u00fcl\u00e9s:<\/label><span class=\"wpcf7-form-control-wrap\" data-name=\"your-settlement\"><input size=\"40\" maxlength=\"400\" class=\"wpcf7-form-control wpcf7-text wpcf7-validates-as-required\" aria-required=\"true\" aria-invalid=\"false\" value=\"\" type=\"text\" name=\"your-settlement\" \/><\/span>\n\t<\/p>\n<\/div>\n<div class=\"row half\">\n\t<p><label>Fax:<\/label><span class=\"wpcf7-form-control-wrap\" data-name=\"your-fax\"><input size=\"40\" maxlength=\"400\" class=\"wpcf7-form-control wpcf7-tel wpcf7-text wpcf7-validates-as-tel\" aria-invalid=\"false\" value=\"\" type=\"tel\" name=\"your-fax\" \/><\/span>\n\t<\/p>\n<\/div>\n<div class=\"row half\">\n\t<p><label>Ir\u00e1ny\u00edt\u00f3sz\u00e1m:<\/label><span class=\"wpcf7-form-control-wrap\" data-name=\"your-zip\"><input class=\"wpcf7-form-control wpcf7-number wpcf7-validates-as-required wpcf7-validates-as-number\" aria-required=\"true\" aria-invalid=\"false\" value=\"\" type=\"number\" name=\"your-zip\" \/><\/span>\n\t<\/p>\n<\/div>\n<div class=\"row half\">\n\t<p><label>E-mail:<\/label><span class=\"wpcf7-form-control-wrap\" data-name=\"your-email\"><input size=\"40\" maxlength=\"400\" class=\"wpcf7-form-control wpcf7-email wpcf7-validates-as-required wpcf7-text wpcf7-validates-as-email\" aria-required=\"true\" aria-invalid=\"false\" value=\"\" type=\"email\" name=\"your-email\" \/><\/span>\n\t<\/p>\n<\/div>\n<div class=\"row\">\n\t<p><label>Panasz:<\/label><span class=\"wpcf7-form-control-wrap\" data-name=\"your-complaint\"><textarea cols=\"40\" rows=\"10\" maxlength=\"2000\" class=\"wpcf7-form-control wpcf7-textarea\" aria-invalid=\"false\" name=\"your-complaint\"><\/textarea><\/span>\n\t<\/p>\n<\/div>\n<div class=\"row half\">\n\t<p><label>K\u00edv\u00e1nt id\u0151pont:<\/label><span class=\"wpcf7-form-control-wrap\" data-name=\"your-time\"><input class=\"wpcf7-form-control wpcf7-date wpcf7-validates-as-required wpcf7-validates-as-date\" aria-required=\"true\" aria-invalid=\"false\" value=\"\" type=\"date\" name=\"your-time\" \/><\/span>\n\t<\/p>\n<\/div>\n<div class=\"row half\">\n\t<p><label>\u00c9letkor:<\/label><span class=\"wpcf7-form-control-wrap\" data-name=\"your-age\"><input class=\"wpcf7-form-control wpcf7-number wpcf7-validates-as-required wpcf7-validates-as-number\" aria-required=\"true\" aria-invalid=\"false\" value=\"\" type=\"number\" name=\"your-age\" \/><\/span>\n\t<\/p>\n<\/div>\n<div class=\"row\">\n\t<p><label>Megjegyz\u00e9s:<\/label><span class=\"wpcf7-form-control-wrap\" data-name=\"your-note\"><textarea cols=\"40\" rows=\"10\" maxlength=\"2000\" class=\"wpcf7-form-control wpcf7-textarea\" aria-invalid=\"false\" name=\"your-note\"><\/textarea><\/span>\n\t<\/p>\n<\/div>\n<div class=\"row\">\n\t<p><input class=\"wpcf7-form-control wpcf7-submit has-spinner\" type=\"submit\" value=\"K\u00fcld\u00e9s\" \/>\n\t<\/p>\n<\/div>\n<div class=\"clear\">\n<\/div><div class=\"wpcf7-response-output\" aria-hidden=\"true\"><\/div>\n<\/form>\n<\/div>\n<\/p>","protected":false},"excerpt":{"rendered":"Amennyiben id\u0151pontot szeretn\u00e9l k\u00e9rni t\u0151l\u00fcnk, vagy fog\u00e1szati kezel\u00e9seinkkel, eg\u00e9szs\u00e9g\u00fcgyi szolg\u00e1ltat\u00e1sainkkal kapcsolatosan k\u00e9rd\u00e9seid lenn\u00e9nek, h\u00edvd koll\u00e9g\u00e1inkat a +36-30-9930-414\u00a0telefonsz\u00e1mon, vagy t\u00f6ltsd ki bejelentkez\u00e9si \u0171rlapunkat, \u00e9s mi telefonon vagy emailben felvessz\u00fck veled a kapcsolatot.","protected":false},"author":1,"featured_media":90,"parent":0,"menu_order":9,"comment_status":"closed","ping_status":"closed","template":"","meta":{"ngg_post_thumbnail":0,"footnotes":""},"class_list":["post-82","page","type-page","status-publish","has-post-thumbnail","hentry"],"aioseo_notices":[],"_links":{"self":[{"href":"https:\/\/www.kakadudental.hu\/hu\/wp-json\/wp\/v2\/pages\/82","targetHints":{"allow":["GET"]}}],"collection":[{"href":"https:\/\/www.kakadudental.hu\/hu\/wp-json\/wp\/v2\/pages"}],"about":[{"href":"https:\/\/www.kakadudental.hu\/hu\/wp-json\/wp\/v2\/types\/page"}],"author":[{"embeddable":true,"href":"https:\/\/www.kakadudental.hu\/hu\/wp-json\/wp\/v2\/users\/1"}],"replies":[{"embeddable":true,"href":"https:\/\/www.kakadudental.hu\/hu\/wp-json\/wp\/v2\/comments?post=82"}],"version-history":[{"count":10,"href":"https:\/\/www.kakadudental.hu\/hu\/wp-json\/wp\/v2\/pages\/82\/revisions"}],"predecessor-version":[{"id":276,"href":"https:\/\/www.kakadudental.hu\/hu\/wp-json\/wp\/v2\/pages\/82\/revisions\/276"}],"wp:featuredmedia":[{"embeddable":true,"href":"https:\/\/www.kakadudental.hu\/hu\/wp-json\/wp\/v2\/media\/90"}],"wp:attachment":[{"href":"https:\/\/www.kakadudental.hu\/hu\/wp-json\/wp\/v2\/media?parent=82"}],"curies":[{"name":"wp","href":"https:\/\/api.w.org\/{rel}","templated":true}]}}