{"id":77,"date":"2016-06-13T11:06:04","date_gmt":"2016-06-13T11:06:04","guid":{"rendered":"http:\/\/www.kakadudental.hu\/hu\/?page_id=77"},"modified":"2017-01-15T18:02:28","modified_gmt":"2017-01-15T17:02:28","slug":"szallodank","status":"publish","type":"page","link":"https:\/\/www.kakadudental.hu\/hu\/szallodank\/","title":{"rendered":"Sz\u00e1llod\u00e1nk"},"content":{"rendered":"<p><div id=\"sidebar_right\">\n<img loading=\"lazy\" decoding=\"async\" src=\"\/wp-content\/gallery\/szallodank\/medence_naranccsal.jpg\" alt=\"medence_naranccsal\" width=\"200\" height=\"120\"><br>\n<img loading=\"lazy\" decoding=\"async\" src=\"\/wp-content\/gallery\/szallodank\/etterem.jpg\" alt=\"etterem\" width=\"200\" height=\"120\"><br>\n<img loading=\"lazy\" decoding=\"async\" src=\"\/wp-content\/gallery\/szallodank\/szoba.jpg\" alt=\"szoba\" width=\"200\" height=\"120\"><br>\n<img loading=\"lazy\" decoding=\"async\" src=\"\/wp-content\/gallery\/szallodank\/szoba1.jpg\" alt=\"szoba1\" width=\"200\" height=\"120\"><br>\n<img loading=\"lazy\" decoding=\"async\" src=\"\/wp-content\/gallery\/szallodank\/reggeli.jpg\" alt=\"reggeli\" width=\"200\" height=\"120\"><br>\n<img loading=\"lazy\" decoding=\"async\" src=\"\/wp-content\/gallery\/szallodank\/bar.jpg\" alt=\"bar\" width=\"200\" height=\"120\"><br>\n<img loading=\"lazy\" decoding=\"async\" class=\"last\" src=\"\/wp-content\/gallery\/szallodank\/medence2.jpg\" alt=\"medence2\" width=\"200\" height=\"120\"><br>\n<\/div>\n<\/p>\n<h2>Wellness Hotel KAKADU*** <span style=\"font-size: 10pt;\">superior<\/span><\/h2>\n<h3><a href=\"http:\/\/www.kakaduhotel.hu\/hu\/\" target=\"_blank\" rel=\"nofollow\">www.kakaduhotel.hu<\/a><\/h3>\n<p>Fog\u00e1szati szolg\u00e1ltat\u00e1sainkat ig\u00e9nybevev\u0151 p\u00e1cienseink sz\u00e1m\u00e1ra sz\u00e1llod\u00e1nkban kedvezm\u00e9nyes sz\u00e1ll\u00e1slehet\u0151s\u00e9get biztos\u00edtunk.<\/p>\n<h2>A szob\u00e1k felszerelts\u00e9ge:<\/h2>\n<ul>\n<li>francia\u00e1gy<\/li>\n<li>TV, telefon, \u00e9breszt\u0151\u00f3r\u00e1s r\u00e1di\u00f3<\/li>\n<li>h\u0171t\u0151szekr\u00e9ny<\/li>\n<li>minikonyha<\/li>\n<li>b\u00fatorsz\u00e9f<\/li>\n<li>zuhany, WC, hajsz\u00e1r\u00edt\u00f3<\/li>\n<li>erk\u00e9ly<\/li>\n<\/ul>\n<h2>A fog\u00e1szati p\u00e1cienseink\u00a0sz\u00e1m\u00e1ra a szoba\u00e1r a k\u00f6vetkez\u0151ket tartalmazza:<\/h2>\n<ul>\n<li>sv\u00e9dasztalos reggeli<\/li>\n<li>korl\u00e1tlan Wellness \u2013 Club haszn\u00e1lat: f\u0171t\u00f6tt medence, pezsg\u0151f\u00fcrd\u0151, finn szauna, infraszauna, g\u0151zkabin<\/li>\n<li>Wi-Fi internet hozz\u00e1f\u00e9r\u00e9s<\/li>\n<li>z\u00e1rt parkol\u00f3<\/li>\n<li>ingyenes fog\u00e1szati \u00e1llapotfelm\u00e9r\u00e9s, tan\u00e1csad\u00e1s, kezel\u00e9si terv \u00e9s \u00e1raj\u00e1nlat &#8211; k\u00e9sz\u00edt\u00e9s<\/li>\n<\/ul>\n<h2>Ig\u00e9nyelhet\u0151 szolg\u00e1ltat\u00e1sok:<\/h2>\n<ul>\n<li>Sz\u00e9ps\u00e9gprogramok: kozmetikai szolg\u00e1ltat\u00e1sok, keleti \u00e9s hagyom\u00e1nyos massz\u00e1zsok,<\/li>\n<li>arc \u2013 \u00e9s testkezel\u00e9sek<\/li>\n<li>pedik\u0171r, manik\u0171r<\/li>\n<li>f\u00fcrd\u0151k\u00f6peny<\/li>\n<li>fakultat\u00edv programszervez\u00e9s<\/li>\n<li>kedvezm\u00e9nyes transzfer a rept\u00e9rr\u0151l, p\u00e1lyaudvarr\u00f3l sz\u00e1llod\u00e1nkig<\/li>\n<\/ul>\n<p>Tov\u00e1bbi inform\u00e1ci\u00f3k\u00e9rt k\u00e9rj\u00fck, tekintse meg sz\u00e1llod\u00e1nk honlapj\u00e1t!<\/p>\n<p><a href=\"http:\/\/www.kakaduhotel.hu\/hu\/\" target=\"_blank\" rel=\"nofollow\">www.kakaduhotel.hu<\/a><\/p>","protected":false},"excerpt":{"rendered":"Wellness Hotel KAKADU*** superior www.kakaduhotel.hu Fog\u00e1szati szolg\u00e1ltat\u00e1sainkat ig\u00e9nybevev\u0151 p\u00e1cienseink sz\u00e1m\u00e1ra sz\u00e1llod\u00e1nkban kedvezm\u00e9nyes sz\u00e1ll\u00e1slehet\u0151s\u00e9get biztos\u00edtunk. A szob\u00e1k felszerelts\u00e9ge: francia\u00e1gy TV, telefon, \u00e9breszt\u0151\u00f3r\u00e1s r\u00e1di\u00f3 h\u0171t\u0151szekr\u00e9ny minikonyha b\u00fatorsz\u00e9f zuhany, WC, hajsz\u00e1r\u00edt\u00f3 erk\u00e9ly A fog\u00e1szati p\u00e1cienseink\u00a0sz\u00e1m\u00e1ra a szoba\u00e1r a k\u00f6vetkez\u0151ket tartalmazza: sv\u00e9dasztalos reggeli korl\u00e1tlan Wellness \u2013 Club haszn\u00e1lat: f\u0171t\u00f6tt medence, pezsg\u0151f\u00fcrd\u0151, finn szauna, infraszauna, g\u0151zkabin Wi-Fi internet hozz\u00e1f\u00e9r\u00e9s z\u00e1rt&#8230; <a class=\"view-article\" href=\"https:\/\/www.kakadudental.hu\/hu\/szallodank\/\">Tartalom Megtekint\u00e9se<\/a>","protected":false},"author":1,"featured_media":78,"parent":0,"menu_order":8,"comment_status":"closed","ping_status":"closed","template":"","meta":{"ngg_post_thumbnail":0,"footnotes":""},"class_list":["post-77","page","type-page","status-publish","has-post-thumbnail","hentry"],"aioseo_notices":[],"_links":{"self":[{"href":"https:\/\/www.kakadudental.hu\/hu\/wp-json\/wp\/v2\/pages\/77","targetHints":{"allow":["GET"]}}],"collection":[{"href":"https:\/\/www.kakadudental.hu\/hu\/wp-json\/wp\/v2\/pages"}],"about":[{"href":"https:\/\/www.kakadudental.hu\/hu\/wp-json\/wp\/v2\/types\/page"}],"author":[{"embeddable":true,"href":"https:\/\/www.kakadudental.hu\/hu\/wp-json\/wp\/v2\/users\/1"}],"replies":[{"embeddable":true,"href":"https:\/\/www.kakadudental.hu\/hu\/wp-json\/wp\/v2\/comments?post=77"}],"version-history":[{"count":4,"href":"https:\/\/www.kakadudental.hu\/hu\/wp-json\/wp\/v2\/pages\/77\/revisions"}],"predecessor-version":[{"id":209,"href":"https:\/\/www.kakadudental.hu\/hu\/wp-json\/wp\/v2\/pages\/77\/revisions\/209"}],"wp:featuredmedia":[{"embeddable":true,"href":"https:\/\/www.kakadudental.hu\/hu\/wp-json\/wp\/v2\/media\/78"}],"wp:attachment":[{"href":"https:\/\/www.kakadudental.hu\/hu\/wp-json\/wp\/v2\/media?parent=77"}],"curies":[{"name":"wp","href":"https:\/\/api.w.org\/{rel}","templated":true}]}}