{"id":63,"date":"2016-06-13T10:16:48","date_gmt":"2016-06-13T10:16:48","guid":{"rendered":"http:\/\/www.kakadudental.hu\/hu\/?page_id=63"},"modified":"2016-06-14T08:28:49","modified_gmt":"2016-06-14T08:28:49","slug":"dental-het","status":"publish","type":"page","link":"https:\/\/www.kakadudental.hu\/hu\/dental-het\/","title":{"rendered":"Dental-h\u00e9t"},"content":{"rendered":"<p><div id=\"sidebar_right\">\n<img loading=\"lazy\" decoding=\"async\" src=\"\/wp-content\/gallery\/dental\/mozaik.jpg\" alt=\"mozaik\" width=\"200\" height=\"120\"><br>\n<img loading=\"lazy\" decoding=\"async\" src=\"\/wp-content\/gallery\/dental\/medenceh.jpg\" alt=\"medenceh\" width=\"200\" height=\"120\"><br>\n<img loading=\"lazy\" decoding=\"async\" src=\"\/wp-content\/gallery\/dental\/pezsgofur.jpg\" alt=\"pezsgofur\" width=\"200\" height=\"120\"><br>\n<img loading=\"lazy\" decoding=\"async\" src=\"\/wp-content\/gallery\/dental\/kastelypark.jpg\" alt=\"kastelypark\" width=\"200\" height=\"120\"><br>\n<img loading=\"lazy\" decoding=\"async\" src=\"\/wp-content\/gallery\/dental\/szigetfur.jpg\" alt=\"szigetfur\" width=\"200\" height=\"120\"><br>\n<img loading=\"lazy\" decoding=\"async\" src=\"\/wp-content\/gallery\/dental\/vitorlasv.jpg\" alt=\"vitorlasv\" width=\"200\" height=\"120\"><br>\n<img loading=\"lazy\" decoding=\"async\" src=\"\/wp-content\/gallery\/dental\/kerekparo.jpg\" alt=\"kerekparo\" width=\"200\" height=\"120\"><br>\n<img loading=\"lazy\" decoding=\"async\" src=\"\/wp-content\/gallery\/dental\/hevitito.jpg\" alt=\"hevitito\" width=\"200\" height=\"120\"><br>\n<img loading=\"lazy\" decoding=\"async\" src=\"\/wp-content\/gallery\/dental\/szigliget.jpg\" alt=\"szigliget\" width=\"200\" height=\"120\"><br>\n<img loading=\"lazy\" decoding=\"async\" class=\"last\" src=\"\/wp-content\/gallery\/dental\/poharbor.jpg\" alt=\"poharbor\" width=\"200\" height=\"120\"><br>\n<\/div>\n<\/p>\n<h2>\u2026ha egy kis pihen\u00e9sre f\u00e1j a foga<\/h2>\n<h3>K\u00f6sse \u00f6ssze fog\u00e1szati kezel\u00e9seit egy kellemes balatoni pihen\u00e9ssel!<\/h3>\n<p>Az al\u00e1bbi programaj\u00e1nlatokkal szeretn\u00e9nk seg\u00edts\u00e9get ny\u00fajtani a fog\u00e1szati kezel\u00e9sek k\u00f6z\u00f6tti szabadid\u0151 megtervez\u00e9s\u00e9hez, kellemes elt\u00f6lt\u00e9s\u00e9hez.<\/p>\n<h2>Wellness Hotel KAKADU aj\u00e1nlata:<\/h2>\n<p>Sz\u00e1llod\u00e1nkban fedett medence, pezsg\u0151f\u00fcrd\u0151, szauna, infraszauna, g\u0151zkabin, aromakabin, szol\u00e1rium, fittnessg\u00e9pek biztos\u00edtj\u00e1k vend\u00e9geink sz\u00e1m\u00e1ra a felfriss\u00fcl\u00e9st, teljes ellazul\u00e1st.Beauty r\u00e9szleg\u00fcnk pedig az arc- \u00e9s testkezel\u00e9sek sz\u00ednes v\u00e1laszt\u00e9k\u00e1val,  hagyom\u00e1nyos \u00e9s keleti massz\u00e1zstechnik\u00e1kkal ( ajurv\u00e9da, shiatzu, nyirokmassz\u00e1zs, akupressz\u00far\u00e1s kezel\u00e9sek, thalassoter\u00e1pi\u00e1s testkezel\u00e9sek) \u00e9s k\u00fcl\u00f6nlegeskozmetikai beauty programokkal v\u00e1rja a sz\u00e9p\u00fclni v\u00e1gy\u00f3kat.<\/p>\n<p>Tekintse meg a Beauty Szalon  r\u00e9szletes szolg\u00e1ltat\u00e1s-  \u00e9s \u00e1rlist\u00e1j\u00e1t!<\/p>\n<h2>Keszthely, v\u00e1rosunk programaj\u00e1nlata:<\/h2>\n<p>A Festeticsek v\u00e1ros\u00e1ban az ide l\u00e1togat\u00f3 vend\u00e9geket egyszerre \u00e9rintheti meg a m\u00falt eml\u00e9keit id\u00e9z\u0151 \u00e9p\u00fcletek \u00e9s a v\u00e1rost k\u00f6r\u00fcl\u00f6lel\u0151 csod\u00e1latos term\u00e9szeti k\u00f6rnyezet var\u00e1zsa. V\u00e1rosunkban a patin\u00e1s \u00e9p\u00fcletek k\u00f6z\u00f6tt tett s\u00e9ta mellett sz\u00e1mos leny\u0171g\u00f6z\u0151en \u00e9rdekes l\u00e1tnival\u00f3val \u00e9s kultur\u00e1lis programmal kedvesked\u00fcnk vend\u00e9geinknek.<\/p>\n<p>A Festetics kast\u00e9ly eddigi ki\u00e1ll\u00edt\u00e1sai mellett (XVIII.-XIX. sz\u00e1zadi f\u0151\u00fari \u00e9letform\u00e1t bemutat\u00f3 ki\u00e1ll\u00edt\u00e1s, Helikon k\u00f6nyvt\u00e1r, Fegyvergy\u0171jtem\u00e9ny, Iszl\u00e1m vil\u00e1gok m\u0171v\u00e9szete) \u00fajabb l\u00e1tnival\u00f3nak sz\u00e1m\u00edt az egyed\u00fcl\u00e1ll\u00f3 hint\u00f3m\u00fazeum, valamint az \u00faj \u00e9p\u00fcletben elhelyezett tr\u00f3feagy\u0171jtem\u00e9ny \u00e9s a vad\u00e1szati ki\u00e1ll\u00edt\u00e1s. Ugyanitt l\u00e1that\u00f3 Eur\u00f3pa legnagyobb terepasztala, az 500 n\u00e9gyzetm\u00e9teren tal\u00e1lhat\u00f3 vas\u00fatt\u00f6rt\u00e9neti &#8211; \u00e9s modellki\u00e1ll\u00edt\u00e1s. N\u00e9h\u00e1ny l\u00e9p\u00e9sre a kast\u00e9lyt\u00f3l v\u00e1rja l\u00e1togat\u00f3it a Marcip\u00e1n M\u00fazeum \u00e9s Cukr\u00e1szda, ahol mintegy 100 marcip\u00e1nb\u00f3l k\u00e9sz\u00edtett alkot\u00e1sban gy\u00f6ny\u00f6rk\u00f6dhetnek. Term\u00e9szetesen meg is lehet k\u00f3stolni a finoms\u00e1gokat.<\/p>\n<p>Tov\u00e1bbi \u00e9rdekess\u00e9gek: Balatoni M\u00fazeum, Georgikon Majorm\u00fazeum, Csigaparlament, Babam\u00fazeum, Panoptikum, R\u00e1di\u00f3 &#8211; Tv M\u00fazeum.<\/p>\n<p>A Keszthelyre l\u00e1togat\u00f3k nem hagyhatj\u00e1k ki a Balaton-parti s\u00e9t\u00e1t, az \u00f6reg plat\u00e1nf\u00e1k alatt \u00e9s \u2013ha az id\u0151 engedi \u2013 s\u00e9tahaj\u00f3k\u00e1z\u00e1st vagy egy vitorl\u00e1st\u00far\u00e1t a Balatonon, ahonnan csod\u00e1latos panor\u00e1ma t\u00e1rul a Keszthelyi hegys\u00e9gre.<\/p>\n<p>A ker\u00e9kp\u00e1roz\u00e1s \u00e9s g\u00f6rkorcsoly\u00e1z\u00e1s szerelmeseinek nagy aj\u00e1nd\u00e9k a Balatoni Bringak\u00f6r\u00fat, mely sz\u00e1llod\u00e1nkt\u00f3l 3 perc alatt megk\u00f6zel\u00edthet\u0151.<\/p>\n<h2>A k\u00f6rny\u00e9k l\u00e1tnival\u00f3i:<\/h2>\n<p>A k\u00f6rny\u00e9k kihagyhatatlan \u00e9lm\u00e9ny\u00e9t k\u00edn\u00e1lja a Keszthelyt\u0151l 6 km-re tal\u00e1lhat\u00f3 H\u00e9v\u00edzi t\u00f3, Eur\u00f3pa legnagyobb term\u00e9szetes gy\u00f3gyviz\u0171 tava. Viz\u00e9nek h\u0151m\u00e9rs\u00e9klete ny\u00e1ron el\u00e9ri a 33-35 C-ot, m\u00e9g t\u00e9li fagyok idej\u00e9n sem cs\u00f6kken 23-25 C al\u00e1. A gy\u00f3gyv\u00edz els\u0151sorban mozg\u00e1sszervi betegs\u00e9gek, izom-, reuma- \u00e9s idegf\u00e1jdalmak kezel\u00e9s\u00e9re, balesetek \u00e9s m\u0171t\u00e9tek ut\u00f3kezel\u00e9s\u00e9re alkalmas.<\/p>\n<p>A Balaton-felvid\u00e9ki Nemzeti Parkhoz tartoz\u00f3 Kis-Balaton gazdag mad\u00e1rvil\u00e1g\u00e1val \u00e9s var\u00e1zslatos term\u00e9szeti k\u00f6rnyezet\u00e9vel csalogatja a kir\u00e1ndulni v\u00e1gy\u00f3kat.<\/p>\n<p>Tov\u00e1bbi l\u00e1tnival\u00f3k: K\u00e1polnapuszta, Bivalyrezerv\u00e1tum, Di\u00e1s- sziget, V\u00f6rsi T\u00e1jh\u00e1z, Balatonedericsi Csodabogy\u00f3s barlang, Afrika M\u00fazeum,Tapolcai Tavasbarlang, Zalasz\u00e1nt\u00f3 \u2013 Szt\u00fapa, vagy a term\u00e9szetj\u00e1r\u00f3 \u00fatvonalak a Keszthelyi hegys\u00e9gben.<\/p>\n<p>A k\u00f6rny\u00e9ken megtekinthet\u0151 v\u00e1rak: Rezi v\u00e1r, T\u00e1tika v\u00e1ra, S\u00fcmegi v\u00e1r t\u00f6rt\u00e9nelmi v\u00e1rj\u00e1t\u00e9kokkal, Szigligeti v\u00e1r.<\/p>\n<p>A Balaton k\u00f6rny\u00e9ki t\u00far\u00e1k kedvelt c\u00e9lpontja a vulkanikus hegyek lejt\u0151in elter\u00fcl\u0151 Badacsony is, mely  egyik legnevesebb borvid\u00e9k\u00fcnk legjelent\u0151sebb sz\u0151l\u0151hegye. A min\u0151s\u00edtett bor\u00fat \u00e1llom\u00e1sai lehet\u0151s\u00e9get teremtenek az ig\u00e9nyes borkostol\u00e1sra \u00e9s a v\u00e1s\u00e1rl\u00e1sra minden kedves vend\u00e9g sz\u00e1m\u00e1ra.<\/p>\n<p><\/p>","protected":false},"excerpt":{"rendered":"\u2026ha egy kis pihen\u00e9sre f\u00e1j a foga K\u00f6sse \u00f6ssze fog\u00e1szati kezel\u00e9seit egy kellemes balatoni pihen\u00e9ssel! Az al\u00e1bbi programaj\u00e1nlatokkal szeretn\u00e9nk seg\u00edts\u00e9get ny\u00fajtani a fog\u00e1szati kezel\u00e9sek k\u00f6z\u00f6tti szabadid\u0151 megtervez\u00e9s\u00e9hez, kellemes elt\u00f6lt\u00e9s\u00e9hez. Wellness Hotel KAKADU aj\u00e1nlata: Sz\u00e1llod\u00e1nkban fedett medence, pezsg\u0151f\u00fcrd\u0151, szauna, infraszauna, g\u0151zkabin, aromakabin, szol\u00e1rium, fittnessg\u00e9pek biztos\u00edtj\u00e1k vend\u00e9geink sz\u00e1m\u00e1ra a felfriss\u00fcl\u00e9st, teljes ellazul\u00e1st.Beauty r\u00e9szleg\u00fcnk pedig az arc- \u00e9s&#8230; <a class=\"view-article\" href=\"https:\/\/www.kakadudental.hu\/hu\/dental-het\/\">Tartalom Megtekint\u00e9se<\/a>","protected":false},"author":1,"featured_media":0,"parent":0,"menu_order":7,"comment_status":"closed","ping_status":"closed","template":"","meta":{"ngg_post_thumbnail":0,"footnotes":""},"class_list":["post-63","page","type-page","status-publish","hentry"],"aioseo_notices":[],"_links":{"self":[{"href":"https:\/\/www.kakadudental.hu\/hu\/wp-json\/wp\/v2\/pages\/63","targetHints":{"allow":["GET"]}}],"collection":[{"href":"https:\/\/www.kakadudental.hu\/hu\/wp-json\/wp\/v2\/pages"}],"about":[{"href":"https:\/\/www.kakadudental.hu\/hu\/wp-json\/wp\/v2\/types\/page"}],"author":[{"embeddable":true,"href":"https:\/\/www.kakadudental.hu\/hu\/wp-json\/wp\/v2\/users\/1"}],"replies":[{"embeddable":true,"href":"https:\/\/www.kakadudental.hu\/hu\/wp-json\/wp\/v2\/comments?post=63"}],"version-history":[{"count":6,"href":"https:\/\/www.kakadudental.hu\/hu\/wp-json\/wp\/v2\/pages\/63\/revisions"}],"predecessor-version":[{"id":143,"href":"https:\/\/www.kakadudental.hu\/hu\/wp-json\/wp\/v2\/pages\/63\/revisions\/143"}],"wp:attachment":[{"href":"https:\/\/www.kakadudental.hu\/hu\/wp-json\/wp\/v2\/media?parent=63"}],"curies":[{"name":"wp","href":"https:\/\/api.w.org\/{rel}","templated":true}]}}