{"id":5,"date":"2016-06-13T07:25:22","date_gmt":"2016-06-13T07:25:22","guid":{"rendered":"http:\/\/www.kakadudental.hu\/?page_id=5"},"modified":"2025-09-15T17:07:08","modified_gmt":"2025-09-15T15:07:08","slug":"bemutatkozas","status":"publish","type":"page","link":"https:\/\/www.kakadudental.hu\/hu\/","title":{"rendered":"Bemutatkoz\u00e1s"},"content":{"rendered":"<p><div id=\"sidebar_right\">\n<img loading=\"lazy\" decoding=\"async\" src=\"\/wp-content\/gallery\/bemutatkozas\/szaj.jpg\" alt=\"szaj\" width=\"200\" height=\"120\"><br>\n<img loading=\"lazy\" decoding=\"async\" src=\"\/wp-content\/gallery\/bemutatkozas\/kakaduhaz.jpg\" alt=\"kakaduhaz\" width=\"200\" height=\"120\"><br>\n<img loading=\"lazy\" decoding=\"async\" src=\"\/wp-content\/gallery\/bemutatkozas\/kezeles.jpg\" alt=\"kezeles\" width=\"200\" height=\"120\"><br>\n<img loading=\"lazy\" decoding=\"async\" src=\"\/wp-content\/gallery\/bemutatkozas\/hid.jpg\" alt=\"hid\" width=\"200\" height=\"120\"><br>\n<img loading=\"lazy\" decoding=\"async\" src=\"\/wp-content\/gallery\/bemutatkozas\/kezeloszek.jpg\" alt=\"kezeloszek\" width=\"200\" height=\"120\"><br>\n<img loading=\"lazy\" decoding=\"async\" src=\"\/wp-content\/gallery\/bemutatkozas\/csalad.jpg\" alt=\"csalad\" width=\"200\" height=\"120\"><br>\n<img loading=\"lazy\" decoding=\"async\" src=\"\/wp-content\/gallery\/bemutatkozas\/kezeloszek2.jpg\" alt=\"kezeloszek2\" width=\"200\" height=\"120\"><br>\n<img loading=\"lazy\" decoding=\"async\" class=\"last\" src=\"\/wp-content\/gallery\/bemutatkozas\/masszazs.jpg\" alt=\"masszazs\" width=\"200\" height=\"120\"><br>\n<\/div>\n<\/p>\n<h2>\u00dcdv\u00f6zl\u00fcnk\u00a0a Kakadu Fog\u00e1szat honlapj\u00e1n!<\/h2>\n<p>A Wellness Hotel KAKADU bar\u00e1ts\u00e1gos, csal\u00e1dias hangulat\u00fa k\u00f6rnyezet\u00e9ben teljes k\u00f6r\u0171, magas sz\u00ednvonal\u00fa fog\u00e1szati ell\u00e1t\u00e1ssal v\u00e1rjuk minden kedves p\u00e1ciens\u00fcnket.<\/p>\n<p>&nbsp;<\/p>\n<h2><\/h2>\n<h2>Min\u0151s\u00e9g, szaktud\u00e1s<\/h2>\n<p>Fontos sz\u00e1munkra, hogy p\u00e1cienseinknek naprak\u00e9sz szaktud\u00e1ssal tudjunk szolg\u00e1lni, \u00e9s a leg\u00fajabb fog\u00e1szati lehet\u0151s\u00e9geket k\u00edn\u00e1ljuk probl\u00e9m\u00e1ik megold\u00e1s\u00e1ra.<\/p>\n<p>Igyeksz\u00fcnk l\u00e9p\u00e9st tartani a legfrissebb kutat\u00e1sok \u00e9s fejleszt\u00e9sek eredm\u00e9nyeivel, felhaszn\u00e1lni azokat a fog\u00e1szati kezel\u00e9sek \u00e9s a technikai fejleszt\u00e9sek sor\u00e1n.<\/p>\n<p>Praxisunkban kiz\u00e1r\u00f3lag kiv\u00e1l\u00f3 min\u0151s\u00e9g\u0171, modern, bizony\u00edtottan tart\u00f3s \u00e9s allergiamentes anyagokkal \u00e9s eszk\u00f6z\u00f6kkel dolgozunk.<\/p>\n<p>Szakmai tapasztalatunkat prec\u00edz, lelkiismeretes munk\u00e1val igyeksz\u00fcnk p\u00e1ros\u00edtani.<\/p>\n<h2>A Te eg\u00e9szs\u00e9ged\u00e9rt \u00e9s sz\u00e9ps\u00e9ged\u00e9rt<\/h2>\n<p>Telefonos vagy internetes bejelentkez\u00e9st k\u00f6vet\u0151en ingyenes \u00e1llapotfelm\u00e9r\u00e9sre, alapos vizsg\u00e1latra ker\u00fcl sor, sz\u00fcks\u00e9g eset\u00e9n panor\u00e1mar\u00f6ntgen vagy CT-felv\u00e9tel kielemz\u00e9s ut\u00e1n, r\u00e9szletes kezel\u00e9si tervet \u00e9s \u00e1raj\u00e1nlatot k\u00e9sz\u00edt\u00fcnk p\u00e1cienseinknek.<\/p>\n<p>Az els\u0151 szem\u00e9lyes konzult\u00e1ci\u00f3 ut\u00e1n mindenki meggy\u0151z\u0151dhet arr\u00f3l, hogy nincs mit\u0151l f\u00e9lnie.<\/p>\n<p>&nbsp;<\/p>\n<p>Az elm\u00falt \u00e9vek fontosabb fejleszt\u00e9sei:<\/p>\n<p>&nbsp;<\/p>\n<h2>2025:<\/h2>\n<p><strong>\u00daj orvos koll\u00e9g\u00e1val<\/strong> b\u0151v\u00fclt a csapatunk, <strong>Dr. Babics\u00e1k Blanka<\/strong> k\u00f6zrem\u0171k\u00f6d\u00e9s\u00e9vel m\u00e9g sz\u00e9lesebb k\u00f6r\u0171 ell\u00e1t\u00e1st tudunk biztos\u00edtani kiemelked\u0151 szinten<\/p>\n<h2>2024:<\/h2>\n<p>Naprak\u00e9sz <strong>endodonciai<\/strong> protokolokra val\u00f3 \u00e1tt\u00e9r\u00e9s<\/p>\n<h2>2023:<\/h2>\n<p><strong>Piezo-seb\u00e9szeti<\/strong> k\u00e9sz\u00fcl\u00e9k haszn\u00e1lata sz\u00e1jseb\u00e9szeti beavatkoz\u00e1sok sor\u00e1n<\/p>\n<h2>2022:<\/h2>\n<p>Klasszikus \u00fajragondolva: <strong>F\u00e9m+PEEK<\/strong> alap\u00fa teleszk\u00f3pos fogsorok a k\u00edn\u00e1latban<\/p>\n<h2><strong>2021:<\/strong><\/h2>\n<p>Speci\u00e1lis kezel\u00e9si program\u00a0<strong>fog\u00e1gybetegs\u00e9g<\/strong>ben szenved\u0151knek<\/p>\n<h2>2020:<\/h2>\n<p><strong>iTOP Advanced:<\/strong> szem\u00e9lyre szabott sz\u00e1jhigi\u00e9n\u00e9s tan\u00e1csad\u00e1s \u00e9s oktat\u00e1si program, <strong>Curaprox<\/strong> \u00e9s <strong>Oral-B<\/strong> term\u00e9k szaktan\u00e1csad\u00e1sa, Ultradent <strong>Opalescence<\/strong> Boost rendel\u0151i fogfeh\u00e9r\u00edt\u00e9s korszer\u0171s\u00edt\u00e9se<\/p>\n<h2>2019:<\/h2>\n<p><strong>Nyomtatott Tit\u00e1n<\/strong> \u00e9s Kobalt-kr\u00f3m alap\u00fa p\u00f3tl\u00e1sok, PEEK \u00e9s PEKK m\u0171anyagok haszn\u00e1lata, <strong>BREDENT<\/strong>\u00a0implant\u00e1tum rendszer bevezet\u00e9se<\/p>\n<h2>2018:<\/h2>\n<p><strong>Dent\u00e1lhigi\u00e9nikus l\u00e9tsz\u00e1m b\u0151v\u00edt\u00e9s<\/strong> az el\u0151t\u00e9rbe helyezett prevenci\u00f3 \u00e9s a m\u00e9g magasabb min\u0151s\u00e9g\u0171 munka felt\u00e9teleinek biztos\u00edt\u00e1sa v\u00e9gett<\/p>\n<h2>2017:<\/h2>\n<p><strong>\u00cdvelt csavarfurattal<\/strong> r\u00f6gz\u00fcl\u0151 koron\u00e1k implant\u00e1tumra a szebb eszt\u00e9tik\u00e1\u00e9rt<\/p>\n<h2><strong>2016:<\/strong><\/h2>\n<p>Implant\u00e1tumra <strong>csavarozhat\u00f3<\/strong> CAD-CAM technol\u00f3gi\u00e1val k\u00e9sz\u00fclt f\u00e9mmentes Zirkonoxid-Ker\u00e1mia koron\u00e1k \u00e9s hidak. <strong>OSSTEM<\/strong> \u00e9s <strong>ICX<\/strong> implant\u00e1tum rendszerek bevezet\u00e9se<\/p>\n<h2>2015:<\/h2>\n<p>Implant\u00e1tumra retesszel r\u00f6gz\u00fcl\u0151 <strong>PEEK<\/strong>-m\u0171anyag alapanyag\u00fa hibrid-fogsor<\/p>\n<h2>2014:<\/h2>\n<p><strong>CAD-CAM<\/strong> technol\u00f3gia a laborat\u00f3riumban: sz\u00e1m\u00edt\u00f3g\u00e9pen 3D-ban tervezett \u00e9s fr\u00e9zg\u00e9pek \u00e1ltal kifaragott nagy pontoss\u00e1g\u00fa korona \u00e9s h\u00eddv\u00e1zak<\/p>\n<h2>2013:<\/h2>\n<p><strong>Di\u00f3da L\u00e9zer<\/strong> haszn\u00e1lata a sz\u00e1jseb\u00e9szetben, <strong>AlphaBio<\/strong> implant\u00e1tum rendszer bevezet\u00e9se<\/p>\n<h2>2012:<\/h2>\n<p>Cone Beam <strong>CT-felv\u00e9tel<\/strong> alapj\u00e1n k\u00e9sz\u00fclt 3D m\u0171t\u00e9ti terv \u00e9s implant\u00e1ci\u00f3, <strong>Camlog<\/strong> implant\u00e1tum rendszer ism\u00e9telt el\u0151t\u00e9rbe helyez\u00e9se<\/p>\n<h2>2011:<\/h2>\n<p><strong>IMTEC-MDI<\/strong> mini implant\u00e1tum rendszer sz\u00e9les k\u00f6r\u0171 haszn\u00e1lata, \u00e9s a <strong>Myofunctional Research Co<\/strong>. \u00fatt\u00f6r\u0151 tr\u00e9nereinek haszn\u00e1lata pre-orthodonciai \u00e9s \u00e1llkapocsiz\u00fcleti probl\u00e9m\u00e1k kezel\u00e9s\u00e9re<\/p>\n<h2>2010:<\/h2>\n<p>Keszthelyi, p\u00e9csi, budapesti <strong>fogtechnikai laborok<\/strong>kal val\u00f3 kapcsolat\u00e9p\u00edt\u00e9s, az el\u00e9rhet\u0151 legmagasabb szinvonal\u00fa fogp\u00f3tl\u00e1sok elk\u00e9sz\u00edt\u00e9s\u00e9hez<\/p>\n<h2>2009:<\/h2>\n<p>A h\u00e9v\u00edzi VitalCenter-H\u00e9v\u00edz \u00e9s VitalCenter-Aqua rendel\u0151k \u00f6sszevon\u00e1sa \u00e9s <strong>\u00e1tk\u00f6lt\u00f6ztet\u00e9se Keszthelyre<\/strong>, a Wellness Hotel Kakaduba, \u00faj kialak\u00edt\u00e1s\u00fa, modern k\u00f6rnyezetbe,\u00a0\u00e9s a k\u00f6lts\u00e9ghat\u00e9kony\u00a0<strong>Pitt-Easy<\/strong> implant\u00e1tum rendszer bevezet\u00e9se<\/p>\n<p>.<\/p>\n<p>.<\/p>\n<p>.<\/p>\n<p>Amennyiben b\u00e1rmilyen k\u00e9rd\u00e9sed felmer\u00fcl kezel\u00e9seinkkel, szolg\u00e1ltat\u00e1sainkkal kapcsolatosan, keress minket b\u00e1tran, vedd fel vel\u00fcnk a kapcsolatot az al\u00e1bbi el\u00e9rhet\u0151s\u00e9geken, sz\u00edvesen \u00e1llunk rendelkez\u00e9sedre!<\/p>\n<h3>Rem\u00e9lj\u00fck, hogy min\u00e9l el\u0151bb szem\u00e9lyesen is \u00fcdv\u00f6z\u00f6lhet\u00fcnk\u00a0a Kakadu Dental &amp; Wellness vend\u00e9gek\u00e9nt.<\/h3>\n<p><\/p>","protected":false},"excerpt":{"rendered":"\u00dcdv\u00f6zl\u00fcnk\u00a0a Kakadu Fog\u00e1szat honlapj\u00e1n! A Wellness Hotel KAKADU bar\u00e1ts\u00e1gos, csal\u00e1dias hangulat\u00fa k\u00f6rnyezet\u00e9ben teljes k\u00f6r\u0171, magas sz\u00ednvonal\u00fa fog\u00e1szati ell\u00e1t\u00e1ssal v\u00e1rjuk minden kedves p\u00e1ciens\u00fcnket. &nbsp; Min\u0151s\u00e9g, szaktud\u00e1s Fontos sz\u00e1munkra, hogy p\u00e1cienseinknek naprak\u00e9sz szaktud\u00e1ssal tudjunk szolg\u00e1lni, \u00e9s a leg\u00fajabb fog\u00e1szati lehet\u0151s\u00e9geket k\u00edn\u00e1ljuk probl\u00e9m\u00e1ik megold\u00e1s\u00e1ra. Igyeksz\u00fcnk l\u00e9p\u00e9st tartani a legfrissebb kutat\u00e1sok \u00e9s fejleszt\u00e9sek eredm\u00e9nyeivel, felhaszn\u00e1lni azokat a fog\u00e1szati kezel\u00e9sek&#8230; <a class=\"view-article\" href=\"https:\/\/www.kakadudental.hu\/hu\/\">Tartalom Megtekint\u00e9se<\/a>","protected":false},"author":1,"featured_media":11,"parent":0,"menu_order":1,"comment_status":"closed","ping_status":"closed","template":"t-mainpage.php","meta":{"ngg_post_thumbnail":0,"footnotes":""},"class_list":["post-5","page","type-page","status-publish","has-post-thumbnail","hentry"],"aioseo_notices":[],"_links":{"self":[{"href":"https:\/\/www.kakadudental.hu\/hu\/wp-json\/wp\/v2\/pages\/5","targetHints":{"allow":["GET"]}}],"collection":[{"href":"https:\/\/www.kakadudental.hu\/hu\/wp-json\/wp\/v2\/pages"}],"about":[{"href":"https:\/\/www.kakadudental.hu\/hu\/wp-json\/wp\/v2\/types\/page"}],"author":[{"embeddable":true,"href":"https:\/\/www.kakadudental.hu\/hu\/wp-json\/wp\/v2\/users\/1"}],"replies":[{"embeddable":true,"href":"https:\/\/www.kakadudental.hu\/hu\/wp-json\/wp\/v2\/comments?post=5"}],"version-history":[{"count":52,"href":"https:\/\/www.kakadudental.hu\/hu\/wp-json\/wp\/v2\/pages\/5\/revisions"}],"predecessor-version":[{"id":342,"href":"https:\/\/www.kakadudental.hu\/hu\/wp-json\/wp\/v2\/pages\/5\/revisions\/342"}],"wp:featuredmedia":[{"embeddable":true,"href":"https:\/\/www.kakadudental.hu\/hu\/wp-json\/wp\/v2\/media\/11"}],"wp:attachment":[{"href":"https:\/\/www.kakadudental.hu\/hu\/wp-json\/wp\/v2\/media?parent=5"}],"curies":[{"name":"wp","href":"https:\/\/api.w.org\/{rel}","templated":true}]}}