{"id":48,"date":"2016-06-13T10:02:39","date_gmt":"2016-06-13T10:02:39","guid":{"rendered":"http:\/\/www.kakadudental.hu\/hu\/?page_id=48"},"modified":"2025-09-15T17:16:04","modified_gmt":"2025-09-15T15:16:04","slug":"48-2","status":"publish","type":"page","link":"https:\/\/www.kakadudental.hu\/hu\/48-2\/","title":{"rendered":"\u00c1rak, fizet\u00e9si lehet\u0151s\u00e9gek"},"content":{"rendered":"<p><div id=\"sidebar_right\">\n<img loading=\"lazy\" decoding=\"async\" src=\"\/wp-content\/gallery\/arak\/bankkartyak.jpg\" alt=\"bankkartyak\" width=\"200\" height=\"120\"><br>\n<img loading=\"lazy\" decoding=\"async\" src=\"\/wp-content\/gallery\/arak\/mastercard.jpg\" alt=\"mastercard\" width=\"200\" height=\"120\"><br>\n<img loading=\"lazy\" decoding=\"async\" class=\"last\" src=\"\/wp-content\/gallery\/arak\/medicredit_logo.gif\" alt=\"medicredit_logo\" width=\"200\" height=\"120\"><br>\n<\/div>\n<\/p>\n<p><strong><span style=\"color: #ff0000;\">Kedves p\u00e1cienseink, a k\u00fcl\u00f6nb\u00f6z\u0151 kezel\u00e9si elj\u00e1r\u00e1sok lehet\u0151s\u00e9gei, az egyedi ig\u00e9nyek, a felhaszn\u00e1lt anyagok, \u00e9s a k\u00fcl\u00f6nb\u00f6z\u0151 kezel\u00e9si id\u0151tartamok miatt az \u00e1rak csak egyedileg meghat\u00e1rozhat\u00f3k.<\/span><\/strong><\/p>\n<p><strong><span style=\"color: #ff0000;\">K\u00e9rjen id\u0151pontot ingyenes vizsg\u00e1latra \u00e9s szem\u00e9lyre szabott \u00e1raj\u00e1nlatra az al\u00e1bbi el\u00e9rhet\u0151s\u00e9geinken!<\/span><\/strong><\/p>\n<p><strong><span style=\"color: #ff0000; font-size: 14pt;\"><a href=\"mailto:&#105;&#110;&#102;&#111;&#64;&#107;akadu&#100;e&#110;&#116;a&#108;&#46;hu\">info&#64;k&#97;&#107;aduden&#116;&#97;l&#46;&#104;u<\/a><\/span><\/strong><\/p>\n<p><strong><span style=\"color: #ff0000;\"><span style=\"font-size: 14pt;\">TEL: +36-30-9930-414<\/span><\/span><\/strong><\/p>\n<h2>Fizet\u00e9si lehet\u0151s\u00e9gek:<\/h2>\n<ul>\n<li>K\u00e9szp\u00e9nz<\/li>\n<li>Bankk\u00e1rtya<\/li>\n<li>\u00c1tutal\u00e1s<\/li>\n<li>Aj\u00e1nd\u00e9kutalv\u00e1ny<a name=\"utalvany\"><\/a><\/li>\n<\/ul>\n<p>&nbsp;<\/p>\n<h3>\u00a0Aj\u00e1nd\u00e9kutalv\u00e1ny<\/h3>\n<p>Aj\u00e1nd\u00e9kozz eg\u00e9szs\u00e9get, pihen\u00e9st szeretteidnek!<\/p>\n<p><img loading=\"lazy\" decoding=\"async\" src=\"\/wp-content\/uploads\/2016\/06\/ajandek.jpg\" alt=\"ajandek\" width=\"450\" height=\"239\" \/><\/p>\n<p>&nbsp;<\/p>\n<h3>H\u00edvj minket b\u00e1tran, k\u00e9szs\u00e9ggel \u00e1llunk rendelkez\u00e9sedre!<\/h3>\n<p><\/p>","protected":false},"excerpt":{"rendered":"Kedves p\u00e1cienseink, a k\u00fcl\u00f6nb\u00f6z\u0151 kezel\u00e9si elj\u00e1r\u00e1sok lehet\u0151s\u00e9gei, az egyedi ig\u00e9nyek, a felhaszn\u00e1lt anyagok, \u00e9s a k\u00fcl\u00f6nb\u00f6z\u0151 kezel\u00e9si id\u0151tartamok miatt az \u00e1rak csak egyedileg meghat\u00e1rozhat\u00f3k. K\u00e9rjen id\u0151pontot ingyenes vizsg\u00e1latra \u00e9s szem\u00e9lyre szabott \u00e1raj\u00e1nlatra az al\u00e1bbi el\u00e9rhet\u0151s\u00e9geinken! TEL: +36-30-9930-414 Fizet\u00e9si lehet\u0151s\u00e9gek: K\u00e9szp\u00e9nz Bankk\u00e1rtya \u00c1tutal\u00e1s Aj\u00e1nd\u00e9kutalv\u00e1ny &nbsp; \u00a0Aj\u00e1nd\u00e9kutalv\u00e1ny Aj\u00e1nd\u00e9kozz eg\u00e9szs\u00e9get, pihen\u00e9st szeretteidnek! &nbsp; H\u00edvj minket b\u00e1tran, k\u00e9szs\u00e9ggel \u00e1llunk&#8230; <a class=\"view-article\" href=\"https:\/\/www.kakadudental.hu\/hu\/48-2\/\">Tartalom Megtekint\u00e9se<\/a>","protected":false},"author":1,"featured_media":52,"parent":0,"menu_order":5,"comment_status":"closed","ping_status":"closed","template":"","meta":{"ngg_post_thumbnail":0,"footnotes":""},"class_list":["post-48","page","type-page","status-publish","has-post-thumbnail","hentry"],"aioseo_notices":[],"_links":{"self":[{"href":"https:\/\/www.kakadudental.hu\/hu\/wp-json\/wp\/v2\/pages\/48","targetHints":{"allow":["GET"]}}],"collection":[{"href":"https:\/\/www.kakadudental.hu\/hu\/wp-json\/wp\/v2\/pages"}],"about":[{"href":"https:\/\/www.kakadudental.hu\/hu\/wp-json\/wp\/v2\/types\/page"}],"author":[{"embeddable":true,"href":"https:\/\/www.kakadudental.hu\/hu\/wp-json\/wp\/v2\/users\/1"}],"replies":[{"embeddable":true,"href":"https:\/\/www.kakadudental.hu\/hu\/wp-json\/wp\/v2\/comments?post=48"}],"version-history":[{"count":17,"href":"https:\/\/www.kakadudental.hu\/hu\/wp-json\/wp\/v2\/pages\/48\/revisions"}],"predecessor-version":[{"id":328,"href":"https:\/\/www.kakadudental.hu\/hu\/wp-json\/wp\/v2\/pages\/48\/revisions\/328"}],"wp:featuredmedia":[{"embeddable":true,"href":"https:\/\/www.kakadudental.hu\/hu\/wp-json\/wp\/v2\/media\/52"}],"wp:attachment":[{"href":"https:\/\/www.kakadudental.hu\/hu\/wp-json\/wp\/v2\/media?parent=48"}],"curies":[{"name":"wp","href":"https:\/\/api.w.org\/{rel}","templated":true}]}}