{"id":36,"date":"2016-06-13T09:40:38","date_gmt":"2016-06-13T09:40:38","guid":{"rendered":"http:\/\/www.kakadudental.hu\/hu\/?page_id=36"},"modified":"2016-06-13T14:13:04","modified_gmt":"2016-06-13T14:13:04","slug":"szajsebeszeti-beavatkozasok","status":"publish","type":"page","link":"https:\/\/www.kakadudental.hu\/hu\/szolgaltatasaink\/szajsebeszeti-beavatkozasok\/","title":{"rendered":"Sz\u00e1jseb\u00e9szeti beavatkoz\u00e1sok"},"content":{"rendered":"<p><div id=\"sidebar_right\">\n<img loading=\"lazy\" decoding=\"async\" src=\"\/wp-content\/gallery\/szajsebeszet\/mosolygos.jpg\" alt=\"mosolygos\" width=\"200\" height=\"120\"><br>\n<img loading=\"lazy\" decoding=\"async\" src=\"\/wp-content\/gallery\/szajsebeszet\/implant3.jpg\" alt=\"implant3\" width=\"200\" height=\"120\"><br>\n<img loading=\"lazy\" decoding=\"async\" src=\"\/wp-content\/gallery\/szajsebeszet\/implant.jpg\" alt=\"implant\" width=\"200\" height=\"120\"><br>\n<img loading=\"lazy\" decoding=\"async\" src=\"\/wp-content\/gallery\/szajsebeszet\/implantanyag.jpg\" alt=\"implantanyag\" width=\"200\" height=\"120\"><br>\n<img loading=\"lazy\" decoding=\"async\" src=\"\/wp-content\/gallery\/szajsebeszet\/implanttum.jpg\" alt=\"implanttum\" width=\"200\" height=\"120\"><br>\n<img loading=\"lazy\" decoding=\"async\" src=\"\/wp-content\/gallery\/szajsebeszet\/implantok.jpg\" alt=\"implantok\" width=\"200\" height=\"120\"><br>\n<img loading=\"lazy\" decoding=\"async\" class=\"last\" src=\"\/wp-content\/gallery\/szajsebeszet\/implants.jpg\" alt=\"implants\" width=\"200\" height=\"120\"><br>\n<\/div>\n<\/p>\n<h2>Fog\u00e1szati implant\u00e1ci\u00f3 \u2013 Fogbe\u00fcltet\u00e9s<\/h2>\n<h3>Egy korszer\u0171, eszt\u00e9tikus megold\u00e1s a fogp\u00f3tl\u00e1s  ter\u00fclet\u00e9n<\/h3>\n<h3>Mi a  fogimplant\u00e1tum?<\/h3>\n<p>Az  implant\u00e1tum egy \u00fan. &#8222;m\u0171gy\u00f6k\u00e9r&#8221;, amelyet seb\u00e9szeti \u00faton helyeznek az  \u00e1llcsontba, az elvesztett fogak hely\u00e9re. Ezek a kiv\u00e1l\u00f3 min\u0151s\u00e9g\u0171  t\u00e1maszt\u00e9kok alkotj\u00e1k az \u00faj r\u00f6gz\u00edtett fogp\u00f3tl\u00e1s szerkezet\u00e9t, mely  ugyanolyan er\u0151s \u00e9s stabil lesz, mintha az a saj\u00e1t fogakra k\u00e9sz\u00fclt volna.<\/p>\n<h3>Mib\u0151l k\u00e9sz\u00fclnek az implant\u00e1tumok?<\/h3>\n<p>Manaps\u00e1g a fog\u00e1szati implant\u00e1tumok nemzetk\u00f6zi min\u0151s\u00e9gi  norm\u00e1k alapj\u00e1n tit\u00e1nb\u00f3l k\u00e9sz\u00fclnek, mely sz\u00f6vetbar\u00e1t f\u00e9m, semmif\u00e9le  k\u00e1rosod\u00e1st nem okoz, nem korrod\u00e1l\u00f3dik, ellen\u00e1ll a savaknak \u00e9s egy\u00e9b  anyagoknak, nem m\u00e1gnesezhet\u0151 \u00e9s rendk\u00edv\u00fcl er\u0151s a s\u00faly\u00e1hoz k\u00e9pest.<\/p>\n<h3>Ki kaphat implant\u00e1tumot?<\/h3>\n<p>A fogimplant\u00e1ci\u00f3 \u00e1ltal\u00e1ban kort\u00f3l f\u00fcggetlen. Az  implant\u00e1ci\u00f3 felt\u00e9tele a j\u00f3 eg\u00e9szs\u00e9gi \u00e1llapot \u00e9s az \u00e1llcsont megfelel\u0151  mennyis\u00e9g\u0171 \u00e9s min\u0151s\u00e9g\u0171 csont\u00e1llom\u00e1nya. Nagyfok\u00fa csonthi\u00e1ny eset\u00e9n  lehet\u0151s\u00e9g\u00fcnk van a csont fel\u00e9p\u00edt\u00e9s\u00e9re is. Ez esetben felhaszn\u00e1l\u00e1sra  ker\u00fcl a mesters\u00e9ges csontp\u00f3tl\u00f3 anyagok mellett a p\u00e1ciens saj\u00e1t csontja  is. Az el\u0151zetes vizsg\u00e1latok sor\u00e1n a kezel\u0151orvos t\u00e1j\u00e9koztatja a beteget a  kezel\u00e9si \u00e9s seb\u00e9szeti elj\u00e1r\u00e1sokr\u00f3l, valamint a fogp\u00f3tl\u00e1s-tervez\u00e9sr\u0151l.<\/p>\n<h3>Milyen el\u0151nyei vannak az implant\u00e1ci\u00f3nak?<\/h3>\n<ul>\n<li>Az  implant\u00e1l\u00e1s seg\u00edts\u00e9g\u00e9vel a fogp\u00f3tl\u00e1s t\u00f6bbnyire megoldhat\u00f3 a szomsz\u00e9dos,  eg\u00e9szs\u00e9ges fogak lecsiszol\u00e1sa n\u00e9lk\u00fcl.<\/li>\n<li>A kivehet\u0151 fogp\u00f3tl\u00e1shoz k\u00e9pest r\u00f6gz\u00edtett, fix p\u00f3tl\u00e1s  k\u00e9sz\u00edthet\u0151 (megfelel\u0151 sz\u00e1m\u00fa implant\u00e1tum eset\u00e9n).<\/li>\n<li>A stabil fogak pozit\u00edvan befoly\u00e1solj\u00e1k a kiejt\u00e9st,  jobb \u00e9letmin\u0151s\u00e9get, t\u00f6bb \u00f6nbizalmat eredm\u00e9nyeznek.<\/li>\n<li>Az implant\u00e1tum tov\u00e1bbi el\u0151nye, hogy megel\u0151zi a  fogelveszt\u00e9s ut\u00e1n elker\u00fclhetetlen csontlebont\u00f3d\u00e1st.<\/li>\n<li>A kivehet\u0151 fogp\u00f3tl\u00e1sok okozta pszichikai nyom\u00e1s  teljesen megsz\u0171nhet.<\/li>\n<li>Az  implant\u00e1tum hely\u00e9t\u0151l \u00e9s a p\u00e1ciens sz\u00e1jhigi\u00e9ni\u00e1j\u00e1t\u00f3l f\u00fcgg\u0151en, az  implant\u00e1tumok \u00e9lettartama \u00e1ltal\u00e1ban 10-20 \u00e9v.<\/li>\n<\/ul>\n<h3>Hogyan  t\u00f6rt\u00e9nik az implant\u00e1ci\u00f3?<\/h3>\n<p>A  beavatkoz\u00e1st sok\u00e9ves tapasztalattal rendelkez\u0151 sz\u00e1jseb\u00e9szek,  implantol\u00f3gusok v\u00e9gzik, \u00e9s helyi \u00e9rz\u00e9stelen\u00edt\u00e9st alkalmaznak. Az  implant\u00e1ci\u00f3 csup\u00e1n egy kis oper\u00e1ci\u00f3nak felel meg.<\/p>\n<p>A szakember el\u0151zetesen r\u00f6ntgenfelv\u00e9telt k\u00e9sz\u00edt, hogy  meggy\u0151z\u0151dj\u00f6n az implant\u00e1tum pontos hely\u00e9r\u0151l. A helyi \u00e9rz\u00e9stelen\u00edt\u00e9s ut\u00e1n  a seb\u00e9sz felv\u00e1gja a fog\u00ednyt, majd egy lyukat f\u00far az \u00e1llcsontba, \u00e9s ebbe  helyezi be az implant\u00e1tumot, majd \u00f6sszevarrja a fog\u00ednyt.  Amennyiben  csak 1 fogr\u00f3l van sz\u00f3, akkor a beavatkoz\u00e1s csup\u00e1n egy \u00f3r\u00e1t  vesz ig\u00e9nybe. Ezut\u00e1n a beteg f\u00e1jdalomcsillap\u00edt\u00f3kat kap. A m\u0171t\u00e9t ut\u00e1n egy  h\u00e9ttel a varratokat elt\u00e1vol\u00edtjuk.<\/p>\n<p>A  beavatkoz\u00e1st k\u00f6vet\u0151en 1-3-6 h\u00f3napos gy\u00f3gyul\u00e1si id\u0151 ut\u00e1n a fel\u00e9p\u00edtm\u00e9ny  (h\u00edd, korona) elk\u00e9sz\u00edt\u00e9se k\u00f6vetkezik, vagy megfelel\u0151 csontk\u00edn\u00e1lat eset\u00e9n  azonnali ideiglenes fogp\u00f3tl\u00e1st k\u00e9sz\u00edt\u00fcnk a frissen be\u00fcltetett  implant\u00e1tumokra, \u00fagyhogy a beteg aznap vagy m\u00e1snap haszn\u00e1lhat\u00f3 fogakkal  t\u00e1vozhat.<\/p>\n<h3>Mikor lesz  meg az \u00faj fogam?<\/h3>\n<p>Az  implant\u00e1tum behelyez\u00e9se ut\u00e1n t\u00f6bb h\u00f3napot kell v\u00e1rni, am\u00edg az  implant\u00e1tum becsontosodik, azaz r\u00e1n\u0151 a csont \u00e9s ez\u00e1ltal r\u00f6gz\u00fcl. Az als\u00f3  \u00e9s fels\u0151 \u00e1llkapocs eset\u00e9ben is ez 3-4 h\u00f3nap. Az implant\u00e1tum az \u00edny  alatt, befedve gy\u00f3gyul. A teljes gy\u00f3gyul\u00e1s ut\u00e1n ker\u00fclhet sor a m\u00e1sodik  oper\u00e1ci\u00f3ra \u00e9s a fogp\u00f3tl\u00e1s (h\u00edd, korona vagy m\u0171fogsor) elk\u00e9sz\u00edt\u00e9s\u00e9re \u00e9s  r\u00f6gz\u00edt\u00e9s\u00e9re.<\/p>\n<p>A p\u00e1ciensnek  addig sem kell fogak n\u00e9lk\u00fcl maradnia, mert ha az implant\u00e1tum a sz\u00e1j  front r\u00e9sz\u00e9re ker\u00fcl, akkor a fogorvos egy ideiglenes fogsort vagy hidat  k\u00e9sz\u00edttet \u00d6nnek. Amennyiben teljes m\u0171fogsora van, \u00fagy ezt az eg\u00e9sz  gy\u00f3gyul\u00e1si id\u0151szak alatt hordhatja, miut\u00e1n ezt \u00e1talak\u00edtott\u00e1k.<\/p>\n<p><\/p>","protected":false},"excerpt":{"rendered":"Fog\u00e1szati implant\u00e1ci\u00f3 \u2013 Fogbe\u00fcltet\u00e9s Egy korszer\u0171, eszt\u00e9tikus megold\u00e1s a fogp\u00f3tl\u00e1s ter\u00fclet\u00e9n Mi a fogimplant\u00e1tum? Az implant\u00e1tum egy \u00fan. &#8222;m\u0171gy\u00f6k\u00e9r&#8221;, amelyet seb\u00e9szeti \u00faton helyeznek az \u00e1llcsontba, az elvesztett fogak hely\u00e9re. Ezek a kiv\u00e1l\u00f3 min\u0151s\u00e9g\u0171 t\u00e1maszt\u00e9kok alkotj\u00e1k az \u00faj r\u00f6gz\u00edtett fogp\u00f3tl\u00e1s szerkezet\u00e9t, mely ugyanolyan er\u0151s \u00e9s stabil lesz, mintha az a saj\u00e1t fogakra k\u00e9sz\u00fclt volna. Mib\u0151l k\u00e9sz\u00fclnek&#8230; <a class=\"view-article\" href=\"https:\/\/www.kakadudental.hu\/hu\/szolgaltatasaink\/szajsebeszeti-beavatkozasok\/\">Tartalom Megtekint\u00e9se<\/a>","protected":false},"author":1,"featured_media":0,"parent":13,"menu_order":28,"comment_status":"closed","ping_status":"closed","template":"","meta":{"ngg_post_thumbnail":0,"footnotes":""},"class_list":["post-36","page","type-page","status-publish","hentry"],"aioseo_notices":[],"_links":{"self":[{"href":"https:\/\/www.kakadudental.hu\/hu\/wp-json\/wp\/v2\/pages\/36","targetHints":{"allow":["GET"]}}],"collection":[{"href":"https:\/\/www.kakadudental.hu\/hu\/wp-json\/wp\/v2\/pages"}],"about":[{"href":"https:\/\/www.kakadudental.hu\/hu\/wp-json\/wp\/v2\/types\/page"}],"author":[{"embeddable":true,"href":"https:\/\/www.kakadudental.hu\/hu\/wp-json\/wp\/v2\/users\/1"}],"replies":[{"embeddable":true,"href":"https:\/\/www.kakadudental.hu\/hu\/wp-json\/wp\/v2\/comments?post=36"}],"version-history":[{"count":5,"href":"https:\/\/www.kakadudental.hu\/hu\/wp-json\/wp\/v2\/pages\/36\/revisions"}],"predecessor-version":[{"id":113,"href":"https:\/\/www.kakadudental.hu\/hu\/wp-json\/wp\/v2\/pages\/36\/revisions\/113"}],"up":[{"embeddable":true,"href":"https:\/\/www.kakadudental.hu\/hu\/wp-json\/wp\/v2\/pages\/13"}],"wp:attachment":[{"href":"https:\/\/www.kakadudental.hu\/hu\/wp-json\/wp\/v2\/media?parent=36"}],"curies":[{"name":"wp","href":"https:\/\/api.w.org\/{rel}","templated":true}]}}