{"id":33,"date":"2016-06-13T09:36:55","date_gmt":"2016-06-13T09:36:55","guid":{"rendered":"http:\/\/www.kakadudental.hu\/hu\/?page_id=33"},"modified":"2017-01-15T17:51:43","modified_gmt":"2017-01-15T16:51:43","slug":"fogpotlasok","status":"publish","type":"page","link":"https:\/\/www.kakadudental.hu\/hu\/szolgaltatasaink\/fogpotlasok\/","title":{"rendered":"Fogp\u00f3tl\u00e1sok"},"content":{"rendered":"<p><div id=\"sidebar_right\">\n<img loading=\"lazy\" decoding=\"async\" src=\"\/wp-content\/gallery\/potlasok\/implant3.jpg\" alt=\"implant3\" width=\"200\" height=\"120\"><br>\n<img loading=\"lazy\" decoding=\"async\" src=\"\/wp-content\/gallery\/potlasok\/implant.jpg\" alt=\"implant\" width=\"200\" height=\"120\"><br>\n<img loading=\"lazy\" decoding=\"async\" src=\"\/wp-content\/gallery\/potlasok\/implantanyag.jpg\" alt=\"implantanyag\" width=\"200\" height=\"120\"><br>\n<img loading=\"lazy\" decoding=\"async\" src=\"\/wp-content\/gallery\/potlasok\/implanttum.jpg\" alt=\"implanttum\" width=\"200\" height=\"120\"><br>\n<img loading=\"lazy\" decoding=\"async\" src=\"\/wp-content\/gallery\/potlasok\/implantok.jpg\" alt=\"implantok\" width=\"200\" height=\"120\"><br>\n<img loading=\"lazy\" decoding=\"async\" src=\"\/wp-content\/gallery\/potlasok\/implants.jpg\" alt=\"implants\" width=\"200\" height=\"120\"><br>\n<img loading=\"lazy\" decoding=\"async\" src=\"\/wp-content\/gallery\/potlasok\/korona1.jpg\" alt=\"korona1\" width=\"200\" height=\"120\"><br>\n<img loading=\"lazy\" decoding=\"async\" src=\"\/wp-content\/gallery\/potlasok\/korona2.jpg\" alt=\"korona2\" width=\"200\" height=\"120\"><br>\n<img loading=\"lazy\" decoding=\"async\" src=\"\/wp-content\/gallery\/potlasok\/korona3.jpg\" alt=\"korona3\" width=\"200\" height=\"120\"><br>\n<img loading=\"lazy\" decoding=\"async\" src=\"\/wp-content\/gallery\/potlasok\/korona4.jpg\" alt=\"korona4\" width=\"200\" height=\"120\"><br>\n<img loading=\"lazy\" decoding=\"async\" src=\"\/wp-content\/gallery\/potlasok\/teleszkopkorona.jpg\" alt=\"teleszkopkorona\" width=\"200\" height=\"120\"><br>\n<img loading=\"lazy\" decoding=\"async\" src=\"\/wp-content\/gallery\/potlasok\/hid1.jpg\" alt=\"hid1\" width=\"200\" height=\"120\"><br>\n<img loading=\"lazy\" decoding=\"async\" src=\"\/wp-content\/gallery\/potlasok\/hid2.jpg\" alt=\"hid2\" width=\"200\" height=\"120\"><br>\n<img loading=\"lazy\" decoding=\"async\" src=\"\/wp-content\/gallery\/potlasok\/hid3.jpg\" alt=\"hid3\" width=\"200\" height=\"120\"><br>\n<img loading=\"lazy\" decoding=\"async\" src=\"\/wp-content\/gallery\/potlasok\/hid4.jpg\" alt=\"hid4\" width=\"200\" height=\"120\"><br>\n<img loading=\"lazy\" decoding=\"async\" src=\"\/wp-content\/gallery\/potlasok\/hid5.jpg\" alt=\"hid5\" width=\"200\" height=\"120\"><br>\n<img loading=\"lazy\" decoding=\"async\" src=\"\/wp-content\/gallery\/potlasok\/hid6.jpg\" alt=\"hid6\" width=\"200\" height=\"120\"><br>\n<img loading=\"lazy\" decoding=\"async\" src=\"\/wp-content\/gallery\/potlasok\/fogsor1.jpg\" alt=\"fogsor1\" width=\"200\" height=\"120\"><br>\n<img loading=\"lazy\" decoding=\"async\" class=\"last\" src=\"\/wp-content\/gallery\/potlasok\/fogsor2.jpg\" alt=\"fogsor2\" width=\"200\" height=\"120\"><br>\n<\/div>\n<\/p>\n<h2><\/h2>\n<h2>Koron\u00e1k<\/h2>\n<p>A fog\u00e1szati korona egy fog-form\u00e1j\u00fa \u00fan. \u201esapka\u201d, amelyet az el\u0151k\u00e9sz\u00edtett, lecs\u00edszolt fog megmaradt csonkj\u00e1ra ragasztanak\u00a0\u00e9s ez\u00e1ltal azt meger\u0151s\u00edti \u00e9s visszaadja az eredeti, term\u00e9szetes fog form\u00e1j\u00e1t \u00e9s sz\u00edn\u00e9t.<\/p>\n<p>A koron\u00e1kat a fog\u00e1szati laborat\u00f3riumok k\u00e9sz\u00edtik. K\u00e9sz\u00fclhetnek ker\u00e1mi\u00e1b\u00f3l f\u00e9m alappal, vagy nemesf\u00e9m alappal vagy tiszt\u00e1n ker\u00e1mi\u00e1b\u00f3l.<\/p>\n<p>A kezel\u00e9s sor\u00e1n legal\u00e1bb k\u00e9tszer-h\u00e1romszor kell az orvost felkeresnie. Els\u0151 alkalommal t\u00f6rt\u00e9nik az el\u0151k\u00e9sz\u00edt\u00e9s, a lenyomatv\u00e9tel, a sz\u00edn kiv\u00e1laszt\u00e1sa \u00e9s az ideiglenes korona felhelyez\u00e9se. A m\u00e1sodik-harmadik alkalommal t\u00f6rt\u00e9nik a v\u00e9gleges korona pr\u00f3b\u00e1ja \u00e9s beragaszt\u00e1sa. A kezel\u00e9sek \u00e1ltal\u00e1ban a 1-2 hetet vesznek ig\u00e9nybe .<\/p>\n<p>A modern koron\u00e1k \u00e9lettartama legal\u00e1bb 10 \u00e9v, de a legt\u00f6bb esetben enn\u00e9l hosszabb id\u0151t, ak\u00e1r a 20\u00a0\u00e9vet is kib\u00edrnak.<\/p>\n<h3>Ker\u00e1mia leplez\u00e9s\u0171 korona<\/h3>\n<p>A lecsiszolt fogak m\u00e1solat\u00e1t a laborat\u00f3riumban digitaliz\u00e1lj\u00e1k, sz\u00e1m\u00edt\u00f3g\u00e9pen 3D-s tervez\u0151programmal egy az el\u0151k\u00e9sz\u00edtett fogra pontosan illeszked\u0151 sapk\u00e1t terveznek, ak\u00e1r 1000-es nagy\u00edt\u00e1sban, majd ezt a sapk\u00e1t fr\u00e9zg\u00e9pek egy v\u00e1lasztott anyag\u00fa t\u00f6mbb\u0151l kimarj\u00e1k (m\u0171anyag, tit\u00e1n, zirkon), \u00e9s v\u00e9g\u00fcl a fogtechnikusok t\u00f6bb r\u00e9tegben fogsz\u00edn\u0171 ker\u00e1mi\u00e1val bor\u00edtj\u00e1k. Ez a r\u00e1\u00e9getett ker\u00e1mia teljesen eltakarja a f\u00e9met, ez\u00e1ltal eszt\u00e9tikus. A biokompatibilit\u00e1s \u00e9s az eszt\u00e9tika legmagasabb k\u00f6vetelm\u00e9nyeit is kiel\u00e9g\u00edti, ha a f\u00e9msapka nemesf\u00e9mb\u0151l k\u00e9sz\u00fcl. Ezek a koron\u00e1k stabilak, hossz\u00fa \u00e9lettartam\u00faak,a ker\u00e1mia leplez\u00e9s sz\u00edntart\u00f3,magas eszt\u00e9tikai hat\u00e1st biztos\u00edt.<\/p>\n<h3>F\u00e9mmentes ker\u00e1mia korona<\/h3>\n<p>Mai tud\u00e1sunk szerint a legmodernebb \u00e9s legmagasabb ig\u00e9nyeket legink\u00e1bb kiel\u00e9g\u00edt\u0151 megold\u00e1s. A tradicion\u00e1lis f\u00e9m v\u00e1zakat a Zirkonoxid v\u00e1z v\u00e1ltotta fel, mely teljesen antialleg\u00e9n, maxim\u00e1lisan fogsz\u00edn\u0171 \u00e9s tart\u00f3s.<\/p>\n<h3><\/h3>\n<h2>Hidak<\/h2>\n<p>Hidat akkor k\u00e9sz\u00edt\u00fcnk, ha n\u00e9h\u00e1ny hi\u00e1nyz\u00f3\u00a0fogat kell p\u00f3tolni.<\/p>\n<p>A h\u00edd teh\u00e1t egy olyan fogp\u00f3tl\u00e1s, amely a hi\u00e1nyt p\u00f3tl\u00f3 m\u0171fogakat a szomsz\u00e9dos marad\u00e9k fogakhoz r\u00f6gz\u00edti. A ker\u00e1mi\u00e1val leplezett hidaknak mindig van egy f\u00e9m alapja, melyet f\u00e9mv\u00e1znak nevez\u00fcnk. Anyaga lehet nemesf\u00e9m (ez a legt\u00f6k\u00e9letesebb) vagy nem nemesf\u00e9m. A f\u00e9mv\u00e1zra ker\u00fcl a ker\u00e1mia leplez\u00e9s, \u00edgy az eszt\u00e9tikai megjelen\u00e9se kimagasl\u00f3. A f\u00e9mv\u00e1z biztos\u00edtja a h\u00edd stabilit\u00e1s\u00e1t, hossz\u00fa \u00e9lettartam\u00e1t.<\/p>\n<h2>Fogsorok<\/h2>\n<p>K\u00e9t t\u00edpusr\u00f3l besz\u00e9lhet\u00fcnk: a teljes \u00e9s r\u00e9szleges fogsorr\u00f3l. A teljes fogsor helyettes\u00edti az \u00f6sszes fogat a fels\u0151 vagy az als\u00f3 \u00e1llkapcson. A r\u00e9szleges fogsorral p\u00f3toljuk a hi\u00e1nyz\u00f3 fogakat. Ez egy f\u00e9mv\u00e1zra van r\u00f6gz\u00edtve, \u00e9s f\u00e9mkapcsokkal (finom prec\u00edzi\u00f3s elemekkel) illeszkedik a term\u00e9szetes fogakhoz. Bizonyos esetekben koron\u00e1kat helyeznek fel a saj\u00e1t fogakra, melyek horgonyk\u00e9nt tartj\u00e1k a m\u0171fogsort. Az orvosa seg\u00edt \u00d6nnek a legmegfelel\u0151bb t\u00edpus\u00fa fogp\u00f3tl\u00e1s kiv\u00e1laszt\u00e1s\u00e1ban.<\/p>\n<h3>Mib\u0151l k\u00e9sz\u00fclnek a fogsorok?<\/h3>\n<p>A m\u0171fogsor fogtechnikai laborat\u00f3riumban a levett lenyomat alapj\u00e1n szem\u00e9lyre szabottan k\u00e9sz\u00fcl. Alapja h\u00fassz\u00edn\u0171 m\u0171anyag, mely a fog\u00ednyre illeszkedik. A fels\u0151 m\u0171fogsor befedi a sz\u00e1jpadl\u00e1st, m\u00edg az als\u00f3 fogsor patk\u00f3 alak\u00fa. A fogsor v\u00e1za f\u00e9mb\u0151l is k\u00e9sz\u00fclhet. A fogak \u00e1ltal\u00e1ban m\u0171anyagb\u00f3l k\u00e9sz\u00fclnek, \u00e9s \u00f6sszhangban vannak a term\u00e9szetes fogak sz\u00edn\u00e9vel, ami f\u0151leg a r\u00e9szleges fogsorok eset\u00e9n fontos.<\/p>","protected":false},"excerpt":{"rendered":"Koron\u00e1k A fog\u00e1szati korona egy fog-form\u00e1j\u00fa \u00fan. \u201esapka\u201d, amelyet az el\u0151k\u00e9sz\u00edtett, lecs\u00edszolt fog megmaradt csonkj\u00e1ra ragasztanak\u00a0\u00e9s ez\u00e1ltal azt meger\u0151s\u00edti \u00e9s visszaadja az eredeti, term\u00e9szetes fog form\u00e1j\u00e1t \u00e9s sz\u00edn\u00e9t. A koron\u00e1kat a fog\u00e1szati laborat\u00f3riumok k\u00e9sz\u00edtik. K\u00e9sz\u00fclhetnek ker\u00e1mi\u00e1b\u00f3l f\u00e9m alappal, vagy nemesf\u00e9m alappal vagy tiszt\u00e1n ker\u00e1mi\u00e1b\u00f3l. A kezel\u00e9s sor\u00e1n legal\u00e1bb k\u00e9tszer-h\u00e1romszor kell az orvost felkeresnie. Els\u0151 alkalommal&#8230; <a class=\"view-article\" href=\"https:\/\/www.kakadudental.hu\/hu\/szolgaltatasaink\/fogpotlasok\/\">Tartalom Megtekint\u00e9se<\/a>","protected":false},"author":1,"featured_media":0,"parent":13,"menu_order":27,"comment_status":"closed","ping_status":"closed","template":"","meta":{"ngg_post_thumbnail":0,"footnotes":""},"class_list":["post-33","page","type-page","status-publish","hentry"],"aioseo_notices":[],"_links":{"self":[{"href":"https:\/\/www.kakadudental.hu\/hu\/wp-json\/wp\/v2\/pages\/33","targetHints":{"allow":["GET"]}}],"collection":[{"href":"https:\/\/www.kakadudental.hu\/hu\/wp-json\/wp\/v2\/pages"}],"about":[{"href":"https:\/\/www.kakadudental.hu\/hu\/wp-json\/wp\/v2\/types\/page"}],"author":[{"embeddable":true,"href":"https:\/\/www.kakadudental.hu\/hu\/wp-json\/wp\/v2\/users\/1"}],"replies":[{"embeddable":true,"href":"https:\/\/www.kakadudental.hu\/hu\/wp-json\/wp\/v2\/comments?post=33"}],"version-history":[{"count":4,"href":"https:\/\/www.kakadudental.hu\/hu\/wp-json\/wp\/v2\/pages\/33\/revisions"}],"predecessor-version":[{"id":204,"href":"https:\/\/www.kakadudental.hu\/hu\/wp-json\/wp\/v2\/pages\/33\/revisions\/204"}],"up":[{"embeddable":true,"href":"https:\/\/www.kakadudental.hu\/hu\/wp-json\/wp\/v2\/pages\/13"}],"wp:attachment":[{"href":"https:\/\/www.kakadudental.hu\/hu\/wp-json\/wp\/v2\/media?parent=33"}],"curies":[{"name":"wp","href":"https:\/\/api.w.org\/{rel}","templated":true}]}}