{"id":30,"date":"2016-06-13T09:24:50","date_gmt":"2016-06-13T09:24:50","guid":{"rendered":"http:\/\/www.kakadudental.hu\/hu\/?page_id=30"},"modified":"2017-01-15T17:13:36","modified_gmt":"2017-01-15T16:13:36","slug":"fogmegtarto-kezelesek","status":"publish","type":"page","link":"https:\/\/www.kakadudental.hu\/hu\/szolgaltatasaink\/fogmegtarto-kezelesek\/","title":{"rendered":"Fogmegtart\u00f3 kezel\u00e9sek"},"content":{"rendered":"<p><div id=\"sidebar_right\">\n<img loading=\"lazy\" decoding=\"async\" src=\"\/wp-content\/gallery\/megtarto\/kezels2.jpg\" alt=\"kezels2\" width=\"200\" height=\"120\"><br>\n<img loading=\"lazy\" decoding=\"async\" src=\"\/wp-content\/gallery\/megtarto\/elotte.jpg\" alt=\"elotte\" width=\"200\" height=\"120\"><br>\n<img loading=\"lazy\" decoding=\"async\" src=\"\/wp-content\/gallery\/megtarto\/utana.jpg\" alt=\"utana\" width=\"200\" height=\"120\"><br>\n<img loading=\"lazy\" decoding=\"async\" src=\"\/wp-content\/gallery\/megtarto\/konzervalo.jpg\" alt=\"konzervalo\" width=\"200\" height=\"120\"><br>\n<img loading=\"lazy\" decoding=\"async\" src=\"\/wp-content\/gallery\/megtarto\/konzervalo2.jpg\" alt=\"konzervalo2\" width=\"200\" height=\"120\"><br>\n<img loading=\"lazy\" decoding=\"async\" src=\"\/wp-content\/gallery\/megtarto\/tomes.jpg\" alt=\"tomes\" width=\"200\" height=\"120\"><br>\n<img loading=\"lazy\" decoding=\"async\" src=\"\/wp-content\/gallery\/megtarto\/inlay_arany.jpg\" alt=\"inlay_arany\" width=\"200\" height=\"120\"><br>\n<img loading=\"lazy\" decoding=\"async\" src=\"\/wp-content\/gallery\/megtarto\/barazdazaras.jpg\" alt=\"barazdazaras\" width=\"200\" height=\"120\"><br>\n<img loading=\"lazy\" decoding=\"async\" src=\"\/wp-content\/gallery\/megtarto\/barazdazaras2.jpg\" alt=\"barazdazaras2\" width=\"200\" height=\"120\"><br>\n<img loading=\"lazy\" decoding=\"async\" src=\"\/wp-content\/gallery\/megtarto\/gyokerkezeles2.jpg\" alt=\"gyokerkezeles2\" width=\"200\" height=\"120\"><br>\n<img loading=\"lazy\" decoding=\"async\" src=\"\/wp-content\/gallery\/megtarto\/keramiahely.jpg\" alt=\"keramiahely\" width=\"200\" height=\"120\"><br>\n<img loading=\"lazy\" decoding=\"async\" src=\"\/wp-content\/gallery\/megtarto\/gyokerkezeles.jpg\" alt=\"gyokerkezeles\" width=\"200\" height=\"120\"><br>\n<img loading=\"lazy\" decoding=\"async\" class=\"last\" src=\"\/wp-content\/gallery\/megtarto\/gyokertomes.jpg\" alt=\"gyokertomes\" width=\"200\" height=\"120\"><br>\n<\/div>\n<\/p>\n<h2>Fogt\u00f6m\u00e9sek<\/h2>\n<p>A mindennapi munk\u00e1ban szinte a leggyakrabban alkalmazott m\u00f3dszer. A fogorvos el\u0151sz\u00f6r elt\u00e1vol\u00edtja a szuvas fogr\u00e9szeket, kitiszt\u00edtja az \u00e9rintett ter\u00fcletet, \u00e9s azt\u00e1n bet\u00f6mi a kitiszt\u00edtott \u00fcreget t\u00f6bb r\u00e9tegben t\u00f6m\u0151anyaggal, ez\u00e1ltal megg\u00e1tolja a tov\u00e1bbi fogszuvasod\u00e1st. \u00c1ltal\u00e1ban egy alkalommal elv\u00e9gezhet\u0151 kezel\u00e9si m\u00f3d.<\/p>\n<p>Ma m\u00e1r az orvostudom\u00e1ny el\u0151rehaladt\u00e1val a szervezetre nem t\u00fal eg\u00e9szs\u00e9ges \u00e9s kev\u00e9sb\u00e9 eszt\u00e9tikus amalg\u00e1mt\u00f6m\u00e9st felv\u00e1ltott\u00e1k a f\u00e9ny hat\u00e1s\u00e1ra megk\u00f6t\u0151 eszt\u00e9tikus, fogsz\u00edn\u0171 t\u00f6m\u00e9sek.<\/p>\n<p><strong>Fogsz\u00edn\u0171 t\u00f6m\u00e9sek<\/strong> (feh\u00e9r t\u00f6m\u00e9sek, kompozit t\u00f6m\u00e9sek)<\/p>\n<p>Ezek \u00e1ltal\u00e1ban \u00fcvegr\u00e9szecsk\u00e9kb\u0151l, szintetikus gyant\u00e1b\u00f3l \u00e9s k\u00f6t\u0151anyagokb\u00f3l k\u00e9sz\u00fclnek.<\/p>\n<p>A fenti anyagok ugyanolyan sz\u00edn\u0171ek, mint az \u00d6n fogai, mert l\u00e9nyeges a term\u00e9szetes megjelen\u00e9s. K\u00fcl\u00f6nf\u00e9le sz\u00edn\u0171 \u00e9s fizikai tulajdons\u00e1g\u00fa r\u00e9tegek egym\u00e1sra helyez\u00e9s\u00e9vel, hibrid technik\u00e1kkal az eredetihez messzemen\u0151kig hasonl\u00edt\u00f3 fogakat lehet \u00e9p\u00edteni.<\/p>\n<p><strong>\u00c9rdemes kicser\u00e9ltetni az amalg\u00e1mt\u00f6m\u00e9seket?<\/strong><\/p>\n<p>Igen, \u00e9s ennek k\u00e9t oka van: a neh\u00e9zf\u00e9m terhel\u00e9s \u00e9s az eszt\u00e9tika. Ha a csere mellett d\u00f6nt, akkor az amalg\u00e1mt\u00f6m\u00e9sek nagyr\u00e9sze kicser\u00e9lhet\u0151 modern, tart\u00f3s fogsz\u00edn\u0171 t\u00f6m\u00e9sekre is, de n\u00e9ha elker\u00fclhetetlen a t\u00fal nagy amalg\u00e1mt\u00f6m\u00e9ssel ell\u00e1tott fogak lecs\u00edszol\u00e1sa \u00e9s koron\u00e1val val\u00f3 ell\u00e1t\u00e1suk.<\/p>\n<h2>Inlay \/ bet\u00e9t<\/h2>\n<p>A fogmegtart\u00f3 kezel\u00e9sek k\u00f6z\u00fcl egyes esetekben az inlay is megold\u00e1st jelenthet. Az elj\u00e1r\u00e1s legalapvet\u0151bb elt\u00e9r\u00e9se a fogt\u00f6m\u00e9ssel szemben, hogy ez a fogorvos \u00e9s a fogtechnikus \u00f6sszehangolt munk\u00e1j\u00e1val t\u00f6rt\u00e9nik. Az orvos a szuvas fog\u00e1llom\u00e1ny elt\u00e1vol\u00edt\u00e1sa ut\u00e1n egy speci\u00e1lis \u00fcreget alak\u00edt ki a fogon, majd egy lenyomat seg\u00edts\u00e9g\u00e9vel a fogtechnikus a laborat\u00f3riumban elk\u00e9sz\u00edti a k\u00edv\u00e1nt m\u00e9ret\u0171, alak\u00fa, sz\u00edn\u0171 bet\u00e9tet, azaz az inlay-t. Elk\u00e9sz\u00edt\u00e9se k\u00e9t alkalmat vesz ig\u00e9nybe \u00e9s el\u0151k\u00e9sz\u00edt\u00e9se helyi \u00e9rz\u00e9stelen\u00edt\u00e9sben zajlik. A\u00a0t\u00f6m\u00e9sekhez k\u00e9pest ez egy k\u00f6lts\u00e9gesebb elj\u00e1r\u00e1s. Az al\u00e1bbiak hat\u00e1rozz\u00e1k meg, hogy \u00d6nnek melyik megold\u00e1s a legmegfelel\u0151bb:<\/p>\n<ul>\n<li>a szuvasod\u00e1s m\u00e9rt\u00e9ke, nagys\u00e1ga<\/li>\n<li>a fog \u00e9p felsz\u00edneinek terhelhet\u0151s\u00e9ge<\/li>\n<li>az eszt\u00e9tikai ig\u00e9nyek<\/li>\n<li>\u00e9s a k\u00f6lts\u00e9gek.<\/li>\n<\/ul>\n<p><strong>Milyen anyagokb\u00f3l k\u00e9sz\u00fclhetnek az inlay-k?<\/strong><\/p>\n<p><strong>Aranyb\u00f3l<\/strong>, melyek laborat\u00f3riumban k\u00e9sz\u00fclnek, \u00e9s ezeket ragasztj\u00e1k be a hely\u00fckre. El\u0151nye, hogy cs\u00f6kkenti a m\u00e1sodlagos, azaz a bet\u00e9t alatt kialakul\u00f3 tov\u00e1bbi sz\u00favasod\u00e1s val\u00f3sz\u00edn\u0171s\u00e9g\u00e9t, ezenk\u00edv\u00fcl kiv\u00e1l\u00f3an\u00a0\u00f6sszepol\u00edrozhat\u00f3 a m\u00e9g maradt eg\u00e9szs\u00e9ges fogsz\u00e9lekkel \u00e9s nagyfokban\u00a0allergiamentes. A tiszta aranyhoz csak nemesf\u00e9meket haszn\u00e1lnak tov\u00e1bbi \u00f6tv\u00f6z\u0151anyagk\u00e9nt pl. palladium, platina stb.<\/p>\n<p>H\u00e1tr\u00e1nya, hogy az arany az elm\u00falt \u00e9vekben nagyon megdr\u00e1gult, illetve hogy az aranyfog sz\u00edne lehet zavar\u00f3, de erre is van megold\u00e1s, ugyanis kombin\u00e1lhat\u00f3 porcel\u00e1nnal. T\u00f6bb mint 20 \u00e9v lehet az \u00e9lettartama.<\/p>\n<p><strong>Arany b\u00e1zis + porcel\u00e1n<\/strong>: ez az \u00fagynevezett galv\u00e1ntechnol\u00f3gia. A k\u00fcl\u00f6nbs\u00e9g a fentiekkel szemben, hogy az arany b\u00e1zis\u00fa inlayra porcel\u00e1n leplez\u00e9s ker\u00fcl, csak a bet\u00e9t sz\u00e9l\u00e9n k\u00f6rk\u00f6r\u00f6sen a fogtechnikus egy arany peremet hagy a m\u00e9g pontosabb illeszked\u00e9s \u00e9rdek\u00e9ben. El\u0151nyei ugyanazok, mint a fent eml\u00edtettek, \u00a0h\u00e1tr\u00e1nya az \u00e1ra.<\/p>\n<p><strong>Ker\u00e1mi\u00e1b\u00f3l<\/strong>, melyek laborat\u00f3riumban k\u00e9sz\u00fclnek, \u00e9s azut\u00e1n ragasztj\u00e1k be azokat. Ez eredeti fogsz\u00edn kiv\u00e1laszthat\u00f3 \u00e9s ez az anyag sem nem sz\u00ednez\u0151dik el. Ker\u00e1mi\u00e1val \u00e1ltal\u00e1ban a fog nagy r\u00e9sz\u00e9t helyre\u00e1ll\u00edthatjuk. \u00c1ra kedvez\u0151bb, mint az arany inlay-\u00e9.<\/p>\n<p><strong>Cirk\u00f3niumoxid <\/strong>b\u00e1zis + porcel\u00e1n: f\u00e9mmentes bet\u00e9tr\u0151l van sz\u00f3, \u00edgy b\u00e1rmilyen f\u00e9mallergia eset\u00e9n alkalmazhat\u00f3. Magas a terhelhet\u0151s\u00e9ge \u00e9s nagyon sz\u00e9p sz\u00ednekben k\u00e9sz\u00edthet\u0151. Rendk\u00edv\u00fcli el\u0151nyei miatt \u00e1ra kicsit dr\u00e1g\u00e1bb, de hossz\u00fa t\u00e1von megt\u00e9r\u00fcl, mind tart\u00f3ss\u00e1gban, mind eszt\u00e9tik\u00e1ban! Modern CAD-CAM \u00a0technol\u00f3gi\u00e1val k\u00e9sz\u00fclnek.<\/p>\n<h2>Bar\u00e1zdaz\u00e1r\u00e1s<\/h2>\n<p>A fogszuvasod\u00e1s megel\u0151z\u00e9s\u00e9nek egyik leghat\u00e9konyabb m\u00f3dszere. \u00c9rz\u00e9stelen\u00edt\u00e9st nem ig\u00e9nyl\u0151 beavatkoz\u00e1s.<\/p>\n<p>A nagy\u00f6rl\u0151 fogak r\u00e1g\u00f3felsz\u00edni bar\u00e1zd\u00e1iban \u00e9s g\u00f6dr\u00f6csk\u00e9iben a leped\u00e9k \u00e9s ez\u00e1ltal a bakt\u00e9riumok k\u00f6nnyebben megtapadnak. Ezek a fel\u00fcletek gyakran annyira m\u00e9lyek, hogy a fogkef\u00e9vel nehezen vagy szinte egy\u00e1ltal\u00e1n nem tiszt\u00edthat\u00f3ak. A m\u00e9ly, szabad szemmel alig l\u00e1that\u00f3 r\u00e9sek foly\u00e9kony t\u00f6m\u0151anyaggal val\u00f3 felt\u00f6lt\u00e9s\u00e9t h\u00edvjuk bar\u00e1zdaz\u00e1r\u00e1snak. \u00cdgy a fogak k\u00f6nnyen tiszt\u00edthat\u00f3ak \u00e9s a szuvasod\u00e1s elker\u00fclhet\u0151.<\/p>\n<h2>Veneer \/ ker\u00e1miah\u00e9j<\/h2>\n<p>A veneer egy hajsz\u00e1lv\u00e9kony ker\u00e1miah\u00e9jat jelent, melyet fogtechnikus k\u00e9sz\u00edt. Ezzel a restaur\u00e1ci\u00f3s elj\u00e1r\u00e1ssal a lepattant, let\u00f6redezett, foltos, elsz\u00ednez\u0151d\u00f6tt els\u0151\u00a0fogak korrig\u00e1lhat\u00f3k, eszt\u00e9tikuss\u00e1 var\u00e1zsolhat\u00f3k. A term\u00e9szetes fog megmarad, csup\u00e1n optikailag v\u00e1ltozik el\u0151ny\u00e9re, de nem minden els\u0151 fogra elk\u00e9sz\u00edthet\u0151.<\/p>\n<h2>Gy\u00f6k\u00e9rkezel\u00e9s<\/h2>\n<p>A beavatkoz\u00e1s l\u00e9nyege a gyulladt vagy elhalt fogak gy\u00f6k\u00e9rcsatorn\u00e1j\u00e1nak kitiszt\u00edt\u00e1sa, kezel\u00e9se, az elhalt fogb\u00e9l elt\u00e1vol\u00edt\u00e1sa \u00e9s a fent marad\u00f3 \u00fcreg teljesen l\u00e9gmentes lez\u00e1r\u00e1sa gy\u00f6k\u00e9rt\u00f6m\u0151 anyagok seg\u00edts\u00e9g\u00e9vel.<\/p>\n<p>Gy\u00f6k\u00e9rkezel\u00e9sre akkor van sz\u00fcks\u00e9g, ha a fogb\u00e9l fert\u0151z\u00f6tt, vagy gyulladt. A fert\u0151z\u00e9s sz\u00e9tterjedhet \u00e9s gennyesed\u00e9st, csontlebont\u00f3d\u00e1st, f\u00e1jdalmat okozhat. Gy\u00f6k\u00e9rkezel\u00e9s n\u00e9lk\u00fcl lehet, hogy a fogat el kell t\u00e1vol\u00edtani. Az elj\u00e1r\u00e1s \u00e1ltal\u00e1ban f\u00e1jdalommentes, helyi \u00e9rz\u00e9stelen\u00edt\u00e9ssel t\u00f6rt\u00e9nik, viszont id\u0151ig\u00e9nyes folyamat, ez\u00e9rt a fogorvost t\u00f6bb alkalommal fel kell keresni.<\/p>","protected":false},"excerpt":{"rendered":"Fogt\u00f6m\u00e9sek A mindennapi munk\u00e1ban szinte a leggyakrabban alkalmazott m\u00f3dszer. A fogorvos el\u0151sz\u00f6r elt\u00e1vol\u00edtja a szuvas fogr\u00e9szeket, kitiszt\u00edtja az \u00e9rintett ter\u00fcletet, \u00e9s azt\u00e1n bet\u00f6mi a kitiszt\u00edtott \u00fcreget t\u00f6bb r\u00e9tegben t\u00f6m\u0151anyaggal, ez\u00e1ltal megg\u00e1tolja a tov\u00e1bbi fogszuvasod\u00e1st. \u00c1ltal\u00e1ban egy alkalommal elv\u00e9gezhet\u0151 kezel\u00e9si m\u00f3d. Ma m\u00e1r az orvostudom\u00e1ny el\u0151rehaladt\u00e1val a szervezetre nem t\u00fal eg\u00e9szs\u00e9ges \u00e9s kev\u00e9sb\u00e9 eszt\u00e9tikus amalg\u00e1mt\u00f6m\u00e9st felv\u00e1ltott\u00e1k&#8230; <a class=\"view-article\" href=\"https:\/\/www.kakadudental.hu\/hu\/szolgaltatasaink\/fogmegtarto-kezelesek\/\">Tartalom Megtekint\u00e9se<\/a>","protected":false},"author":1,"featured_media":0,"parent":13,"menu_order":26,"comment_status":"closed","ping_status":"closed","template":"","meta":{"ngg_post_thumbnail":0,"footnotes":""},"class_list":["post-30","page","type-page","status-publish","hentry"],"aioseo_notices":[],"_links":{"self":[{"href":"https:\/\/www.kakadudental.hu\/hu\/wp-json\/wp\/v2\/pages\/30","targetHints":{"allow":["GET"]}}],"collection":[{"href":"https:\/\/www.kakadudental.hu\/hu\/wp-json\/wp\/v2\/pages"}],"about":[{"href":"https:\/\/www.kakadudental.hu\/hu\/wp-json\/wp\/v2\/types\/page"}],"author":[{"embeddable":true,"href":"https:\/\/www.kakadudental.hu\/hu\/wp-json\/wp\/v2\/users\/1"}],"replies":[{"embeddable":true,"href":"https:\/\/www.kakadudental.hu\/hu\/wp-json\/wp\/v2\/comments?post=30"}],"version-history":[{"count":6,"href":"https:\/\/www.kakadudental.hu\/hu\/wp-json\/wp\/v2\/pages\/30\/revisions"}],"predecessor-version":[{"id":198,"href":"https:\/\/www.kakadudental.hu\/hu\/wp-json\/wp\/v2\/pages\/30\/revisions\/198"}],"up":[{"embeddable":true,"href":"https:\/\/www.kakadudental.hu\/hu\/wp-json\/wp\/v2\/pages\/13"}],"wp:attachment":[{"href":"https:\/\/www.kakadudental.hu\/hu\/wp-json\/wp\/v2\/media?parent=30"}],"curies":[{"name":"wp","href":"https:\/\/api.w.org\/{rel}","templated":true}]}}