{"id":24,"date":"2016-06-13T09:20:02","date_gmt":"2016-06-13T09:20:02","guid":{"rendered":"http:\/\/www.kakadudental.hu\/hu\/?page_id=24"},"modified":"2016-12-06T15:59:09","modified_gmt":"2016-12-06T14:59:09","slug":"szamitogepes-dokumentacio","status":"publish","type":"page","link":"https:\/\/www.kakadudental.hu\/hu\/szolgaltatasaink\/szamitogepes-dokumentacio\/","title":{"rendered":"Sz\u00e1m\u00edt\u00f3g\u00e9pes dokument\u00e1ci\u00f3"},"content":{"rendered":"<p><div id=\"sidebar_right\">\n<img loading=\"lazy\" decoding=\"async\" src=\"\/wp-content\/gallery\/dokumentacio\/digitalis.jpg\" alt=\"digitalis\" width=\"200\" height=\"120\"><br>\n<img loading=\"lazy\" decoding=\"async\" src=\"\/wp-content\/gallery\/dokumentacio\/konzultacio.jpg\" alt=\"konzultacio\" width=\"200\" height=\"120\"><br>\n<img loading=\"lazy\" decoding=\"async\" class=\"last\" src=\"\/wp-content\/gallery\/dokumentacio\/rontgengep.jpg\" alt=\"rontgengep\" width=\"200\" height=\"120\"><br>\n<\/div>\n<\/p>\n<p>A kezel\u00e9s id\u0151tartam\u00e1nak \u00e9s \u00e1r\u00e1nak pontos meghat\u00e1roz\u00e1s\u00e1hoz alapos vizsg\u00e1latra, \u00e1llapotfelm\u00e9r\u00e9sre van sz\u00fcks\u00e9g\u00fcnk, melyhez a digit\u00e1lis intraor\u00e1lis \u00e9s panor\u00e1ma r\u00f6ntgenfelv\u00e9tel elengedhetetlen fontoss\u00e1g\u00fa. Ez kieg\u00e9sz\u00edt\u0151 inform\u00e1ci\u00f3kat ny\u00fajt a p\u00e1ciens fogazat\u00e1nak \u00e1llapot\u00e1r\u00f3l.<\/p>\n<p>Amennyiben \u00d6n m\u00e1r rendelkezik k\u00e9sz kezel\u00e9si tervvel, vagy 3 h\u00f3napn\u00e1l nem r\u00e9gebbi r\u00f6ntgenfelv\u00e9tellel, k\u00e9rj\u00fck k\u00fcldje el sz\u00e1munkra, orvosaink az alapj\u00e1n is tudnak t\u00e1j\u00e9koztat\u00f3 jelleg\u0171 \u00e1raj\u00e1nlatot k\u00e9sz\u00edteni.<\/p>","protected":false},"excerpt":{"rendered":"A kezel\u00e9s id\u0151tartam\u00e1nak \u00e9s \u00e1r\u00e1nak pontos meghat\u00e1roz\u00e1s\u00e1hoz alapos vizsg\u00e1latra, \u00e1llapotfelm\u00e9r\u00e9sre van sz\u00fcks\u00e9g\u00fcnk, melyhez a digit\u00e1lis intraor\u00e1lis \u00e9s panor\u00e1ma r\u00f6ntgenfelv\u00e9tel elengedhetetlen fontoss\u00e1g\u00fa. Ez kieg\u00e9sz\u00edt\u0151 inform\u00e1ci\u00f3kat ny\u00fajt a p\u00e1ciens fogazat\u00e1nak \u00e1llapot\u00e1r\u00f3l. Amennyiben \u00d6n m\u00e1r rendelkezik k\u00e9sz kezel\u00e9si tervvel, vagy 3 h\u00f3napn\u00e1l nem r\u00e9gebbi r\u00f6ntgenfelv\u00e9tellel, k\u00e9rj\u00fck k\u00fcldje el sz\u00e1munkra, orvosaink az alapj\u00e1n is tudnak t\u00e1j\u00e9koztat\u00f3 jelleg\u0171 \u00e1raj\u00e1nlatot k\u00e9sz\u00edteni.","protected":false},"author":1,"featured_media":0,"parent":13,"menu_order":25,"comment_status":"closed","ping_status":"closed","template":"","meta":{"ngg_post_thumbnail":0,"footnotes":""},"class_list":["post-24","page","type-page","status-publish","hentry"],"aioseo_notices":[],"_links":{"self":[{"href":"https:\/\/www.kakadudental.hu\/hu\/wp-json\/wp\/v2\/pages\/24","targetHints":{"allow":["GET"]}}],"collection":[{"href":"https:\/\/www.kakadudental.hu\/hu\/wp-json\/wp\/v2\/pages"}],"about":[{"href":"https:\/\/www.kakadudental.hu\/hu\/wp-json\/wp\/v2\/types\/page"}],"author":[{"embeddable":true,"href":"https:\/\/www.kakadudental.hu\/hu\/wp-json\/wp\/v2\/users\/1"}],"replies":[{"embeddable":true,"href":"https:\/\/www.kakadudental.hu\/hu\/wp-json\/wp\/v2\/comments?post=24"}],"version-history":[{"count":8,"href":"https:\/\/www.kakadudental.hu\/hu\/wp-json\/wp\/v2\/pages\/24\/revisions"}],"predecessor-version":[{"id":178,"href":"https:\/\/www.kakadudental.hu\/hu\/wp-json\/wp\/v2\/pages\/24\/revisions\/178"}],"up":[{"embeddable":true,"href":"https:\/\/www.kakadudental.hu\/hu\/wp-json\/wp\/v2\/pages\/13"}],"wp:attachment":[{"href":"https:\/\/www.kakadudental.hu\/hu\/wp-json\/wp\/v2\/media?parent=24"}],"curies":[{"name":"wp","href":"https:\/\/api.w.org\/{rel}","templated":true}]}}