{"id":20,"date":"2016-06-13T09:10:25","date_gmt":"2016-06-13T09:10:25","guid":{"rendered":"http:\/\/www.kakadudental.hu\/hu\/?page_id=20"},"modified":"2017-01-15T17:05:28","modified_gmt":"2017-01-15T16:05:28","slug":"fogaszati-konzultacio","status":"publish","type":"page","link":"https:\/\/www.kakadudental.hu\/hu\/szolgaltatasaink\/fogaszati-konzultacio\/","title":{"rendered":"Fog\u00e1szati konzult\u00e1ci\u00f3"},"content":{"rendered":"<p><div id=\"sidebar_right\">\n<img loading=\"lazy\" decoding=\"async\" src=\"\/wp-content\/gallery\/konzultacio\/oralkamera.jpg\" alt=\"oralkamera\" width=\"200\" height=\"120\"><br>\n<img loading=\"lazy\" decoding=\"async\" src=\"\/wp-content\/gallery\/konzultacio\/szaj1.jpg\" alt=\"szaj1\" width=\"200\" height=\"120\"><br>\n<img loading=\"lazy\" decoding=\"async\" class=\"last\" src=\"\/wp-content\/gallery\/konzultacio\/szures.jpg\" alt=\"szures\" width=\"200\" height=\"120\"><br>\n<\/div>\n<\/p>\n<h3>Telefonos vagy internetes bejelentkez\u00e9st k\u00f6vet\u0151en ingyenes \u00e1llapotfelm\u00e9r\u00e9s, kezel\u00e9si terv \u00e9s \u00e1raj\u00e1nlat k\u00e9sz\u00edt\u00e9s!<\/h3>\n<p><strong>Mi t\u00f6rt\u00e9nik az els\u0151 konzult\u00e1ci\u00f3 alkalm\u00e1val?<\/strong><\/p>\n<p>St\u00e1tuszfelv\u00e9tel, k\u00f3rel\u0151zm\u00e9ny, esetleg m\u00e1r megl\u00e9v\u0151 r\u00f6ntgenfelv\u00e9telek, dokumentumok \u00e1ttekint\u00e9se<\/p>\n<ul>\n<li>Fog\u00e1szati sz\u0171r\u00e9s<\/li>\n<li>R\u00f6ntgenfelv\u00e9tel vagy CT elemz\u00e9s, or\u00e1lkamer\u00e1s vizsg\u00e1lat<\/li>\n<li>Diagn\u00f3zisfel\u00e1ll\u00edt\u00e1s<\/li>\n<li>Tan\u00e1csad\u00e1s, t\u00e1j\u00e9koztat\u00e1s a leg\u00fajabb m\u00f3dszerekr\u0151l, fog\u00e1szati elj\u00e1r\u00e1sokr\u00f3l<\/li>\n<li>Egy\u00e9nre szabott kezel\u00e9si terv k\u00e9sz\u00edt\u00e9se<\/li>\n<\/ul>\n<p><\/p>","protected":false},"excerpt":{"rendered":"Telefonos vagy internetes bejelentkez\u00e9st k\u00f6vet\u0151en ingyenes \u00e1llapotfelm\u00e9r\u00e9s, kezel\u00e9si terv \u00e9s \u00e1raj\u00e1nlat k\u00e9sz\u00edt\u00e9s! Mi t\u00f6rt\u00e9nik az els\u0151 konzult\u00e1ci\u00f3 alkalm\u00e1val? St\u00e1tuszfelv\u00e9tel, k\u00f3rel\u0151zm\u00e9ny, esetleg m\u00e1r megl\u00e9v\u0151 r\u00f6ntgenfelv\u00e9telek, dokumentumok \u00e1ttekint\u00e9se Fog\u00e1szati sz\u0171r\u00e9s R\u00f6ntgenfelv\u00e9tel vagy CT elemz\u00e9s, or\u00e1lkamer\u00e1s vizsg\u00e1lat Diagn\u00f3zisfel\u00e1ll\u00edt\u00e1s Tan\u00e1csad\u00e1s, t\u00e1j\u00e9koztat\u00e1s a leg\u00fajabb m\u00f3dszerekr\u0151l, fog\u00e1szati elj\u00e1r\u00e1sokr\u00f3l Egy\u00e9nre szabott kezel\u00e9si terv k\u00e9sz\u00edt\u00e9se","protected":false},"author":1,"featured_media":0,"parent":13,"menu_order":24,"comment_status":"closed","ping_status":"closed","template":"","meta":{"ngg_post_thumbnail":0,"footnotes":""},"class_list":["post-20","page","type-page","status-publish","hentry"],"aioseo_notices":[],"_links":{"self":[{"href":"https:\/\/www.kakadudental.hu\/hu\/wp-json\/wp\/v2\/pages\/20","targetHints":{"allow":["GET"]}}],"collection":[{"href":"https:\/\/www.kakadudental.hu\/hu\/wp-json\/wp\/v2\/pages"}],"about":[{"href":"https:\/\/www.kakadudental.hu\/hu\/wp-json\/wp\/v2\/types\/page"}],"author":[{"embeddable":true,"href":"https:\/\/www.kakadudental.hu\/hu\/wp-json\/wp\/v2\/users\/1"}],"replies":[{"embeddable":true,"href":"https:\/\/www.kakadudental.hu\/hu\/wp-json\/wp\/v2\/comments?post=20"}],"version-history":[{"count":6,"href":"https:\/\/www.kakadudental.hu\/hu\/wp-json\/wp\/v2\/pages\/20\/revisions"}],"predecessor-version":[{"id":197,"href":"https:\/\/www.kakadudental.hu\/hu\/wp-json\/wp\/v2\/pages\/20\/revisions\/197"}],"up":[{"embeddable":true,"href":"https:\/\/www.kakadudental.hu\/hu\/wp-json\/wp\/v2\/pages\/13"}],"wp:attachment":[{"href":"https:\/\/www.kakadudental.hu\/hu\/wp-json\/wp\/v2\/media?parent=20"}],"curies":[{"name":"wp","href":"https:\/\/api.w.org\/{rel}","templated":true}]}}