{"id":134,"date":"2016-06-14T07:21:28","date_gmt":"2016-06-14T07:21:28","guid":{"rendered":"http:\/\/www.kakadudental.hu\/hu\/?page_id=134"},"modified":"2023-01-10T11:58:21","modified_gmt":"2023-01-10T10:58:21","slug":"akcios-ajanlatok","status":"publish","type":"page","link":"https:\/\/www.kakadudental.hu\/hu\/akcios-ajanlatok\/","title":{"rendered":"Akci\u00f3s aj\u00e1nlatok"},"content":{"rendered":"<p>Az egy\u00e9ni sz\u00e1jhigi\u00e9n\u00e9t jav\u00edt\u00f3 szem\u00e9lyes sz\u00e1j\u00e1pol\u00e1si tan\u00e1csad\u00e1st nagyon fontosnak tartjuk, ennek a rendszer szint\u0171 kidolgoz\u00e1sa folyamatban van.<\/p>\n<p>R\u00e9szletek hamarosan&#8230;.<\/p>\n<p>&nbsp;<\/p>","protected":false},"excerpt":{"rendered":"Az egy\u00e9ni sz\u00e1jhigi\u00e9n\u00e9t jav\u00edt\u00f3 szem\u00e9lyes sz\u00e1j\u00e1pol\u00e1si tan\u00e1csad\u00e1st nagyon fontosnak tartjuk, ennek a rendszer szint\u0171 kidolgoz\u00e1sa folyamatban van. R\u00e9szletek hamarosan&#8230;. &nbsp;","protected":false},"author":1,"featured_media":135,"parent":0,"menu_order":4,"comment_status":"closed","ping_status":"closed","template":"","meta":{"ngg_post_thumbnail":0,"footnotes":""},"class_list":["post-134","page","type-page","status-publish","has-post-thumbnail","hentry"],"aioseo_notices":[],"_links":{"self":[{"href":"https:\/\/www.kakadudental.hu\/hu\/wp-json\/wp\/v2\/pages\/134","targetHints":{"allow":["GET"]}}],"collection":[{"href":"https:\/\/www.kakadudental.hu\/hu\/wp-json\/wp\/v2\/pages"}],"about":[{"href":"https:\/\/www.kakadudental.hu\/hu\/wp-json\/wp\/v2\/types\/page"}],"author":[{"embeddable":true,"href":"https:\/\/www.kakadudental.hu\/hu\/wp-json\/wp\/v2\/users\/1"}],"replies":[{"embeddable":true,"href":"https:\/\/www.kakadudental.hu\/hu\/wp-json\/wp\/v2\/comments?post=134"}],"version-history":[{"count":5,"href":"https:\/\/www.kakadudental.hu\/hu\/wp-json\/wp\/v2\/pages\/134\/revisions"}],"predecessor-version":[{"id":244,"href":"https:\/\/www.kakadudental.hu\/hu\/wp-json\/wp\/v2\/pages\/134\/revisions\/244"}],"wp:featuredmedia":[{"embeddable":true,"href":"https:\/\/www.kakadudental.hu\/hu\/wp-json\/wp\/v2\/media\/135"}],"wp:attachment":[{"href":"https:\/\/www.kakadudental.hu\/hu\/wp-json\/wp\/v2\/media?parent=134"}],"curies":[{"name":"wp","href":"https:\/\/api.w.org\/{rel}","templated":true}]}}