{"id":13,"date":"2016-06-13T08:04:22","date_gmt":"2016-06-13T08:04:22","guid":{"rendered":"http:\/\/www.kakadudental.hu\/?page_id=13"},"modified":"2025-08-13T14:13:45","modified_gmt":"2025-08-13T12:13:45","slug":"szolgaltatasaink","status":"publish","type":"page","link":"https:\/\/www.kakadudental.hu\/hu\/szolgaltatasaink\/","title":{"rendered":"Szolg\u00e1ltat\u00e1saink"},"content":{"rendered":"<p><\/p>\n<h2><a href=\"\/hu\/szolgaltatasok\/fogaszati-konzultacio\">Fog\u00e1szati konzult\u00e1ci\u00f3<\/a><\/h2>\n<ul>\n<li>Kezel\u00e9si terv \u00e9s \u00e1raj\u00e1nlat k\u00e9sz\u00edt\u00e9s<\/li>\n<li>Fog\u00e1szati tan\u00e1csad\u00e1s<\/li>\n<li>Fog\u00e1szati sz\u0171r\u00e9s \u00e9s g\u00f3ckutat\u00e1s<\/li>\n<\/ul>\n<h2><a href=\"\/hu\/szolgaltatasok\/szamitogepes-dokumentacio\">Sz\u00e1m\u00edt\u00f3g\u00e9pes dokument\u00e1ci\u00f3<\/a><\/h2>\n<ul>\n<li>Oralkamera<\/li>\n<li>Digit\u00e1lis r\u00f6ntgen ki\u00e9rt\u00e9kel\u00e9s<\/li>\n<li>Panoramar\u00f6ntgen ki\u00e9rt\u00e9kel\u00e9s<\/li>\n<li>CT-felv\u00e9tel ki\u00e9rt\u00e9kel\u00e9s<\/li>\n<li>3D-m\u0171t\u00e9ti terv k\u00e9sz\u00edt\u00e9s<\/li>\n<\/ul>\n<h2><a href=\"\/hu\/szolgaltatasok\/fogmegtarto-kezelesek\">Fogmegtart\u00f3 kezel\u00e9sek<\/a><\/h2>\n<ul>\n<li>Bar\u00e1zdaz\u00e1r\u00e1s<\/li>\n<li>T\u00f6m\u00e9sek f\u00e9nyre k\u00f6t\u0151 t\u00f6m\u0151anyaggal<\/li>\n<li>Inlay &#8211; onlay \/bet\u00e9t\/<\/li>\n<li>Veneer \/h\u00e9jker\u00e1mia\/<\/li>\n<li>Gy\u00f6k\u00e9rkezel\u00e9s, gy\u00f6k\u00e9rcsapok<\/li>\n<li>Fogv\u00e9d\u0151 s\u00ednek<\/li>\n<\/ul>\n<h2><a href=\"\/hu\/szolgaltatasok\/fogpotlasok\">Fogp\u00f3tl\u00e1sok<\/a><\/h2>\n<ul>\n<li>Implant\u00e1tumon elhorgonyzott fogp\u00f3tl\u00e1sok<\/li>\n<li>F\u00e9mker\u00e1mia\u00a0 koron\u00e1k (Kobaltkr\u00f3m vagy Tit\u00e1n alapon)<\/li>\n<li>F\u00e9mmentes Zirkondioxid alap\u00fa ker\u00e1mia koron\u00e1k<\/li>\n<li>Teleszk\u00f3p-koron\u00e1k (f\u00e9m +PEEK)<\/li>\n<li>Hidak<\/li>\n<li>Teljes kivehet\u0151 fogsorok<\/li>\n<li>R\u00e9szleges kivehet\u0151 fogsorok<\/li>\n<li>Ideiglenes fogsorok<\/li>\n<\/ul>\n<h2><a href=\"\/hu\/szolgaltatasok\/szajsebeszeti-beavatkozasok\">Sz\u00e1jseb\u00e9szeti beavatkoz\u00e1sok<\/a><\/h2>\n<ul>\n<li>Implant\u00e1ci\u00f3<\/li>\n<li>Csontp\u00f3tl\u00e1s<\/li>\n<li>Gy\u00f6k\u00e9rcs\u00facs -resectio<\/li>\n<li>Fogelt\u00e1vol\u00edt\u00e1s felt\u00e1r\u00e1sb\u00f3l<\/li>\n<li>Fog\u00ednygyullad\u00e1s korrekci\u00f3ja, ciszta elt\u00e1vol\u00edt\u00e1sa<\/li>\n<\/ul>\n<h2><a href=\"\/hu\/szolgaltatasok\/esztetikai-kezelesek\">Eszt\u00e9tikai kezel\u00e9sek<\/a><\/h2>\n<ul>\n<li>Sz\u00e1jhigi\u00e9n\u00e9s kezel\u00e9sek<\/li>\n<li>Fogk\u0151-elt\u00e1vol\u00edt\u00e1s ultahangos depur\u00e1torral<\/li>\n<li>Air-Flow: nagynyom\u00e1s\u00fa s\u00f3gy\u00f6ngy\u00f6s fogfelsz\u00edn tiszt\u00edt\u00e1s<\/li>\n<li>Pol\u00edroz\u00e1s<\/li>\n<li>Professzion\u00e1lis rendel\u0151i fogfeh\u00e9r\u00edt\u00e9s<\/li>\n<li>Professzion\u00e1lis otthoni fogfeh\u00e9r\u00edt\u0151 rendszerek<\/li>\n<li>iTOP Advanced: egy\u00e9ni sz\u00e1jhigi\u00e9n\u00e9s tan\u00e1csad\u00e1s<\/li>\n<li>Kismama sz\u00e1j\u00e1pol\u00e1si tan\u00e1csad\u00e1s<\/li>\n<li>Fog\u00e9kszer felragaszt\u00e1s<\/li>\n<\/ul>\n<p><span style=\"font-family: Arial, sans-serif; color: #222222; font-size: x-small;\"><span style=\"line-height: normal; white-space: nowrap;\"><strong>\u00a0<\/strong><\/span><\/span><\/p>\n<p>&nbsp;<\/p>\n<p>&nbsp;<\/p>","protected":false},"excerpt":{"rendered":"Fog\u00e1szati konzult\u00e1ci\u00f3 Kezel\u00e9si terv \u00e9s \u00e1raj\u00e1nlat k\u00e9sz\u00edt\u00e9s Fog\u00e1szati tan\u00e1csad\u00e1s Fog\u00e1szati sz\u0171r\u00e9s \u00e9s g\u00f3ckutat\u00e1s Sz\u00e1m\u00edt\u00f3g\u00e9pes dokument\u00e1ci\u00f3 Oralkamera Digit\u00e1lis r\u00f6ntgen ki\u00e9rt\u00e9kel\u00e9s Panoramar\u00f6ntgen ki\u00e9rt\u00e9kel\u00e9s CT-felv\u00e9tel ki\u00e9rt\u00e9kel\u00e9s 3D-m\u0171t\u00e9ti terv k\u00e9sz\u00edt\u00e9s Fogmegtart\u00f3 kezel\u00e9sek Bar\u00e1zdaz\u00e1r\u00e1s T\u00f6m\u00e9sek f\u00e9nyre k\u00f6t\u0151 t\u00f6m\u0151anyaggal Inlay &#8211; onlay \/bet\u00e9t\/ Veneer \/h\u00e9jker\u00e1mia\/ Gy\u00f6k\u00e9rkezel\u00e9s, gy\u00f6k\u00e9rcsapok Fogv\u00e9d\u0151 s\u00ednek Fogp\u00f3tl\u00e1sok Implant\u00e1tumon elhorgonyzott fogp\u00f3tl\u00e1sok F\u00e9mker\u00e1mia\u00a0 koron\u00e1k (Kobaltkr\u00f3m vagy Tit\u00e1n alapon) F\u00e9mmentes Zirkondioxid&#8230; <a class=\"view-article\" href=\"https:\/\/www.kakadudental.hu\/hu\/szolgaltatasaink\/\">Tartalom Megtekint\u00e9se<\/a>","protected":false},"author":1,"featured_media":15,"parent":0,"menu_order":3,"comment_status":"closed","ping_status":"closed","template":"","meta":{"ngg_post_thumbnail":0,"footnotes":""},"class_list":["post-13","page","type-page","status-publish","has-post-thumbnail","hentry"],"aioseo_notices":[],"_links":{"self":[{"href":"https:\/\/www.kakadudental.hu\/hu\/wp-json\/wp\/v2\/pages\/13","targetHints":{"allow":["GET"]}}],"collection":[{"href":"https:\/\/www.kakadudental.hu\/hu\/wp-json\/wp\/v2\/pages"}],"about":[{"href":"https:\/\/www.kakadudental.hu\/hu\/wp-json\/wp\/v2\/types\/page"}],"author":[{"embeddable":true,"href":"https:\/\/www.kakadudental.hu\/hu\/wp-json\/wp\/v2\/users\/1"}],"replies":[{"embeddable":true,"href":"https:\/\/www.kakadudental.hu\/hu\/wp-json\/wp\/v2\/comments?post=13"}],"version-history":[{"count":7,"href":"https:\/\/www.kakadudental.hu\/hu\/wp-json\/wp\/v2\/pages\/13\/revisions"}],"predecessor-version":[{"id":298,"href":"https:\/\/www.kakadudental.hu\/hu\/wp-json\/wp\/v2\/pages\/13\/revisions\/298"}],"wp:featuredmedia":[{"embeddable":true,"href":"https:\/\/www.kakadudental.hu\/hu\/wp-json\/wp\/v2\/media\/15"}],"wp:attachment":[{"href":"https:\/\/www.kakadudental.hu\/hu\/wp-json\/wp\/v2\/media?parent=13"}],"curies":[{"name":"wp","href":"https:\/\/api.w.org\/{rel}","templated":true}]}}