{"id":7,"date":"2016-06-13T07:28:23","date_gmt":"2016-06-13T07:28:23","guid":{"rendered":"http:\/\/www.kakadudental.hu\/?page_id=7"},"modified":"2026-03-06T13:20:12","modified_gmt":"2026-03-06T12:20:12","slug":"orvosaink","status":"publish","type":"page","link":"https:\/\/www.kakadudental.hu\/en\/orvosaink\/","title":{"rendered":"Our dentists"},"content":{"rendered":"<p><\/p>\n<h2>Dr. Adrienn R\u00e9fi<\/h2>\n<h3>Master of Tooth and Mouth Diseases<\/h3>\n<p>1993-2001: University of P\u00e9cs, Faculty of Dentistry<\/p>\n<p>2001: graduation from University<\/p>\n<p>2001-2004: Vital Center Margitsziget<\/p>\n<p>2004- : board certification (specialist exam) in stomatology (dental-oral-diseases)<\/p>\n<p>2004-2005: Vital Center Margitsziget<\/p>\n<p>2005-2009: Vital Center H\u00e9v\u00edz<\/p>\n<p>2010- : Kakadu Dental, Keszthely<\/p>\n<p>Fluent in: Hungarian, German, English<\/p>\n<h2>Dr. Bence Babics\u00e1k<\/h2>\n<h3>Master of Tooth and Mouth Diseases<\/h3>\n<p>1995-2001: University of P\u00e9cs Faculty of Dentistry<\/p>\n<p>2001: graduation from University<\/p>\n<p>2001-2004: Vital Center BEK<\/p>\n<p>2004: board certification (specialist exam) in stomatology (dental-oral-diseases)<\/p>\n<p>2004-2005: Vital Center MOM Park<\/p>\n<p>2005-2008 Vital Center H\u00e9v\u00edz<\/p>\n<p>2008-2010: Gelencs\u00e9r Dental, H\u00e9v\u00edz<br \/>\n2010-: Kakadu Dental, Keszthely<\/p>\n<p>Fluent in: Hungarian, German, English, Italian, Romanian<\/p>","protected":false},"excerpt":{"rendered":"Dr. Adrienn R\u00e9fi Master of Tooth and Mouth Diseases 1993-2001: University of P\u00e9cs, Faculty of Dentistry 2001: graduation from University 2001-2004: Vital Center Margitsziget 2004- : board certification (specialist exam) in stomatology (dental-oral-diseases) 2004-2005: Vital Center Margitsziget 2005-2009: Vital Center H\u00e9v\u00edz 2010- : Kakadu Dental, Keszthely Fluent in: Hungarian, German, English Dr. Bence Babics\u00e1k Master&#8230; <a class=\"view-article\" href=\"https:\/\/www.kakadudental.hu\/en\/orvosaink\/\">View Article<\/a>","protected":false},"author":1,"featured_media":12,"parent":0,"menu_order":2,"comment_status":"closed","ping_status":"closed","template":"","meta":{"ngg_post_thumbnail":0,"footnotes":""},"class_list":["post-7","page","type-page","status-publish","has-post-thumbnail","hentry"],"aioseo_notices":[],"_links":{"self":[{"href":"https:\/\/www.kakadudental.hu\/en\/wp-json\/wp\/v2\/pages\/7","targetHints":{"allow":["GET"]}}],"collection":[{"href":"https:\/\/www.kakadudental.hu\/en\/wp-json\/wp\/v2\/pages"}],"about":[{"href":"https:\/\/www.kakadudental.hu\/en\/wp-json\/wp\/v2\/types\/page"}],"author":[{"embeddable":true,"href":"https:\/\/www.kakadudental.hu\/en\/wp-json\/wp\/v2\/users\/1"}],"replies":[{"embeddable":true,"href":"https:\/\/www.kakadudental.hu\/en\/wp-json\/wp\/v2\/comments?post=7"}],"version-history":[{"count":25,"href":"https:\/\/www.kakadudental.hu\/en\/wp-json\/wp\/v2\/pages\/7\/revisions"}],"predecessor-version":[{"id":346,"href":"https:\/\/www.kakadudental.hu\/en\/wp-json\/wp\/v2\/pages\/7\/revisions\/346"}],"wp:featuredmedia":[{"embeddable":true,"href":"https:\/\/www.kakadudental.hu\/en\/wp-json\/wp\/v2\/media\/12"}],"wp:attachment":[{"href":"https:\/\/www.kakadudental.hu\/en\/wp-json\/wp\/v2\/media?parent=7"}],"curies":[{"name":"wp","href":"https:\/\/api.w.org\/{rel}","templated":true}]}}