{"id":92,"date":"2016-06-13T11:23:18","date_gmt":"2016-06-13T11:23:18","guid":{"rendered":"http:\/\/www.kakadudental.hu\/hu\/?page_id=92"},"modified":"2026-03-06T15:07:30","modified_gmt":"2026-03-06T14:07:30","slug":"kedvezmenyek","status":"publish","type":"page","link":"https:\/\/www.kakadudental.hu\/de\/kedvezmenyek\/","title":{"rendered":"Erm\u00e4\u00dfigungen"},"content":{"rendered":"<p><div id=\"sidebar_right\">\n<img loading=\"lazy\" decoding=\"async\" src=\"\/wp-content\/gallery\/kedvezmenyek\/rontgen.jpg\" alt=\"rontgen\" width=\"200\" height=\"120\"><br>\n<img loading=\"lazy\" decoding=\"async\" src=\"\/wp-content\/gallery\/kedvezmenyek\/nagyitos.jpg\" alt=\"nagyitos\" width=\"200\" height=\"120\"><br>\n<img loading=\"lazy\" decoding=\"async\" class=\"last\" src=\"\/wp-content\/gallery\/kedvezmenyek\/fogekszer.jpg\" alt=\"fogekszer\" width=\"200\" height=\"131\"><br>\n<\/div>\n<\/p>\n<h2>Kostenloser Zustandaufnahme, Erstellung des kostenlosen Behandlungs- und Kostenplans!<\/h2>\n<p>Nach der Anmeldung per Telefon oder via Internet kommt es zu einer kostenlosen Zustandsaufnahme, anschlie\u00dfend \u00fcberreichen wir unserem Patienten \u2013 nach der Anfertigung einer Panoramar\u00f6ntgenaufnahme \u2013 einen kostenlosen Behandlungs- und Kostenplan.<\/p>\n<p>Wenn es m\u00f6glich ist, bieten wir unseren Patienten vielerlei Behandlungsalternativen.<\/p>\n<p>Falls Sie bereits \u00fcber eine frische R\u00f6ntgenaufnahme verf\u00fcgen, bitten wir Sie, sie uns per Post oder via Internet zuzusenden, so k\u00f6nnen wir das individuelle Angebot auch ohne pers\u00f6nliche Konsultation erstellen.<\/p>\n<h3>Zahn\u00e4rztliche Dienstleistungen zu erm\u00e4\u00dfigten Preisen!<\/h3>\n<p>Kosteng\u00fcnstige Behandlungen: gleiche Qualit\u00e4t ist 50-75% g\u00fcnstiger wie in \u00d6sterreich oder Deutschland.<\/p>\n<h3>Zahn\u00e4rztliche Dienstleistungen eventuell mit kostenloser Verpflegung im Hotel!<\/h3>\n<p>Wir gew\u00e4hrleisten unseren G\u00e4sten und ihren Angeh\u00f6rigen, die unsere zahn\u00e4rztlichen Dienstleistungen in Anspruch nehmen, erm\u00e4\u00dfigte Unterkunftsm\u00f6glichkeiten in unserem eigenen Hotel, dem Wellness Hotel Kakadu, die  &#8211; von der Gr\u00f6\u00dfe der Behandlung abh\u00e4ngig \u2013 sogar kostenlos sein k\u00f6nnen.<\/p>\n<h3>Kostenloser Eintritt in die Wellness-Welt!<\/h3>\n<p>Die G\u00e4ste unseres Hotels k\u00f6nnen das bedeckte und mit exotischen Pflanzen umgebene Hallenbad mit gespannter Oberfl\u00e4che, das Sprudelbad, die Aromakabine, die Dampfkabine, die Sauna, die Infrasauna und die Cardio-Ger\u00e4te unbegrenzt in Anspruch nehmen.<\/p>\n<h3>15% Erm\u00e4\u00dfigung von den Preisen des Beauty Salons!<\/h3>\n<p>Schauen Sie sich die Dienstleistungen und die Preisliste des Wellness &amp; Beauty Salons an!  Wir erteilen unseren G\u00e4sten, die unsere zahn\u00e4rztlichen Dienstleistungen in Anspruch nehmen, von allen unseren Verw\u00f6hnprogrammen eine Erm\u00e4\u00dfigung von 15%.<\/p>\n<h3>Erm\u00e4\u00dfigte Transferm\u00f6glichkeit!<\/h3>\n<p>Wenn Sie mit dem Flugzeug, mit dem Zug oder mit dem Bus zu uns kommen, bieten wir Ihnen eine preiswerte Transferm\u00f6glichkeit vom Flughafen oder vom Bahnhof bis zu unserem Hotel.<\/p>\n<p>Nach der vorherigen Anfrage und Routenplanung schicken wir Ihnen einen Kostenvoranschlag zu, wonach Sie sich entscheiden k\u00f6nnen, ob Sie unsere Transferdienstleistung in Anspruch nehmen m\u00f6chten.<\/p>\n<p><\/p>","protected":false},"excerpt":{"rendered":"Kostenloser Zustandaufnahme, Erstellung des kostenlosen Behandlungs- und Kostenplans! Nach der Anmeldung per Telefon oder via Internet kommt es zu einer kostenlosen Zustandsaufnahme, anschlie\u00dfend \u00fcberreichen wir unserem Patienten \u2013 nach der Anfertigung einer Panoramar\u00f6ntgenaufnahme \u2013 einen kostenlosen Behandlungs- und Kostenplan. Wenn es m\u00f6glich ist, bieten wir unseren Patienten vielerlei Behandlungsalternativen. Falls Sie bereits \u00fcber eine frische&#8230; <a class=\"view-article\" href=\"https:\/\/www.kakadudental.hu\/de\/kedvezmenyek\/\">Artikel ansehen<\/a>","protected":false},"author":1,"featured_media":93,"parent":0,"menu_order":11,"comment_status":"closed","ping_status":"closed","template":"","meta":{"ngg_post_thumbnail":0,"footnotes":""},"class_list":["post-92","page","type-page","status-publish","has-post-thumbnail","hentry"],"aioseo_notices":[],"_links":{"self":[{"href":"https:\/\/www.kakadudental.hu\/de\/wp-json\/wp\/v2\/pages\/92","targetHints":{"allow":["GET"]}}],"collection":[{"href":"https:\/\/www.kakadudental.hu\/de\/wp-json\/wp\/v2\/pages"}],"about":[{"href":"https:\/\/www.kakadudental.hu\/de\/wp-json\/wp\/v2\/types\/page"}],"author":[{"embeddable":true,"href":"https:\/\/www.kakadudental.hu\/de\/wp-json\/wp\/v2\/users\/1"}],"replies":[{"embeddable":true,"href":"https:\/\/www.kakadudental.hu\/de\/wp-json\/wp\/v2\/comments?post=92"}],"version-history":[{"count":22,"href":"https:\/\/www.kakadudental.hu\/de\/wp-json\/wp\/v2\/pages\/92\/revisions"}],"predecessor-version":[{"id":344,"href":"https:\/\/www.kakadudental.hu\/de\/wp-json\/wp\/v2\/pages\/92\/revisions\/344"}],"wp:featuredmedia":[{"embeddable":true,"href":"https:\/\/www.kakadudental.hu\/de\/wp-json\/wp\/v2\/media\/93"}],"wp:attachment":[{"href":"https:\/\/www.kakadudental.hu\/de\/wp-json\/wp\/v2\/media?parent=92"}],"curies":[{"name":"wp","href":"https:\/\/api.w.org\/{rel}","templated":true}]}}