{"id":85,"date":"2016-06-13T11:11:02","date_gmt":"2016-06-13T11:11:02","guid":{"rendered":"http:\/\/www.kakadudental.hu\/hu\/?page_id=85"},"modified":"2024-06-17T14:58:03","modified_gmt":"2024-06-17T12:58:03","slug":"kapcsolat","status":"publish","type":"page","link":"https:\/\/www.kakadudental.hu\/de\/kapcsolat\/","title":{"rendered":"Kontakt"},"content":{"rendered":"<p><\/p>\n<h2>Kakadu Dental<\/h2>\n<p><strong>Adresse:<\/strong> Keszthely, P\u00e1zm\u00e1ny P\u00e9ter u. 14<br \/>\n<strong>Telefon:<\/strong>+36-30-9930-414<\/p>\n<p><strong>E-mail:<\/strong> <a href=\"mailto:in&#102;o&#64;&#107;a&#107;a&#100;ud&#101;&#110;tal.&#104;u\">&#105;n&#102;o&#64;k&#97;&#107;adu&#100;&#101;&#110;&#116;&#97;l.&#104;u<\/a><\/p>\n<p><strong>GPS:<\/strong> N:46,76972\u00b0 E:17,26294\u00b0<\/p>\n<h1><\/h1>\n<h1><\/h1>\n<p>&nbsp;<\/p>\n<p>&nbsp;<\/p>\n<p>Rufen Sie uns ruhig an! Vereinbaren Sie einen Konsultationstermin mit unseren Mitarbeitern unter den folgenden Erreichbarkeiten!<\/p>\n<p>Melden Sie sich f\u00fcr die kostenlose Zustandsaufnahme und Beratung an! Wir stellen Ihnen kostenlos einen Behandlungs- und Kostenplan aus!et \u00e9s \u00e1raj\u00e1nlatot k\u00e9sz\u00edt\u00fcnk \u00d6nnek!<\/p>\n<p>Sie k\u00f6nnen sich auch unter dem Men\u00fcpunkt \u201eAnmeldung\u201c mit uns in Verbindung setzen und einen Termin per Internet verlangen!<\/p>\n\n<p><a href=\"https:\/\/www.google.com\/maps\/place\/Wellness+Hotel+Kakadu***superior\/@46.800529,17.265358,12z\/data=!4m2!3m1!1s0x47691d56b2cb4041:0xd666e819fdc85370?hl=hu\" target=\"_blank\">\u00d6ffnung in neuen Fenster<\/a><\/p>","protected":false},"excerpt":{"rendered":"Kakadu Dental Adresse: Keszthely, P\u00e1zm\u00e1ny P\u00e9ter u. 14 Telefon:+36-30-9930-414 E-mail: GPS: N:46,76972\u00b0 E:17,26294\u00b0 &nbsp; &nbsp; Rufen Sie uns ruhig an! Vereinbaren Sie einen Konsultationstermin mit unseren Mitarbeitern unter den folgenden Erreichbarkeiten! Melden Sie sich f\u00fcr die kostenlose Zustandsaufnahme und Beratung an! Wir stellen Ihnen kostenlos einen Behandlungs- und Kostenplan aus!et \u00e9s \u00e1raj\u00e1nlatot k\u00e9sz\u00edt\u00fcnk \u00d6nnek! Sie&#8230; <a class=\"view-article\" href=\"https:\/\/www.kakadudental.hu\/de\/kapcsolat\/\">Artikel ansehen<\/a>","protected":false},"author":1,"featured_media":88,"parent":0,"menu_order":10,"comment_status":"closed","ping_status":"closed","template":"","meta":{"ngg_post_thumbnail":0,"footnotes":""},"class_list":["post-85","page","type-page","status-publish","has-post-thumbnail","hentry"],"aioseo_notices":[],"_links":{"self":[{"href":"https:\/\/www.kakadudental.hu\/de\/wp-json\/wp\/v2\/pages\/85","targetHints":{"allow":["GET"]}}],"collection":[{"href":"https:\/\/www.kakadudental.hu\/de\/wp-json\/wp\/v2\/pages"}],"about":[{"href":"https:\/\/www.kakadudental.hu\/de\/wp-json\/wp\/v2\/types\/page"}],"author":[{"embeddable":true,"href":"https:\/\/www.kakadudental.hu\/de\/wp-json\/wp\/v2\/users\/1"}],"replies":[{"embeddable":true,"href":"https:\/\/www.kakadudental.hu\/de\/wp-json\/wp\/v2\/comments?post=85"}],"version-history":[{"count":17,"href":"https:\/\/www.kakadudental.hu\/de\/wp-json\/wp\/v2\/pages\/85\/revisions"}],"predecessor-version":[{"id":265,"href":"https:\/\/www.kakadudental.hu\/de\/wp-json\/wp\/v2\/pages\/85\/revisions\/265"}],"wp:featuredmedia":[{"embeddable":true,"href":"https:\/\/www.kakadudental.hu\/de\/wp-json\/wp\/v2\/media\/88"}],"wp:attachment":[{"href":"https:\/\/www.kakadudental.hu\/de\/wp-json\/wp\/v2\/media?parent=85"}],"curies":[{"name":"wp","href":"https:\/\/api.w.org\/{rel}","templated":true}]}}