{"id":82,"date":"2016-06-13T11:09:03","date_gmt":"2016-06-13T11:09:03","guid":{"rendered":"http:\/\/www.kakadudental.hu\/hu\/?page_id=82"},"modified":"2024-09-09T10:29:39","modified_gmt":"2024-09-09T08:29:39","slug":"bejelentkezes","status":"publish","type":"page","link":"https:\/\/www.kakadudental.hu\/de\/bejelentkezes\/","title":{"rendered":"Anmeldung"},"content":{"rendered":"<p><\/p>\n<p>Wenn sie einen Termin mit uns vereinbaren m\u00f6chten oder Fragen bez\u00fcglich der zahn\u00e4rztlichen Behandlungen und Hoteldienstleistungen haben, rufen Sie unseren Mitarbeiter unter der folgenden Telefonnummer an oder f\u00fcllen Sie unser Formular aus, und wir werden Ihnen via Internet antworten.<\/p>\n<p>\n<div class=\"wpcf7 no-js\" id=\"wpcf7-f126-o2\" lang=\"hu-HU\" dir=\"ltr\" data-wpcf7-id=\"126\">\n<div class=\"screen-reader-response\"><p role=\"status\" aria-live=\"polite\" aria-atomic=\"true\"><\/p> <ul><\/ul><\/div>\n<form action=\"\/de\/wp-json\/wp\/v2\/pages\/82#wpcf7-f126-o2\" method=\"post\" class=\"wpcf7-form init\" aria-label=\"Contact form\" novalidate=\"novalidate\" data-status=\"init\">\n<fieldset class=\"hidden-fields-container\"><input type=\"hidden\" name=\"_wpcf7\" value=\"126\" \/><input type=\"hidden\" name=\"_wpcf7_version\" value=\"6.1.4\" \/><input type=\"hidden\" name=\"_wpcf7_locale\" value=\"hu_HU\" \/><input type=\"hidden\" name=\"_wpcf7_unit_tag\" value=\"wpcf7-f126-o2\" \/><input type=\"hidden\" name=\"_wpcf7_container_post\" value=\"0\" \/><input type=\"hidden\" name=\"_wpcf7_posted_data_hash\" value=\"\" \/>\n<\/fieldset>\n<h2>Online Anmeldung\n<\/h2>\n<div class=\"row half\">\n\t<p><label>Name:<\/label><span class=\"wpcf7-form-control-wrap\" data-name=\"your-name\"><input size=\"40\" maxlength=\"400\" class=\"wpcf7-form-control wpcf7-text wpcf7-validates-as-required\" aria-required=\"true\" aria-invalid=\"false\" value=\"\" type=\"text\" name=\"your-name\" \/><\/span>\n\t<\/p>\n<\/div>\n<div class=\"row half\">\n\t<p><label>Land:<\/label><span class=\"wpcf7-form-control-wrap\" data-name=\"your-country\"><select class=\"wpcf7-form-control wpcf7-select\" aria-invalid=\"false\" name=\"your-country\"><option value=\"Magyarorsz\u00e1g\">Magyarorsz\u00e1g<\/option><option value=\"Schweiz\">Schweiz<\/option><option value=\"Deutschland\">Deutschland<\/option><option value=\"\u00d6sterreich\">\u00d6sterreich<\/option><option value=\"Italia\">Italia<\/option><option value=\"UK\">UK<\/option><option value=\"egy\u00e9b\">egy\u00e9b<\/option><\/select><\/span>\n\t<\/p>\n<\/div>\n<div class=\"row half\">\n\t<p><label>Adresse:<\/label><span class=\"wpcf7-form-control-wrap\" data-name=\"your-address\"><input size=\"40\" maxlength=\"400\" class=\"wpcf7-form-control wpcf7-text wpcf7-validates-as-required\" aria-required=\"true\" aria-invalid=\"false\" value=\"\" type=\"text\" name=\"your-address\" \/><\/span>\n\t<\/p>\n<\/div>\n<div class=\"row half\">\n\t<p><label>Telefon:<\/label><span class=\"wpcf7-form-control-wrap\" data-name=\"your-phone\"><input size=\"40\" maxlength=\"400\" class=\"wpcf7-form-control wpcf7-tel wpcf7-text wpcf7-validates-as-tel\" aria-invalid=\"false\" value=\"\" type=\"tel\" name=\"your-phone\" \/><\/span>\n\t<\/p>\n<\/div>\n<div class=\"row half\">\n\t<p><label>Ort:<\/label><span class=\"wpcf7-form-control-wrap\" data-name=\"your-settlement\"><input size=\"40\" maxlength=\"400\" class=\"wpcf7-form-control wpcf7-text wpcf7-validates-as-required\" aria-required=\"true\" aria-invalid=\"false\" value=\"\" type=\"text\" name=\"your-settlement\" \/><\/span>\n\t<\/p>\n<\/div>\n<div class=\"row half\">\n\t<p><label>Fax:<\/label><span class=\"wpcf7-form-control-wrap\" data-name=\"your-fax\"><input size=\"40\" maxlength=\"400\" class=\"wpcf7-form-control wpcf7-tel wpcf7-text wpcf7-validates-as-tel\" aria-invalid=\"false\" value=\"\" type=\"tel\" name=\"your-fax\" \/><\/span>\n\t<\/p>\n<\/div>\n<div class=\"row half\">\n\t<p><label>Plz:<\/label><span class=\"wpcf7-form-control-wrap\" data-name=\"your-zip\"><input class=\"wpcf7-form-control wpcf7-number wpcf7-validates-as-required wpcf7-validates-as-number\" aria-required=\"true\" aria-invalid=\"false\" value=\"\" type=\"number\" name=\"your-zip\" \/><\/span>\n\t<\/p>\n<\/div>\n<div class=\"row half\">\n\t<p><label>E-mail:<\/label><span class=\"wpcf7-form-control-wrap\" data-name=\"your-email\"><input size=\"40\" maxlength=\"400\" class=\"wpcf7-form-control wpcf7-email wpcf7-validates-as-required wpcf7-text wpcf7-validates-as-email\" aria-required=\"true\" aria-invalid=\"false\" value=\"\" type=\"email\" name=\"your-email\" \/><\/span>\n\t<\/p>\n<\/div>\n<div class=\"row\">\n\t<p><label>Beschwerde:<\/label><span class=\"wpcf7-form-control-wrap\" data-name=\"your-complaint\"><textarea cols=\"40\" rows=\"10\" maxlength=\"2000\" class=\"wpcf7-form-control wpcf7-textarea\" aria-invalid=\"false\" name=\"your-complaint\"><\/textarea><\/span>\n\t<\/p>\n<\/div>\n<div class=\"row half\">\n\t<p><label>Termin:<\/label><span class=\"wpcf7-form-control-wrap\" data-name=\"your-time\"><input class=\"wpcf7-form-control wpcf7-date wpcf7-validates-as-required wpcf7-validates-as-date\" aria-required=\"true\" aria-invalid=\"false\" value=\"\" type=\"date\" name=\"your-time\" \/><\/span>\n\t<\/p>\n<\/div>\n<div class=\"row half\">\n\t<p><label>Alter:<\/label><span class=\"wpcf7-form-control-wrap\" data-name=\"your-age\"><input class=\"wpcf7-form-control wpcf7-number wpcf7-validates-as-required wpcf7-validates-as-number\" aria-required=\"true\" aria-invalid=\"false\" value=\"\" type=\"number\" name=\"your-age\" \/><\/span>\n\t<\/p>\n<\/div>\n<div class=\"row\">\n\t<p><label>Anmerkung:<\/label><span class=\"wpcf7-form-control-wrap\" data-name=\"your-note\"><textarea cols=\"40\" rows=\"10\" maxlength=\"2000\" class=\"wpcf7-form-control wpcf7-textarea\" aria-invalid=\"false\" name=\"your-note\"><\/textarea><\/span>\n\t<\/p>\n<\/div>\n<div class=\"row\">\n\t<p><input class=\"wpcf7-form-control wpcf7-submit has-spinner\" type=\"submit\" value=\"Senden\" \/>\n\t<\/p>\n<\/div>\n<div class=\"clear\">\n<\/div><div class=\"wpcf7-response-output\" aria-hidden=\"true\"><\/div>\n<\/form>\n<\/div>\n<\/p>","protected":false},"excerpt":{"rendered":"Wenn sie einen Termin mit uns vereinbaren m\u00f6chten oder Fragen bez\u00fcglich der zahn\u00e4rztlichen Behandlungen und Hoteldienstleistungen haben, rufen Sie unseren Mitarbeiter unter der folgenden Telefonnummer an oder f\u00fcllen Sie unser Formular aus, und wir werden Ihnen via Internet antworten.","protected":false},"author":1,"featured_media":90,"parent":0,"menu_order":9,"comment_status":"closed","ping_status":"closed","template":"","meta":{"ngg_post_thumbnail":0,"footnotes":""},"class_list":["post-82","page","type-page","status-publish","has-post-thumbnail","hentry"],"aioseo_notices":[],"_links":{"self":[{"href":"https:\/\/www.kakadudental.hu\/de\/wp-json\/wp\/v2\/pages\/82","targetHints":{"allow":["GET"]}}],"collection":[{"href":"https:\/\/www.kakadudental.hu\/de\/wp-json\/wp\/v2\/pages"}],"about":[{"href":"https:\/\/www.kakadudental.hu\/de\/wp-json\/wp\/v2\/types\/page"}],"author":[{"embeddable":true,"href":"https:\/\/www.kakadudental.hu\/de\/wp-json\/wp\/v2\/users\/1"}],"replies":[{"embeddable":true,"href":"https:\/\/www.kakadudental.hu\/de\/wp-json\/wp\/v2\/comments?post=82"}],"version-history":[{"count":10,"href":"https:\/\/www.kakadudental.hu\/de\/wp-json\/wp\/v2\/pages\/82\/revisions"}],"predecessor-version":[{"id":276,"href":"https:\/\/www.kakadudental.hu\/de\/wp-json\/wp\/v2\/pages\/82\/revisions\/276"}],"wp:featuredmedia":[{"embeddable":true,"href":"https:\/\/www.kakadudental.hu\/de\/wp-json\/wp\/v2\/media\/90"}],"wp:attachment":[{"href":"https:\/\/www.kakadudental.hu\/de\/wp-json\/wp\/v2\/media?parent=82"}],"curies":[{"name":"wp","href":"https:\/\/api.w.org\/{rel}","templated":true}]}}