{"id":77,"date":"2016-06-13T11:06:04","date_gmt":"2016-06-13T11:06:04","guid":{"rendered":"http:\/\/www.kakadudental.hu\/hu\/?page_id=77"},"modified":"2017-01-15T18:02:28","modified_gmt":"2017-01-15T17:02:28","slug":"szallodank","status":"publish","type":"page","link":"https:\/\/www.kakadudental.hu\/de\/szallodank\/","title":{"rendered":"Unser Hotel"},"content":{"rendered":"<p><div id=\"sidebar_right\">\n<img loading=\"lazy\" decoding=\"async\" src=\"\/wp-content\/gallery\/szallodank\/medence_naranccsal.jpg\" alt=\"medence_naranccsal\" width=\"200\" height=\"120\"><br>\n<img loading=\"lazy\" decoding=\"async\" src=\"\/wp-content\/gallery\/szallodank\/etterem.jpg\" alt=\"etterem\" width=\"200\" height=\"120\"><br>\n<img loading=\"lazy\" decoding=\"async\" src=\"\/wp-content\/gallery\/szallodank\/szoba.jpg\" alt=\"szoba\" width=\"200\" height=\"120\"><br>\n<img loading=\"lazy\" decoding=\"async\" src=\"\/wp-content\/gallery\/szallodank\/szoba1.jpg\" alt=\"szoba1\" width=\"200\" height=\"120\"><br>\n<img loading=\"lazy\" decoding=\"async\" src=\"\/wp-content\/gallery\/szallodank\/reggeli.jpg\" alt=\"reggeli\" width=\"200\" height=\"120\"><br>\n<img loading=\"lazy\" decoding=\"async\" src=\"\/wp-content\/gallery\/szallodank\/bar.jpg\" alt=\"bar\" width=\"200\" height=\"120\"><br>\n<img loading=\"lazy\" decoding=\"async\" class=\"last\" src=\"\/wp-content\/gallery\/szallodank\/medence2.jpg\" alt=\"medence2\" width=\"200\" height=\"120\"><br>\n<\/div>\n<\/p>\n<h2>Wellness Hotel KAKADU*** <span style=\"font-size: 10pt;\">superior<\/span><\/h2>\n<h3><a href=\"http:\/\/www.kakaduhotel.hu\/de\/\" rel=\"nofollow\" target=\"_blank\">www.kakaduhotel.hu<\/a><\/h3>\n<p>Wir gew\u00e4hrleisten unseren G\u00e4sten und ihren Angeh\u00f6rigen, die unsere zahn\u00e4rztlichen Dienstleistungen in Anspruch nehmen, erm\u00e4\u00dfigte Unterkunftsm\u00f6glichkeit in unserem eignen Hotel, dem Wellness Hotel Kakadu, die  &#8211; von der Gr\u00f6\u00dfe der Behandlung abh\u00e4ngig \u2013 sogar kostenlos sein kann.<\/p>\n<h3>Die Ausr\u00fcstung der Zimmer:<\/h3>\n<ul>\n<li>Balkon<\/li>\n<li>Doppelbett<\/li>\n<li>Fernseher, Telefon, Radiowecker<\/li>\n<li>M\u00f6belsafe<\/li>\n<li>K\u00fchlschrank, Teek\u00fcche<\/li>\n<li>Dusche, WC, Haartrockner<\/li>\n<\/ul>\n<h3>Der Zimmerpreis beinhaltet f\u00fcr die Dental-G\u00e4ste:<\/h3>\n<ul>\n<li>Buffetfr\u00fchst\u00fcck<\/li>\n<li>Unbegrenzte Benutzung des Wellness Clubs (geheiztes, bedecktes Schwimmbecken, finnische Sauna, Jacuzzi, Dampfkabine, Infrasauna)<\/li>\n<li>Unbegrenzter Internetzugang (Wi-Fi)<\/li>\n<li>Benutzung des verchlossenen Parkplatzes<\/li>\n<li>Eintrittskarten ins Marzipanmuseum<\/li>\n<li>Kostenlose Augenuntersuchung<\/li>\n<li>G\u00fcnstige Transferm\u00f6glichkeit<\/li>\n<\/ul>\n<h3>Dienstleistungen, die in Anspruch genommen werden k\u00f6nnen:<\/h3>\n<ul>\n<li>Sch\u00f6nheitsprogramme: Kosmetische Gesichts- und K\u00f6rperbehandlungen<\/li>\n<li>Traditionelle und \u00f6stliche Massage<\/li>\n<li>Fu\u00dfreflexmassage, Manik\u00fcre, Pedik\u00fcre<\/li>\n<li>Bademantel<\/li>\n<li>Programorganisation<\/li>\n<\/ul>\n<h2><a href=\"http:\/\/www.kakaduhotel.hu\/de\/\" rel=\"nofollow\" target=\"_blank\">www.kakaduhotel.hu<\/a><\/h2>\n<p><\/p>","protected":false},"excerpt":{"rendered":"Wellness Hotel KAKADU*** superior www.kakaduhotel.hu Wir gew\u00e4hrleisten unseren G\u00e4sten und ihren Angeh\u00f6rigen, die unsere zahn\u00e4rztlichen Dienstleistungen in Anspruch nehmen, erm\u00e4\u00dfigte Unterkunftsm\u00f6glichkeit in unserem eignen Hotel, dem Wellness Hotel Kakadu, die &#8211; von der Gr\u00f6\u00dfe der Behandlung abh\u00e4ngig \u2013 sogar kostenlos sein kann. Die Ausr\u00fcstung der Zimmer: Balkon Doppelbett Fernseher, Telefon, Radiowecker M\u00f6belsafe K\u00fchlschrank, Teek\u00fcche Dusche,&#8230; <a class=\"view-article\" href=\"https:\/\/www.kakadudental.hu\/de\/szallodank\/\">Artikel ansehen<\/a>","protected":false},"author":1,"featured_media":78,"parent":0,"menu_order":8,"comment_status":"closed","ping_status":"closed","template":"","meta":{"ngg_post_thumbnail":0,"footnotes":""},"class_list":["post-77","page","type-page","status-publish","has-post-thumbnail","hentry"],"aioseo_notices":[],"_links":{"self":[{"href":"https:\/\/www.kakadudental.hu\/de\/wp-json\/wp\/v2\/pages\/77","targetHints":{"allow":["GET"]}}],"collection":[{"href":"https:\/\/www.kakadudental.hu\/de\/wp-json\/wp\/v2\/pages"}],"about":[{"href":"https:\/\/www.kakadudental.hu\/de\/wp-json\/wp\/v2\/types\/page"}],"author":[{"embeddable":true,"href":"https:\/\/www.kakadudental.hu\/de\/wp-json\/wp\/v2\/users\/1"}],"replies":[{"embeddable":true,"href":"https:\/\/www.kakadudental.hu\/de\/wp-json\/wp\/v2\/comments?post=77"}],"version-history":[{"count":4,"href":"https:\/\/www.kakadudental.hu\/de\/wp-json\/wp\/v2\/pages\/77\/revisions"}],"predecessor-version":[{"id":209,"href":"https:\/\/www.kakadudental.hu\/de\/wp-json\/wp\/v2\/pages\/77\/revisions\/209"}],"wp:featuredmedia":[{"embeddable":true,"href":"https:\/\/www.kakadudental.hu\/de\/wp-json\/wp\/v2\/media\/78"}],"wp:attachment":[{"href":"https:\/\/www.kakadudental.hu\/de\/wp-json\/wp\/v2\/media?parent=77"}],"curies":[{"name":"wp","href":"https:\/\/api.w.org\/{rel}","templated":true}]}}