{"id":7,"date":"2016-06-13T07:28:23","date_gmt":"2016-06-13T07:28:23","guid":{"rendered":"http:\/\/www.kakadudental.hu\/?page_id=7"},"modified":"2026-03-06T13:20:12","modified_gmt":"2026-03-06T12:20:12","slug":"orvosaink","status":"publish","type":"page","link":"https:\/\/www.kakadudental.hu\/de\/orvosaink\/","title":{"rendered":"Unsere zahn\u00e4rzte"},"content":{"rendered":"<p><\/p>\n<h2>Dr. Adrienn R\u00e9fi<\/h2>\n<h3>Fach\u00e4rztin f\u00fcr Zahn- Mund und Kieferheilkunde<\/h3>\n<p>2001: Medizinische Universit\u00e4t in F\u00fcnfkirchen (P\u00e9cs)\u2013 Fakult\u00e4t f\u00fcr Zahnheilkunde<\/p>\n<p>2001-2004: Assistenz\u00e4rztin, VitalCenter Zahnkliniken, Budapest<\/p>\n<p>2004: Fachpr\u00fcfung f\u00fcr Zahn- Mund- und Kieferheilkunde<\/p>\n<p>2004-2005: VitalCenter Zahnkliniken, Bad H\u00e9v\u00edz<\/p>\n<p>2010- : Kakadu Dental Zahnklinik, Keszthely<\/p>\n<p>Gesprochene Sprachen:\u00a0 Deutsch, Englisch<\/p>\n<p>&nbsp;<\/p>\n<h2>Dr. Bence Babics\u00e1k<\/h2>\n<p><strong><strong><span style=\"font-size: 12pt;\">Facharzt f\u00fcr Zahn- Mund und Kieferheilkunde<\/span><\/strong><\/strong><\/p>\n<p><strong><span style=\"font-size: 12pt;\">Implantolge<\/span><\/strong><\/p>\n<p><strong><span style=\"font-size: 12pt;\">\u00a0<\/span><\/strong><\/p>\n<p>2001: Medizinische Universit\u00e4t in F\u00fcnfkirchen (P\u00e9cs) \u2013 Fakult\u00e4t f\u00fcr Zahnheilkunde<\/p>\n<p>2001-2004: Assistenzarzt, VitalCenter Zahnkliniken, Budapest<\/p>\n<p>2004: Fachpr\u00fcfung f\u00fcr Zahn- Mund- und Kieferheilkunde<\/p>\n<p>2004-2007: VitalCenter Zahnkliniken, Bad H\u00e9v\u00edz<\/p>\n<p>2007-2012: Gelencs\u00e9r Dental,\u00a0 Bad H\u00e9v\u00edz<\/p>\n<p>2013-2022 Dentalklinik Dr. T\u00f3ka, Sopron<\/p>\n<p>2010- : Kakadu Dental Zahnklinik, Keszthely<\/p>\n<p>Gesprochene Sprachen: Deutsch, Englisch, Italienisch<\/p>","protected":false},"excerpt":{"rendered":"Dr. Adrienn R\u00e9fi Fach\u00e4rztin f\u00fcr Zahn- Mund und Kieferheilkunde 2001: Medizinische Universit\u00e4t in F\u00fcnfkirchen (P\u00e9cs)\u2013 Fakult\u00e4t f\u00fcr Zahnheilkunde 2001-2004: Assistenz\u00e4rztin, VitalCenter Zahnkliniken, Budapest 2004: Fachpr\u00fcfung f\u00fcr Zahn- Mund- und Kieferheilkunde 2004-2005: VitalCenter Zahnkliniken, Bad H\u00e9v\u00edz 2010- : Kakadu Dental Zahnklinik, Keszthely Gesprochene Sprachen:\u00a0 Deutsch, Englisch &nbsp; Dr. Bence Babics\u00e1k Facharzt f\u00fcr Zahn- Mund und Kieferheilkunde&#8230; <a class=\"view-article\" href=\"https:\/\/www.kakadudental.hu\/de\/orvosaink\/\">Artikel ansehen<\/a>","protected":false},"author":1,"featured_media":12,"parent":0,"menu_order":2,"comment_status":"closed","ping_status":"closed","template":"","meta":{"ngg_post_thumbnail":0,"footnotes":""},"class_list":["post-7","page","type-page","status-publish","has-post-thumbnail","hentry"],"aioseo_notices":[],"_links":{"self":[{"href":"https:\/\/www.kakadudental.hu\/de\/wp-json\/wp\/v2\/pages\/7","targetHints":{"allow":["GET"]}}],"collection":[{"href":"https:\/\/www.kakadudental.hu\/de\/wp-json\/wp\/v2\/pages"}],"about":[{"href":"https:\/\/www.kakadudental.hu\/de\/wp-json\/wp\/v2\/types\/page"}],"author":[{"embeddable":true,"href":"https:\/\/www.kakadudental.hu\/de\/wp-json\/wp\/v2\/users\/1"}],"replies":[{"embeddable":true,"href":"https:\/\/www.kakadudental.hu\/de\/wp-json\/wp\/v2\/comments?post=7"}],"version-history":[{"count":25,"href":"https:\/\/www.kakadudental.hu\/de\/wp-json\/wp\/v2\/pages\/7\/revisions"}],"predecessor-version":[{"id":346,"href":"https:\/\/www.kakadudental.hu\/de\/wp-json\/wp\/v2\/pages\/7\/revisions\/346"}],"wp:featuredmedia":[{"embeddable":true,"href":"https:\/\/www.kakadudental.hu\/de\/wp-json\/wp\/v2\/media\/12"}],"wp:attachment":[{"href":"https:\/\/www.kakadudental.hu\/de\/wp-json\/wp\/v2\/media?parent=7"}],"curies":[{"name":"wp","href":"https:\/\/api.w.org\/{rel}","templated":true}]}}