{"id":63,"date":"2016-06-13T10:16:48","date_gmt":"2016-06-13T10:16:48","guid":{"rendered":"http:\/\/www.kakadudental.hu\/hu\/?page_id=63"},"modified":"2016-06-14T08:28:49","modified_gmt":"2016-06-14T08:28:49","slug":"dental-het","status":"publish","type":"page","link":"https:\/\/www.kakadudental.hu\/de\/dental-het\/","title":{"rendered":"Dentalwoche"},"content":{"rendered":"<p><div id=\"sidebar_right\">\n<img loading=\"lazy\" decoding=\"async\" src=\"\/wp-content\/gallery\/dental\/mozaik.jpg\" alt=\"mozaik\" width=\"200\" height=\"120\"><br>\n<img loading=\"lazy\" decoding=\"async\" src=\"\/wp-content\/gallery\/dental\/medenceh.jpg\" alt=\"medenceh\" width=\"200\" height=\"120\"><br>\n<img loading=\"lazy\" decoding=\"async\" src=\"\/wp-content\/gallery\/dental\/pezsgofur.jpg\" alt=\"pezsgofur\" width=\"200\" height=\"120\"><br>\n<img loading=\"lazy\" decoding=\"async\" src=\"\/wp-content\/gallery\/dental\/kastelypark.jpg\" alt=\"kastelypark\" width=\"200\" height=\"120\"><br>\n<img loading=\"lazy\" decoding=\"async\" src=\"\/wp-content\/gallery\/dental\/szigetfur.jpg\" alt=\"szigetfur\" width=\"200\" height=\"120\"><br>\n<img loading=\"lazy\" decoding=\"async\" src=\"\/wp-content\/gallery\/dental\/vitorlasv.jpg\" alt=\"vitorlasv\" width=\"200\" height=\"120\"><br>\n<img loading=\"lazy\" decoding=\"async\" src=\"\/wp-content\/gallery\/dental\/kerekparo.jpg\" alt=\"kerekparo\" width=\"200\" height=\"120\"><br>\n<img loading=\"lazy\" decoding=\"async\" src=\"\/wp-content\/gallery\/dental\/hevitito.jpg\" alt=\"hevitito\" width=\"200\" height=\"120\"><br>\n<img loading=\"lazy\" decoding=\"async\" src=\"\/wp-content\/gallery\/dental\/szigliget.jpg\" alt=\"szigliget\" width=\"200\" height=\"120\"><br>\n<img loading=\"lazy\" decoding=\"async\" class=\"last\" src=\"\/wp-content\/gallery\/dental\/poharbor.jpg\" alt=\"poharbor\" width=\"200\" height=\"120\"><br>\n<\/div>\n<\/p>\n<h2>\u2026wenn Sie sich nach ein bisschen Erholung sehnen<\/h2>\n<h3>Verbinden Sie Ihre zahn\u00e4rztlichen Behandlungen mit einer angenehmen Erholung am Plattensee!<\/h3>\n<p>Schauen Sie sich unser Programmangebot an, mit dem wir Ihnen ein bisschen helfen m\u00f6chten, damit Sie Ihre Freizeit zwischen den zahn\u00e4rztlichen Behandlungen leichter planen bzw. angenehmer verbringen k\u00f6nnen.<\/p>\n<h3>In unserem Hotel<\/h3>\n<p>sichern das bedeckte Schwimmbecken,  das Sprudelbad, die Sauna, die Infrasauna, die Dampfkabine, die  Aromakabine, das Solarium und die Fitnessger\u00e4te unseren G\u00e4sten die  Erfrischung, die totale Entspannung. Unsere Beautyabteilung erwartet die  sich nach der Sch\u00f6nheit Sehnenden mit einer breiten Auswahl an  Gesichts- und K\u00f6rperbehandlungen, mit traditionellen und \u00f6stlichen  Massagetechniken (Ajurveda, Shiatzu, Lymphdrainage,  Akupressurbehandlungen, thalassotherapeutischen K\u00f6rperbehandlungen) und  besonderen kosmetischen und Beautyprogrammen.<strong><br \/>Schauen Sie sich die ausf\u00fchrliche Preisliste des Beautysalons  an!<\/strong><\/p>\n<h3>Keszthely, das Programmangebot unserer Stadt:<\/h3>\n<p>In der<strong> Stadt der Familie Festetics<\/strong> kann der Besucher  nicht nur von den von den Erinnerungen der Vergangenheit zeugenden  Geb\u00e4uden, sondern auch gleichzeitig vom Zauber der wunderbaren  nat\u00fcrlichen Umgebung um die Stadt mitgerissen werden. Wir erwarten  unsere G\u00e4ste beim Spaziergang zwischen den patinierten Geb\u00e4uden noch mit  zahlreichen faszinierend interessanten Sehensw\u00fcrdigkeiten und  kulturellen Programmen.<\/p>\n<p>Neben den bisherigen Ausstellungen des<strong> Schloss Festetics<\/strong> (die das adelige Leben im XVIII.-XIX. Jahrhundert darstellende  Ausstellung, die Helikonbibliothek, die Waffensammlung, die Kunst des  Islams) gelten das einzigartige<strong> Kutschenmuseum<\/strong> bzw. die  im Geb\u00e4ude platzierte Troph\u00e4ensammlung und die<strong> Jagdausstellung<\/strong> als neue Attraktionen. Hier ist auch noch der gr\u00f6\u00dfte Gel\u00e4ndetisch f\u00fcr  Modelleisenbahnen, die sich auf einer Fl\u00e4che von 500 m2 befindende  Ausstellung f\u00fcr Eisenbahngeschichte und Modelleisenbahnen. Einige  Schritte vom Schloss entfernt erwartet das<strong> Marzipanmuseum und  Konditorei<\/strong> seine Besucher, wo Sie sich fast 100 aus Marzipan  hergestellte Kunstwerke bewundern k\u00f6nnen. Nat\u00fcrlich k\u00f6nnen die  Leckereien verkostet werden.<\/p>\n<p>Weitere Sehensw\u00fcrdigkeiten:<strong> das Balatonmuseum, das Georgikon  Meiereimuseum, das Schneckenparlament, das Puppenmuseum, das Panoptikum,  das Rundfunk- und TV-Museum.<\/strong><\/p>\n<p>Die Keszthely aufsuchenden Touristen k\u00f6nnen den <strong>Spaziergang  unter den alten Platanen am Plattenseeufer<\/strong> nicht auslassen, und  wenn es die Zeit erlaubt, sollten Sie eine Schifffahrt oder eine  Segeltour auf dem <strong>Plattensee<\/strong> auch mit ins Programm  einbeziehen, wovon sich ein herrliches Panorama auf das Keszthelyer  Gebirge erschlie\u00dft.<\/p>\n<p><strong>Der Fahrradweg um den Plattensee<\/strong>, der von unserem  Hotel aus in 3 Minuten zu erreichen ist, gilt als gro\u00dfes Geschenk f\u00fcr  die Fahrrad- und Rollschuhliebhaber.<\/p>\n<h3>Die Sehensw\u00fcrdigkeiten der Umgebung:<\/h3>\n<p>Ein nicht zu vers\u00e4umendes Erlebnis ist der sich 6 Kilometer von  Keszthely entfernt befindende Heilsee von H\u00e9v\u00edz, der gr\u00f6\u00dfte See Europas  mit nat\u00fcrlichem Heilwasser. Die Wassertemperatur erreicht im Sommer  sogar 33-35 Co und sinkt nicht einmal bei Frost unter 23-25 Co. Das  Heilwasser ist in erster Linie zur Behandlung von Krankheiten des  Bewegungsapparates bzw. Muskel-, rheumatischen- und Nervenschmerzen und  zur Nachbehandlung von Operationen geeignet.<\/p>\n<p><strong>Der<\/strong> zum Nationalpark Plattenseeoberland geh\u00f6rende <strong>Kleine  Plattensee<\/strong> lockt die Wanderlustigen mit seiner reichen  Vogelwelt und seiner zauberhaften nat\u00fcrlichen Umgebung.<\/p>\n<p>Weitere Sehensw\u00fcrdigkeiten:<strong> K\u00e1polnapuszta, das  B\u00fcffelreservat, die Insel Di\u00e1s, das Landhaus in V\u00f6rs, die M\u00e4usedornh\u00f6hle  in Balatonederics, das Afrikamuseum, die H\u00f6hle Tapolca, die Stupa in  Zalasz\u00e1nt\u00f3 oder die Wanderwege im Keszthelyer Gebirge.<\/strong><\/p>\n<p><strong>Burgen in der Umgebung:<\/strong> die Burg Rezi, die Burg  T\u00e1tika, die Burg S\u00fcmeg mit historischen Burgspielen, die Burg Szigliget.<\/p>\n<p><strong>Ein beliebter Zielpunkt der Touren in der Umgebung des  Plattensees ist Badacsony, der sich auf den H\u00e4ngen der vulkanischen  Bergen erstrickt. Der Badacsony ist der bedeutendste Weinberg eines  unserer namhaftesten Weingebiete. Die Stationen der qualifizierten  Weinstra\u00dfe bieten gute M\u00f6glichkeiten zur anspruchsvollen Weinverkostung  oder zum Einkaufen f\u00fcr alle lieben G\u00e4ste.<\/strong><\/p>\n<p><\/p>","protected":false},"excerpt":{"rendered":"\u2026wenn Sie sich nach ein bisschen Erholung sehnen Verbinden Sie Ihre zahn\u00e4rztlichen Behandlungen mit einer angenehmen Erholung am Plattensee! Schauen Sie sich unser Programmangebot an, mit dem wir Ihnen ein bisschen helfen m\u00f6chten, damit Sie Ihre Freizeit zwischen den zahn\u00e4rztlichen Behandlungen leichter planen bzw. angenehmer verbringen k\u00f6nnen. In unserem Hotel sichern das bedeckte Schwimmbecken, das&#8230; <a class=\"view-article\" href=\"https:\/\/www.kakadudental.hu\/de\/dental-het\/\">Artikel ansehen<\/a>","protected":false},"author":1,"featured_media":0,"parent":0,"menu_order":7,"comment_status":"closed","ping_status":"closed","template":"","meta":{"ngg_post_thumbnail":0,"footnotes":""},"class_list":["post-63","page","type-page","status-publish","hentry"],"aioseo_notices":[],"_links":{"self":[{"href":"https:\/\/www.kakadudental.hu\/de\/wp-json\/wp\/v2\/pages\/63","targetHints":{"allow":["GET"]}}],"collection":[{"href":"https:\/\/www.kakadudental.hu\/de\/wp-json\/wp\/v2\/pages"}],"about":[{"href":"https:\/\/www.kakadudental.hu\/de\/wp-json\/wp\/v2\/types\/page"}],"author":[{"embeddable":true,"href":"https:\/\/www.kakadudental.hu\/de\/wp-json\/wp\/v2\/users\/1"}],"replies":[{"embeddable":true,"href":"https:\/\/www.kakadudental.hu\/de\/wp-json\/wp\/v2\/comments?post=63"}],"version-history":[{"count":6,"href":"https:\/\/www.kakadudental.hu\/de\/wp-json\/wp\/v2\/pages\/63\/revisions"}],"predecessor-version":[{"id":143,"href":"https:\/\/www.kakadudental.hu\/de\/wp-json\/wp\/v2\/pages\/63\/revisions\/143"}],"wp:attachment":[{"href":"https:\/\/www.kakadudental.hu\/de\/wp-json\/wp\/v2\/media?parent=63"}],"curies":[{"name":"wp","href":"https:\/\/api.w.org\/{rel}","templated":true}]}}