{"id":58,"date":"2016-06-13T10:08:36","date_gmt":"2016-06-13T10:08:36","guid":{"rendered":"http:\/\/www.kakadudental.hu\/hu\/?page_id=58"},"modified":"2025-08-13T14:18:11","modified_gmt":"2025-08-13T12:18:11","slug":"garancia","status":"publish","type":"page","link":"https:\/\/www.kakadudental.hu\/de\/garancia\/","title":{"rendered":"Garantie"},"content":{"rendered":"<p><\/p>\n<h2>Garantiezeit der zahn\u00e4rztlichen Dienstleistungen<\/h2>\n<p>Zahnf\u00fcllungen: 2 Jahre<\/p>\n<p>Festsitzender Zahnersatz:<\/p>\n<p>Kronen, Br\u00fccken: 5 Jahre<\/p>\n<p>Herausnehmbarer Zahnersatz:<\/p>\n<p>Partielle Zahnreihe: 3 Jahre<\/p>\n<p>Komplette Zahnreihe: 1 Jahr<\/p>\n<p>Implantation (f\u00fcr die Konstruktionselemente des Implantats): 5 Jahre<\/p>\n<p>Unsere Ordination und das zahntechnische Laboratorium stellt \u00fcber das \u00fcbergebene Zahnwerk einen Garantieschein aus. Ihren eventuellen Garantieanspruch k\u00f6nnen Sie des Weiteren mit dem Vorlegen des Garantiescheins geltend machen.<\/p>\n<p>Mit Hilfe dieses Dokuments garantieren wir Ihnen, zur Anfertigung des Zahnwerks ausschlie\u00dflich qualifizierte, weltweit anerkannte Werkstoffe ausgezeichneter Qualit\u00e4t und Zusammensetzung verwendet zu haben, und dass das Fachwissen unserer Mitarbeiter, unsere Ger\u00e4te bzw. die von uns angewandte Technologie sogar den h\u00f6chsten Anforderungen entsprechen.<\/p>\n<h2>Bewahren Sie Ihren Garantieschein auf einem sicheren Platz auf, denn Ihr Garantieanspruch kann ansonsten nicht geltend gemacht werden!<\/h2>\n<p>Wenn es eindeutig nachgewiesen werden kann, dass das von uns eingesetzte Werkst\u00fcck wegen Gr\u00fcnde, die dem zahntechnischen Labor bzw. der Ordination (z.B. Werkstofffehler) zuzurechnen sind, sich zur bestimmungsgem\u00e4\u00dfen Verwendung als ungeeignet erweisen, nimmt das Kakadu Dental die Kosten der Wiederherstellung auf sich.<\/p>\n<p>Falls das angefertigte Zahnwerk \u2013 bei bestimmungsgem\u00e4\u00dfer Verwendung &#8211; ab- oder zerbricht, sich lockert, rei\u00dft, sich verf\u00e4rbt, polieren wir es auf, stellen den Originalzustand wieder her, reparieren es oder tauschen es aus \u2013 und zwar kostenlos.<\/p>\n<h2>Als Voraussetzungen der Geltendmachung Ihres Garantiescheins gelten folgende Ma\u00dfnahmen:<\/h2>\n<ul>\n<li>regelm\u00e4\u00dfige und richtige Zahnpflege; Einhaltung der von Ihrem Behandlungsarzt bekannt gemachten mundhygienischen Vorschriften;<\/li>\n<li>bestimmungsgem\u00e4\u00dfe Verwendung Ihres Zahnersatzes (das Zahnwerk ist ausschlie\u00dflich den physiologischen Kaukr\u00e4ften ausgesetzt, die nicht zu dessen \u00dcberbelastung f\u00fchren);<\/li>\n<li>Teilnahme an den von Ihrem Behandlungsarzt vorgeschriebenen, kostenlosen Kontrolluntersuchungen (alle 3 oder 6 Monate, einmal j\u00e4hrlich) in unserer Ordination;<\/li>\n<li>Durchf\u00fchrung der von Ihrem Behandlungsarzt vorgeschriebenen konservierenden Behandlungen (z.B. Zahnsteinentfernung, Unterf\u00fctterung der Prothese);<\/li>\n<li>vollst\u00e4ndiger Ausgleich der Zahnbehandlung.<\/li>\n<\/ul>\n<h2>In den folgenden F\u00e4llen kann unsere Klinik den Garantieanspruch nicht erf\u00fcllen:<\/h2>\n<ul>\n<li>Der Patient nimmt nicht an den j\u00e4hrlichen Kontrolluntersuchungen teil.<\/li>\n<li>Der Zahnersatz ist nicht entsprechend sauber gehalten, die Mundhygiene des Patienten ist vernachl\u00e4ssigt.<\/li>\n<li>Die nicht bestimmungsgem\u00e4\u00dfe Verwendung des Zahnersatzes bzw. die extremen Kaukr\u00e4fte, welche die physiologische Kaukraft \u00fcbertreffen, f\u00fchren zur erh\u00f6hten Belastung des Zahnersatzes.<\/li>\n<li>Die sich aus der unangemessenen Ern\u00e4hrung bzw. weiteren schlechten Angewohnheiten resultierenden Probleme.<\/li>\n<li>Die mechanische Verletzung des herausnehmbaren Zahnersatzes (Runterfallen, Extremsportarten), Sch\u00e4den durch chemische Stoffe (konzentrierter Alkohol, Chemikalien).<\/li>\n<li>Erkrankung des Kauapparates wegen systemischer, ansteckender und tumoroser Krankheiten bzw. wegen deren Behandlung. Unf\u00e4lle bzw. Unfallfolgen, die sich auf diejenigen Notfalleingriffe zur\u00fcckzuf\u00fchren sind, die deswegen durchgef\u00fchrt worden sind.<\/li>\n<li>Allergien, Zahnkrankheiten und ihre Folgen, die nach der Behandlung entstanden sind und vor der Behandlung noch unbekannt waren.<\/li>\n<li>Die Behandlungen, die vom Arzt empfohlen, jedoch nicht durchgef\u00fchrt worden sind.<\/li>\n<li>Probleme wegen psychischer oder sonstiger mentaler Krankheiten (Z\u00e4hneknirschen in der Nacht, Klemmen der Z\u00e4hne).<\/li>\n<li>Rapider und enormer Gewichtsverlust des Patienten.<\/li>\n<li>Verletzungen, Sch\u00e4den des Zahnersatzes, die nach mehr als 2 Werktagen angemeldet werden.<\/li>\n<li>Der Zahn muss wegen fr\u00fcherer Behandlungen (F\u00fcllung, Kronenpr\u00e4paration) einer Wurzelbehandlung unterzogen werden.<\/li>\n<li>Sch\u00e4den, die sich daraus ergeben haben, dass sie der Patient selbst zu reparieren oder umzugestalten versuchte.<\/li>\n<li>W\u00e4hrend der Behandlung greift ein fremder (anderswo praktizierender) Zahnarzt oder Zahntechniker ein.<\/li>\n<\/ul>\n<p><\/p>","protected":false},"excerpt":{"rendered":"Garantiezeit der zahn\u00e4rztlichen Dienstleistungen Zahnf\u00fcllungen: 2 Jahre Festsitzender Zahnersatz: Kronen, Br\u00fccken: 5 Jahre Herausnehmbarer Zahnersatz: Partielle Zahnreihe: 3 Jahre Komplette Zahnreihe: 1 Jahr Implantation (f\u00fcr die Konstruktionselemente des Implantats): 5 Jahre Unsere Ordination und das zahntechnische Laboratorium stellt \u00fcber das \u00fcbergebene Zahnwerk einen Garantieschein aus. Ihren eventuellen Garantieanspruch k\u00f6nnen Sie des Weiteren mit dem Vorlegen&#8230; <a class=\"view-article\" href=\"https:\/\/www.kakadudental.hu\/de\/garancia\/\">Artikel ansehen<\/a>","protected":false},"author":1,"featured_media":59,"parent":0,"menu_order":6,"comment_status":"closed","ping_status":"closed","template":"","meta":{"ngg_post_thumbnail":0,"footnotes":""},"class_list":["post-58","page","type-page","status-publish","has-post-thumbnail","hentry"],"aioseo_notices":[],"_links":{"self":[{"href":"https:\/\/www.kakadudental.hu\/de\/wp-json\/wp\/v2\/pages\/58","targetHints":{"allow":["GET"]}}],"collection":[{"href":"https:\/\/www.kakadudental.hu\/de\/wp-json\/wp\/v2\/pages"}],"about":[{"href":"https:\/\/www.kakadudental.hu\/de\/wp-json\/wp\/v2\/types\/page"}],"author":[{"embeddable":true,"href":"https:\/\/www.kakadudental.hu\/de\/wp-json\/wp\/v2\/users\/1"}],"replies":[{"embeddable":true,"href":"https:\/\/www.kakadudental.hu\/de\/wp-json\/wp\/v2\/comments?post=58"}],"version-history":[{"count":15,"href":"https:\/\/www.kakadudental.hu\/de\/wp-json\/wp\/v2\/pages\/58\/revisions"}],"predecessor-version":[{"id":302,"href":"https:\/\/www.kakadudental.hu\/de\/wp-json\/wp\/v2\/pages\/58\/revisions\/302"}],"wp:featuredmedia":[{"embeddable":true,"href":"https:\/\/www.kakadudental.hu\/de\/wp-json\/wp\/v2\/media\/59"}],"wp:attachment":[{"href":"https:\/\/www.kakadudental.hu\/de\/wp-json\/wp\/v2\/media?parent=58"}],"curies":[{"name":"wp","href":"https:\/\/api.w.org\/{rel}","templated":true}]}}