{"id":5,"date":"2016-06-13T07:25:22","date_gmt":"2016-06-13T07:25:22","guid":{"rendered":"http:\/\/www.kakadudental.hu\/?page_id=5"},"modified":"2025-09-15T17:07:08","modified_gmt":"2025-09-15T15:07:08","slug":"bemutatkozas","status":"publish","type":"page","link":"https:\/\/www.kakadudental.hu\/de\/","title":{"rendered":"Vorstellung"},"content":{"rendered":"<p><div id=\"sidebar_right\">\n<img loading=\"lazy\" decoding=\"async\" src=\"\/wp-content\/gallery\/bemutatkozas\/szaj.jpg\" alt=\"szaj\" width=\"200\" height=\"120\"><br>\n<img loading=\"lazy\" decoding=\"async\" src=\"\/wp-content\/gallery\/bemutatkozas\/kakaduhaz.jpg\" alt=\"kakaduhaz\" width=\"200\" height=\"120\"><br>\n<img loading=\"lazy\" decoding=\"async\" src=\"\/wp-content\/gallery\/bemutatkozas\/kezeles.jpg\" alt=\"kezeles\" width=\"200\" height=\"120\"><br>\n<img loading=\"lazy\" decoding=\"async\" src=\"\/wp-content\/gallery\/bemutatkozas\/hid.jpg\" alt=\"hid\" width=\"200\" height=\"120\"><br>\n<img loading=\"lazy\" decoding=\"async\" src=\"\/wp-content\/gallery\/bemutatkozas\/kezeloszek.jpg\" alt=\"kezeloszek\" width=\"200\" height=\"120\"><br>\n<img loading=\"lazy\" decoding=\"async\" src=\"\/wp-content\/gallery\/bemutatkozas\/csalad.jpg\" alt=\"csalad\" width=\"200\" height=\"120\"><br>\n<img loading=\"lazy\" decoding=\"async\" src=\"\/wp-content\/gallery\/bemutatkozas\/kezeloszek2.jpg\" alt=\"kezeloszek2\" width=\"200\" height=\"120\"><br>\n<img loading=\"lazy\" decoding=\"async\" class=\"last\" src=\"\/wp-content\/gallery\/bemutatkozas\/masszazs.jpg\" alt=\"masszazs\" width=\"200\" height=\"120\"><br>\n<\/div>\n<\/p>\n<h2>Wir begr\u00fc\u00dfen Sie herzlich auf der Homepage von Kakadu Dental &amp; Wellness!<\/h2>\n<p>In der Hauptstadt des Plattensees, Keszhely ( nur 180 km von der \u00f6sterreichischen Grenze entfernt) warten wir alle unsere lieben G\u00e4ste mit ganzheitlichen, zahn\u00e4rztlichen Dienstleistungen hohen Niveaus im freundlichen, famili\u00e4ren Ambiente des Hotel Kakadu.<\/p>\n<p>&nbsp;<\/p>\n<h2>Unsere Zielsetzung<\/h2>\n<p>Wir m\u00f6chten die Anspr\u00fcche unserer Patienten \u2013 \u00fcber den niveauvollen zahn\u00e4rztlichen Behandlungen hinaus \u2013 auch auf dem Gebiet der Wellness-Dienstleistungen maximal befriedigen, so k\u00f6nnen wir Ihnen die M\u00f6glichkeit der k\u00f6rperlich-geistigen Erholung innerhalb unseres Hotels sichern \u2013 und das zu einem erreichbaren Preis.<\/p>\n<h3>Qualit\u00e4t, Fachwissen<\/h3>\n<p>Wir legen einen gro\u00dfen Wert darauf, unseren Patienten mit den aktuellsten Informationen dienen zu k\u00f6nnen und bieten Ihnen &#8211; zur L\u00f6sung ihrer Probleme &#8211; die neuesten zahn\u00e4rztlichen M\u00f6glichkeiten.<\/p>\n<p>Wir bem\u00fchen uns, mit den Ergebnissen der frischesten Forschungen Schritt zu halten und sie bei den zahn\u00e4rztlichen Behandlungen und technischen Entwicklungen anzuwenden.<\/p>\n<p>In unserer Praxis arbeiten wir ausschlie\u00dflich mit ausgezeichneten westeurop\u00e4ischen, japanischen und amerikanischen Materialien und Instrumenten.<\/p>\n<p>Der fachliche Hintergrund, der mit der netten Haltung und der pr\u00e4zisen, gewissenhafter Arbeit unserer Mitarbeiter erg\u00e4nzt wird, wird von unseren erfahrenen und mehrere Weltsprachen sprechenden \u00c4rzten gesichert.<\/p>\n<h3>F\u00fcr Ihre Gesundheit und Sch\u00f6nheit<\/h3>\n<p>Nach einer Anmeldung per Telefon oder Internet kommt es zu einer kostenlosen Zustandsaufnahme und einer gr\u00fcndlichen Untersuchung. Anschlie\u00dfend \u00fcberreichen wir \u2013 nach der Anfertigung einer Panoramar\u00f6ntgenaufnahme &#8211; unserem Patienten einen ausf\u00fchrlichen Behandlungs- und Kostenplan.<\/p>\n<p>Nach der ersten pers\u00f6nlichen Konsultation kann sich jeder davon \u00fcberzeugen, dass er keine Angst haben muss.<\/p>\n<p>W\u00e4hrend unser lieber Gast die Br\u00fccke \u00fcber dem bedeckten Swimmingpool passiert, wird er von Palmenbl\u00e4ttern gestreichelt, er h\u00f6rt das Pl\u00e4tschern des Wassers und tritt in unsere freundlich ausgestattete, klimatisierte Ordination ein, wobei er allerlei Spannungen vergisst. Inzwischen sorgen unsere Kollegen mit verw\u00f6hnender Gastfreundlichkeit f\u00fcr die Bequemlichkeit und ungest\u00f6rte Ruhe der Angeh\u00f6rigen.<\/p>\n<p>Wir bieten Ihnen eine ganzheitliche zahn\u00e4rztliche Verpflegung.<\/p>\n<h3>Bequemlichkeit, Erholung<\/h3>\n<p>Bei uns k\u00f6nnen Sie Ihre zahn\u00e4rztlichen Behandlungen mit Erholung verbinden!<\/p>\n<p>Unser eigenes Hotel, das Wellness Hotel Kakadu bietet die M\u00f6glichkeit, unseren Patienten jeden Moment ihres Aufenthaltes noch komfortabler zu machen.<\/p>\n<p>In der Zeit zwischen den einzelnen zahn\u00e4rztlichen Dienstleistungen k\u00f6nnen Sie sich an den Programmen der Wellness-Welt beteiligen. Das bedeckte Schwimmbecken, das Sprudelbad, die Aromakabine, die Infrakabine, die Sauna, das Solarium, die Fitnessger\u00e4te, die reiche Auswahl der Gesichts- und K\u00f6rperbehandlungen, die traditionellen und \u00f6stlichen Massagetechniken, die Fu\u00dfreflexmassage, die Pedik\u00fcre, die Manik\u00fcre dienen der Herstellung Ihrer k\u00f6rperlich-geistigen Harmonie.<\/p>\n<p>Auch unsere Stadt und ihre Umgebung bieten den Besuchern unz\u00e4hlige Programme und Sehensw\u00fcrdigkeiten, so k\u00f6nnen unsere Patienten nicht nur mit gesunden, sch\u00f6nen Z\u00e4hnen sondern auch mit unvergesslichen Erlebnissen nach Hause fahren.<\/p>\n<p>Sollten Sie irgendwelche Fragen bez\u00fcglich unserer Behandlungen, Dienstleistungen haben, setzen Sie sich mit uns in Verbindung, nehmen Sie den Kontakt mit uns unter der folgenden Erreichbarkeit auf, wir stehen Ihnen gerne zur Verf\u00fcgung!<\/p>\n<h3>Wir hoffen, auch Sie pers\u00f6nlich so fr\u00fch wie m\u00f6glich als Gast von Kakadu Dental &amp; Wellness willkommen hei\u00dfen zu k\u00f6nnen.<\/h3>\n<div id=\"gtx-trans\" style=\"position: absolute; left: 417px; top: 123.812px;\"><\/div>\n<p><\/p>","protected":false},"excerpt":{"rendered":"Wir begr\u00fc\u00dfen Sie herzlich auf der Homepage von Kakadu Dental &amp; Wellness! In der Hauptstadt des Plattensees, Keszhely ( nur 180 km von der \u00f6sterreichischen Grenze entfernt) warten wir alle unsere lieben G\u00e4ste mit ganzheitlichen, zahn\u00e4rztlichen Dienstleistungen hohen Niveaus im freundlichen, famili\u00e4ren Ambiente des Hotel Kakadu. &nbsp; Unsere Zielsetzung Wir m\u00f6chten die Anspr\u00fcche unserer Patienten&#8230; <a class=\"view-article\" href=\"https:\/\/www.kakadudental.hu\/de\/\">Artikel ansehen<\/a>","protected":false},"author":1,"featured_media":11,"parent":0,"menu_order":1,"comment_status":"closed","ping_status":"closed","template":"t-mainpage.php","meta":{"ngg_post_thumbnail":0,"footnotes":""},"class_list":["post-5","page","type-page","status-publish","has-post-thumbnail","hentry"],"aioseo_notices":[],"_links":{"self":[{"href":"https:\/\/www.kakadudental.hu\/de\/wp-json\/wp\/v2\/pages\/5","targetHints":{"allow":["GET"]}}],"collection":[{"href":"https:\/\/www.kakadudental.hu\/de\/wp-json\/wp\/v2\/pages"}],"about":[{"href":"https:\/\/www.kakadudental.hu\/de\/wp-json\/wp\/v2\/types\/page"}],"author":[{"embeddable":true,"href":"https:\/\/www.kakadudental.hu\/de\/wp-json\/wp\/v2\/users\/1"}],"replies":[{"embeddable":true,"href":"https:\/\/www.kakadudental.hu\/de\/wp-json\/wp\/v2\/comments?post=5"}],"version-history":[{"count":52,"href":"https:\/\/www.kakadudental.hu\/de\/wp-json\/wp\/v2\/pages\/5\/revisions"}],"predecessor-version":[{"id":342,"href":"https:\/\/www.kakadudental.hu\/de\/wp-json\/wp\/v2\/pages\/5\/revisions\/342"}],"wp:featuredmedia":[{"embeddable":true,"href":"https:\/\/www.kakadudental.hu\/de\/wp-json\/wp\/v2\/media\/11"}],"wp:attachment":[{"href":"https:\/\/www.kakadudental.hu\/de\/wp-json\/wp\/v2\/media?parent=5"}],"curies":[{"name":"wp","href":"https:\/\/api.w.org\/{rel}","templated":true}]}}