{"id":48,"date":"2016-06-13T10:02:39","date_gmt":"2016-06-13T10:02:39","guid":{"rendered":"http:\/\/www.kakadudental.hu\/hu\/?page_id=48"},"modified":"2025-09-15T17:16:04","modified_gmt":"2025-09-15T15:16:04","slug":"48-2","status":"publish","type":"page","link":"https:\/\/www.kakadudental.hu\/de\/48-2\/","title":{"rendered":"Preise und Zahlungsbedin&shy;gungen"},"content":{"rendered":"<p><div id=\"sidebar_right\">\n<img loading=\"lazy\" decoding=\"async\" src=\"\/wp-content\/gallery\/arak\/bankkartyak.jpg\" alt=\"bankkartyak\" width=\"200\" height=\"120\"><br>\n<img loading=\"lazy\" decoding=\"async\" src=\"\/wp-content\/gallery\/arak\/mastercard.jpg\" alt=\"mastercard\" width=\"200\" height=\"120\"><br>\n<img loading=\"lazy\" decoding=\"async\" class=\"last\" src=\"\/wp-content\/gallery\/arak\/medicredit_logo.gif\" alt=\"medicredit_logo\" width=\"200\" height=\"120\"><br>\n<\/div>\n<\/p>\n<p>Wir machen unsere lieben Patienten darauf aufmerksam, dass die folgenden Preise von unverbindlichem Charakter sind und aufgrund der individuellen Anspr\u00fcche und der verschiedenen Behandlungsalternativen nicht genau bestimmt werden k\u00f6nnen. Wir bitten Sie, auch die sich unter der Tabelle befindenden Zahlungsm\u00f6glichkeiten und \u2013bedingungen durchzulesen.<\/p>\n<h2>Preisliste:<\/h2>\n<table cellspacing=\"0\" cellpadding=\"5\" border=\"1\">\n<tbody>\n<tr>\n<td bgcolor=\"#d5c4db\" colspan=\"2\"><strong>Konsultation<\/strong><\/td>\n<\/tr>\n<tr>\n<td bgcolor=\"#ffffff\">Zahn\u00e4rztliche Erstuntersuchung<\/td>\n<td bgcolor=\"#ffffff\" align=\"center\"><strong>kostenlos<\/strong><\/td>\n<\/tr>\n<tr>\n<td bgcolor=\"#d5c4db\">Zahn\u00e4rztliche Beratung<\/td>\n<td bgcolor=\"#d5c4db\" align=\"center\"><strong>kostenlos<\/strong><\/td>\n<\/tr>\n<tr>\n<td bgcolor=\"#ffffff\">Erstellung des Heil- und Kostenplanes<\/td>\n<td bgcolor=\"#ffffff\" align=\"center\"><strong>kostenlos<\/strong><\/td>\n<\/tr>\n<tr>\n<td bgcolor=\"#d5c4db\" colspan=\"2\"><strong>Computergesteuerte Dokumentation<\/strong><\/td>\n<\/tr>\n<tr>\n<td bgcolor=\"#ffffff\">Oralkamera<\/td>\n<td bgcolor=\"#ffffff\" align=\"center\"><strong>kostenlos<\/strong><\/td>\n<\/tr>\n<tr>\n<td bgcolor=\"#d5c4db\">Zahnr\u00f6ntgenaufnahme Intraorale<\/td>\n<td bgcolor=\"#d5c4db\"><strong> kostenlos<\/strong><\/td>\n<\/tr>\n<tr>\n<td bgcolor=\"#ffffff\">Panoramar\u00f6ntgenaufnahme<\/td>\n<td bgcolor=\"#ffffff\">40 Euro<\/td>\n<\/tr>\n<tr>\n<td bgcolor=\"#d5c4db\" colspan=\"2\"><strong>Zahnerhaltungs Behandlungen<\/strong><\/td>\n<\/tr>\n<tr>\n<td bgcolor=\"#ffffff\">Furchenverschlie\u00dfung<\/td>\n<td bgcolor=\"#ffffff\">ab 20 Euro<\/td>\n<\/tr>\n<tr>\n<td bgcolor=\"#d5c4db\">Provisorische F\u00fcllung<\/td>\n<td bgcolor=\"#d5c4db\"><strong>kostenlos<\/strong><\/td>\n<\/tr>\n<tr>\n<td bgcolor=\"#ffffff\">Komposit F\u00fcllung<\/td>\n<td bgcolor=\"#ffffff\">ab 60 Euro<\/td>\n<\/tr>\n<tr>\n<td bgcolor=\"#d5c4db\">Keramik-Inlay<\/td>\n<td bgcolor=\"#d5c4db\">ab 270 Euro<\/td>\n<\/tr>\n<tr>\n<td bgcolor=\"#ffffff\">Gold-Inlay (+Gold)<\/td>\n<td bgcolor=\"#ffffff\">ab 270 Euro<\/td>\n<\/tr>\n<tr>\n<td bgcolor=\"#d5c4db\">Keramikschale (Veneer)<\/td>\n<td bgcolor=\"#d5c4db\">ab 270 Euro<\/td>\n<\/tr>\n<tr>\n<td bgcolor=\"#ffffff\">Wurzelf\u00fcllung \/ Wurzelbehandlung<\/td>\n<td bgcolor=\"#ffffff\">ab 90 Euro<\/td>\n<\/tr>\n<tr>\n<td bgcolor=\"#d5c4db\" colspan=\"2\"><strong>Zahnersatz<\/strong><\/td>\n<\/tr>\n<tr>\n<td bgcolor=\"#ffffff\">Stiftaufbau<\/td>\n<td bgcolor=\"#ffffff\">ab 90 Euro<\/td>\n<\/tr>\n<tr>\n<td bgcolor=\"#d5c4db\">Keramikkrone auf nickelfreiem Metall<\/td>\n<td bgcolor=\"#d5c4db\">ab 200 Euro<\/td>\n<\/tr>\n<tr>\n<td bgcolor=\"#ffffff\">Gold-Keramikkrone (+Gold)<\/td>\n<td bgcolor=\"#ffffff\">ab 270 Euro<\/td>\n<\/tr>\n<tr>\n<td bgcolor=\"#d5c4db\">Zirkon-Krone<\/td>\n<td bgcolor=\"#d5c4db\">ab 350 euro<\/td>\n<\/tr>\n<tr>\n<td bgcolor=\"#ffffff\">Provisorische Krone<\/td>\n<td bgcolor=\"#ffffff\">ab 10 Euro<\/td>\n<\/tr>\n<tr>\n<td bgcolor=\"#d5c4db\">Entfernung von vorhandenen Kronen<\/td>\n<td bgcolor=\"#d5c4db\"><strong>kostenlos<\/strong><\/td>\n<\/tr>\n<tr>\n<td bgcolor=\"#ffffff\">Krone auf Implantat<\/td>\n<td bgcolor=\"#ffffff\">ab 230 Euro<\/td>\n<\/tr>\n<tr>\n<td bgcolor=\"#d5c4db\">Provisorische Krone auf Implantat<\/td>\n<td bgcolor=\"#d5c4db\">ab 50 Euro<\/td>\n<\/tr>\n<tr>\n<td bgcolor=\"#ffffff\">Teleskopkrone aus Gold (+ Gold)<\/td>\n<td bgcolor=\"#ffffff\">ab 270 Euro<\/td>\n<\/tr>\n<tr>\n<td bgcolor=\"#d5c4db\">Herausnehmbarer Zahnersatz mit Metallplatten<\/td>\n<td bgcolor=\"#d5c4db\">ab 680 Euro<\/td>\n<\/tr>\n<tr>\n<td bgcolor=\"#ffffff\">Unterf\u00fctterung<\/td>\n<td bgcolor=\"#ffffff\">ab 120 Euro<\/td>\n<\/tr>\n<tr>\n<td bgcolor=\"#d5c4db\">Totalprothese<\/td>\n<td bgcolor=\"#d5c4db\">ab 550 Euro<\/td>\n<\/tr>\n<tr>\n<td bgcolor=\"#ffffff\">Provisorische Prothese<\/td>\n<td bgcolor=\"#ffffff\">ab 200 Euro<\/td>\n<\/tr>\n<tr>\n<td bgcolor=\"#d5c4db\" colspan=\"2\"><strong>Mundchirurgische Verfahren<\/strong><\/td>\n<\/tr>\n<tr>\n<td bgcolor=\"#ffffff\">Implantat<\/td>\n<td bgcolor=\"#ffffff\">ab 600 Euro<\/td>\n<\/tr>\n<tr bgcolor=\"#d5c4db\">\n<td>Implantat Aufbau<\/td>\n<td>ab 120 Euro<\/td>\n<\/tr>\n<tr>\n<td bgcolor=\"#ffffff\">Knochenaufbau<\/td>\n<td bgcolor=\"#ffffff\">ab 250 Euro<\/td>\n<\/tr>\n<tr bgcolor=\"#d5c4db\">\n<td>Wurzelspitzenresektion<\/td>\n<td>ab 120 Euro<\/td>\n<\/tr>\n<tr>\n<td bgcolor=\"#ffffff\">Zahnentfernung<\/td>\n<td bgcolor=\"#ffffff\">ab 30 Euro<\/td>\n<\/tr>\n<tr bgcolor=\"#d5c4db\">\n<td>Zahnfleischkorrektur<\/td>\n<td>ab 50 Euro<\/td>\n<\/tr>\n<tr>\n<td bgcolor=\"#ffffff\" colspan=\"2\"><strong>\u00c4sthetische Behandlungen<\/strong><\/td>\n<\/tr>\n<tr bgcolor=\"#d5c4db\">\n<td>Mundhygienische Behandlung, Zahnsteinentfernung, Polieren<\/td>\n<td>ab 40 Euro<\/td>\n<\/tr>\n<tr>\n<td bgcolor=\"#ffffff\">Zahnaufhellung<\/td>\n<td bgcolor=\"#ffffff\">a b200 Euro<\/td>\n<\/tr>\n<tr>\n<td bgcolor=\"#d5c4db\">Zahnschmuck \/ Kristall<\/td>\n<td bgcolor=\"#d5c4db\">ab 30 Euro<\/td>\n<\/tr>\n<tr>\n<td bgcolor=\"#ffffff\">Zahnschmuck   \/ Edlestein<\/td>\n<td bgcolor=\"#ffffff\">ab 50 Euro<\/td>\n<\/tr>\n<\/tbody>\n<\/table>\n<h2>Zahlungsm\u00f6glichkeiten<\/h2>\n<ul>\n<li> Bar, mit Kreditkarte, oder \u00dcberweisung<\/li>\n<li>Bonus-Gutschein<\/li>\n<li>Geschenkgutschein<\/li>\n<\/ul>\n<h3>Barzahlung, Zahlung mit Kreditkarten<\/h3>\n<p>Unsere Gaste k\u00f6nnen in den folgenden W\u00e4hrungen: HUF, EUR, CHF, GBP, RUB aber auch mit Kreditkarten wie MasterCard, Visa,\u2026 usw. f\u00fcr die Dienstleistungen des Hotels bezahlen.<\/p>\n<h3>Zahlung mit Krankenkassenkarten<\/h3>\n<p>F\u00fcr unsere G\u00e4ste, welche die zahnmedizinischen Dienstleistungen in Anspruch nehmen, ist auch eine Zahlung mit der jeweiligen Krankenkassenkarte m\u00f6glich. Nach einer vorherigen Vereinbarung setzen wir uns mit Ihrer Krankenkasse in Verbindung.<\/p>\n<h3><a name=\"utalvany\"><\/a>Geschenkgutschein<\/h3>\n<p>Beschenken sie Ihre Lieben mit Gesundheit und Erholung!<\/p>\n<p>Weitere Einzelheiten sind unter dem Men\u00fcpunkt \u201eGeschenkgutschein\u201c zu lesen.<\/p>\n<p>Auf Ihre Fragen bez\u00fcglich der Zahlungsm\u00f6glichkeiten antworten Ihnen unsere Kollegen sehr gern unter der Telefonnummer 30\/ 503-7570 oder unter der E-Mail-Adresse: <a href=\"mailto:&#105;&#110;f&#111;&#64;ka&#107;ad&#117;d&#101;&#110;t&#97;&#108;.h&#117;\">&#105;&#110;&#102;o&#64;&#107;a&#107;ad&#117;&#100;&#101;nt&#97;l&#46;&#104;&#117;<\/a><\/p>\n<h3>Rufen Sie uns an, wir stehen Ihnen gerne zur Verf\u00fcgung!<\/h3>\n<p><\/p>","protected":false},"excerpt":{"rendered":"Wir machen unsere lieben Patienten darauf aufmerksam, dass die folgenden Preise von unverbindlichem Charakter sind und aufgrund der individuellen Anspr\u00fcche und der verschiedenen Behandlungsalternativen nicht genau bestimmt werden k\u00f6nnen. Wir bitten Sie, auch die sich unter der Tabelle befindenden Zahlungsm\u00f6glichkeiten und \u2013bedingungen durchzulesen. Preisliste: Konsultation Zahn\u00e4rztliche Erstuntersuchung kostenlos Zahn\u00e4rztliche Beratung kostenlos Erstellung des Heil- und&#8230; <a class=\"view-article\" href=\"https:\/\/www.kakadudental.hu\/de\/48-2\/\">Artikel ansehen<\/a>","protected":false},"author":1,"featured_media":52,"parent":0,"menu_order":5,"comment_status":"closed","ping_status":"closed","template":"","meta":{"ngg_post_thumbnail":0,"footnotes":""},"class_list":["post-48","page","type-page","status-publish","has-post-thumbnail","hentry"],"aioseo_notices":[],"_links":{"self":[{"href":"https:\/\/www.kakadudental.hu\/de\/wp-json\/wp\/v2\/pages\/48","targetHints":{"allow":["GET"]}}],"collection":[{"href":"https:\/\/www.kakadudental.hu\/de\/wp-json\/wp\/v2\/pages"}],"about":[{"href":"https:\/\/www.kakadudental.hu\/de\/wp-json\/wp\/v2\/types\/page"}],"author":[{"embeddable":true,"href":"https:\/\/www.kakadudental.hu\/de\/wp-json\/wp\/v2\/users\/1"}],"replies":[{"embeddable":true,"href":"https:\/\/www.kakadudental.hu\/de\/wp-json\/wp\/v2\/comments?post=48"}],"version-history":[{"count":17,"href":"https:\/\/www.kakadudental.hu\/de\/wp-json\/wp\/v2\/pages\/48\/revisions"}],"predecessor-version":[{"id":328,"href":"https:\/\/www.kakadudental.hu\/de\/wp-json\/wp\/v2\/pages\/48\/revisions\/328"}],"wp:featuredmedia":[{"embeddable":true,"href":"https:\/\/www.kakadudental.hu\/de\/wp-json\/wp\/v2\/media\/52"}],"wp:attachment":[{"href":"https:\/\/www.kakadudental.hu\/de\/wp-json\/wp\/v2\/media?parent=48"}],"curies":[{"name":"wp","href":"https:\/\/api.w.org\/{rel}","templated":true}]}}