{"id":45,"date":"2016-06-13T09:49:19","date_gmt":"2016-06-13T09:49:19","guid":{"rendered":"http:\/\/www.kakadudental.hu\/hu\/?page_id=45"},"modified":"2016-06-13T14:19:38","modified_gmt":"2016-06-13T14:19:38","slug":"fogaszati-implantacio-fogbeultetes","status":"publish","type":"page","link":"https:\/\/www.kakadudental.hu\/de\/szolgaltatasaink\/fogaszati-implantacio-fogbeultetes\/","title":{"rendered":"Implantation"},"content":{"rendered":"<p><div id=\"sidebar_right\">\n<img loading=\"lazy\" decoding=\"async\" src=\"\/wp-content\/gallery\/szajsebeszet\/mosolygos.jpg\" alt=\"mosolygos\" width=\"200\" height=\"120\"><br>\n<img loading=\"lazy\" decoding=\"async\" src=\"\/wp-content\/gallery\/szajsebeszet\/implant3.jpg\" alt=\"implant3\" width=\"200\" height=\"120\"><br>\n<img loading=\"lazy\" decoding=\"async\" src=\"\/wp-content\/gallery\/szajsebeszet\/implant.jpg\" alt=\"implant\" width=\"200\" height=\"120\"><br>\n<img loading=\"lazy\" decoding=\"async\" src=\"\/wp-content\/gallery\/szajsebeszet\/implantanyag.jpg\" alt=\"implantanyag\" width=\"200\" height=\"120\"><br>\n<img loading=\"lazy\" decoding=\"async\" src=\"\/wp-content\/gallery\/szajsebeszet\/implanttum.jpg\" alt=\"implanttum\" width=\"200\" height=\"120\"><br>\n<img loading=\"lazy\" decoding=\"async\" src=\"\/wp-content\/gallery\/szajsebeszet\/implantok.jpg\" alt=\"implantok\" width=\"200\" height=\"120\"><br>\n<img loading=\"lazy\" decoding=\"async\" class=\"last\" src=\"\/wp-content\/gallery\/szajsebeszet\/implants.jpg\" alt=\"implants\" width=\"200\" height=\"120\"><br>\n<\/div>\n<\/p>\n<h2>Zahnmedizinische Implantation<\/h2>\n<h3>Eine moderne, \u00e4sthetische L\u00f6sung auf dem Gebiet des Zahnersatzes<\/h3>\n<h3>Was ist ein Zahnimplantat?<\/h3>\n<p>Das Implantat ist eine sogenannte \u201ek\u00fcnstliche Wurzel\u201c, die auf  chirurgischem Weg in den Kieferknochen \u2013 an der Stelle der  verlorengegangenen Z\u00e4hne &#8211; eingesetzt wird. Diese St\u00fctzen  ausgezeichneter Qualit\u00e4t bilden die Konstruktion des neuen fixen  Zahnersatzes, der genau so stark und stabil sein wird, als ob er f\u00fcr  eigene Z\u00e4hne angefertigt worden w\u00e4re.<\/p>\n<h3>Woraus werden Implantate hergestellt?<\/h3>\n<p>Heutzutage werden Zahnimplantate gem\u00e4\u00df internationalen  Qualit\u00e4tsnormen aus Titan hergestellt, das ein gewebefreundliches Metall  ist und keinerlei Sch\u00e4den verursacht, nicht verrostet, den S\u00e4uren und  sonstigen Stoffen widersteht, sich nicht magnetisieren l\u00e4sst und im  Verh\u00e4ltnis zu seinem Gewicht besonders stark ist.<\/p>\n<h3>Wem darf ein Implantat eingesetzt werden?<\/h3>\n<p>Die Zahnimplantation wird in der Regel vom Lebensalter nicht  beeinflusst. Die Voraussetzungen einer Implantation sind die gute  gesundheitliche Verfassung und die ausreichend vorhandene  Knochensubstanz guter Qualit\u00e4t. Im Falle eines Knochenmangels hohen  Grades haben wir die M\u00f6glichkeit, den Knochen wiederaufzubauen. In  diesem Fall werden nicht nur die k\u00fcnstlichen Zahnf\u00fcllungsmaterialien  sondern auch der eigene Knochen des Patienten verwendet. W\u00e4hrend der  vorherigen Untersuchungen informiert der Behandlungsarzt den Patienten  \u00fcber die Behandlungsverfahren, \u00fcber die chirurgischen Eingriffe und \u00fcber  die Planung des Zahnersatzes.<\/p>\n<h3>Was f\u00fcr Vorteile haben Zahnimplantate?<\/h3>\n<p>Mit Hilfe der Implantation l\u00e4sst sich der Zahnersatz in den meisten  F\u00e4llen l\u00f6sen, ohne dass die gesunden Nachbarz\u00e4hne abgeschliffen werden  m\u00fcssten.<\/p>\n<p>Im Verh\u00e4ltnis zum herausnehmbaren Zahnersatz kann (wenn es  entsprechend viele Implantate gibt) ein festsitzender, fixer Zahnersatz  angefertigt werden.<\/p>\n<p>Die stabilen Z\u00e4hne beeinflussen die Aussprache positiv und verleihen  eine bessere Lebensqualit\u00e4t und mehr Selbstvertrauen.<\/p>\n<p>Ein weiterer Vorteil von Implantaten ist, dass sie dem nach dem  Zahnverlust unvermeidbar auftretenden Knochenbau verbeugen.<\/p>\n<p>Der vom herausnehmbaren Zahnersatz verursachte psychische Druck h\u00f6rt  v\u00f6llig auf.<\/p>\n<p>Die Lebensdauer von Zahnimplantaten betr\u00e4gt 10-20 Jahre, was von der  Implantatstelle bzw. von der Mundhygiene des Patienten abh\u00e4ngt.<\/p>\n<h3>Wie verl\u00e4uft die Implantation?<\/h3>\n<p>Der Eingriff wird von erfahrenen Mundchirurgen, Implantologen, unter  lokaler Bet\u00e4ubung durchgef\u00fchrt. Die Implantation entspricht einer  kleineren Operation.<\/p>\n<p>Um sich von der genauen Stelle des Implantats zu \u00fcberzeugen, macht  der Fachmann im Vorhinein eine R\u00f6ntgenaufnahme. Nach der lokalen  Bet\u00e4ubung schneidet der Chirurg das Zahnfleisch auf, anschlie\u00dfend bohrt  er ein Loch in den Kieferknochen und setzt das Implantat darin ein.  Schlie\u00dflich n\u00e4ht er das Zahnfleisch zu. Wenn es sich nur um einen Zahn  handelt, nimmt die Behandlung nur eine Stunde in Anspruch. Danach  bekommt der Patient schmerzlindernde Mittel. Eine Woche nach der  Operation werden die N\u00e4hten von uns entfernt. Nach dem Eingriff &#8211; nach  einer Einheilphase von 1-3-6 Monaten &#8211; erfolgt die Anfertigung des  Zahnaufbaus (Br\u00fccke, Krone), oder beim Vorliegen einer entsprechenden  Knochensubstanz fertigen wir f\u00fcr die frisch eingesetzten Implantate  einen provisorischen Zahnersatz an, und zwar so, dass der Patient  bereits am selben Tag oder einen Tag danach mit benutzbaren Z\u00e4hnen  Abschied nehmen kann.<\/p>\n<h3>Wann werde ich meinen neuen Zahn haben?<\/h3>\n<p>Nach dem Einsetzen des Implantats muss man mehrere Monate warten, bis  gen\u00fcgend Knochensubstanz das Implantat umgibt, das hei\u00dft, der Knochen  w\u00e4schst ihm zu, heilt sich und das Implantat fixiert sich dadurch. Das  betr\u00e4gt auch im Falle des Unter \u2013bzw. Oberkiefers 3-4 Monate. Das  Implantat heilt sich bedeckt unter dem Zahnfleisch. Erst nach der  vollkommenen Zuheilung kann es zur zweiten Operation und zur Anfertigung  und zum Fixieren des Zahnersatzes (Br\u00fccke, Krone oder Prothese) kommen.<\/p>\n<p>Der Patient braucht nat\u00fcrlich auch bis dahin nicht ohne Z\u00e4hne zu  bleiben, denn wenn das Implantat auf die Frontseite des Mundes kommt,  l\u00e4sst Ihnen der Arzt eine provisorische Zahnreihe oder eine Br\u00fccke  anfertigen. Wenn Sie \u00fcber eine komplette Prothese verf\u00fcgen, k\u00f6nnen Sie  sie w\u00e4hrend der ganzen Einheilphase tragen, nachdem sie umgestaltet  worden ist.<\/p>\n<p><\/p>","protected":false},"excerpt":{"rendered":"Zahnmedizinische Implantation Eine moderne, \u00e4sthetische L\u00f6sung auf dem Gebiet des Zahnersatzes Was ist ein Zahnimplantat? Das Implantat ist eine sogenannte \u201ek\u00fcnstliche Wurzel\u201c, die auf chirurgischem Weg in den Kieferknochen \u2013 an der Stelle der verlorengegangenen Z\u00e4hne &#8211; eingesetzt wird. Diese St\u00fctzen ausgezeichneter Qualit\u00e4t bilden die Konstruktion des neuen fixen Zahnersatzes, der genau so stark und&#8230; <a class=\"view-article\" href=\"https:\/\/www.kakadudental.hu\/de\/szolgaltatasaink\/fogaszati-implantacio-fogbeultetes\/\">Artikel ansehen<\/a>","protected":false},"author":1,"featured_media":0,"parent":13,"menu_order":30,"comment_status":"closed","ping_status":"closed","template":"","meta":{"ngg_post_thumbnail":0,"footnotes":""},"class_list":["post-45","page","type-page","status-publish","hentry"],"aioseo_notices":[],"_links":{"self":[{"href":"https:\/\/www.kakadudental.hu\/de\/wp-json\/wp\/v2\/pages\/45","targetHints":{"allow":["GET"]}}],"collection":[{"href":"https:\/\/www.kakadudental.hu\/de\/wp-json\/wp\/v2\/pages"}],"about":[{"href":"https:\/\/www.kakadudental.hu\/de\/wp-json\/wp\/v2\/types\/page"}],"author":[{"embeddable":true,"href":"https:\/\/www.kakadudental.hu\/de\/wp-json\/wp\/v2\/users\/1"}],"replies":[{"embeddable":true,"href":"https:\/\/www.kakadudental.hu\/de\/wp-json\/wp\/v2\/comments?post=45"}],"version-history":[{"count":3,"href":"https:\/\/www.kakadudental.hu\/de\/wp-json\/wp\/v2\/pages\/45\/revisions"}],"predecessor-version":[{"id":115,"href":"https:\/\/www.kakadudental.hu\/de\/wp-json\/wp\/v2\/pages\/45\/revisions\/115"}],"up":[{"embeddable":true,"href":"https:\/\/www.kakadudental.hu\/de\/wp-json\/wp\/v2\/pages\/13"}],"wp:attachment":[{"href":"https:\/\/www.kakadudental.hu\/de\/wp-json\/wp\/v2\/media?parent=45"}],"curies":[{"name":"wp","href":"https:\/\/api.w.org\/{rel}","templated":true}]}}