{"id":41,"date":"2016-06-13T09:46:14","date_gmt":"2016-06-13T09:46:14","guid":{"rendered":"http:\/\/www.kakadudental.hu\/hu\/?page_id=41"},"modified":"2016-06-13T14:16:05","modified_gmt":"2016-06-13T14:16:05","slug":"esztetikai-kezelesek","status":"publish","type":"page","link":"https:\/\/www.kakadudental.hu\/de\/szolgaltatasaink\/esztetikai-kezelesek\/","title":{"rendered":"\u00c4sthetische Behandlungen"},"content":{"rendered":"<p><div id=\"sidebar_right\">\n<img loading=\"lazy\" decoding=\"async\" src=\"\/wp-content\/gallery\/esztetika\/szaj.jpg\" alt=\"szaj\" width=\"200\" height=\"120\"><br>\n<img loading=\"lazy\" decoding=\"async\" src=\"\/wp-content\/gallery\/esztetika\/fogfeherites1.jpg\" alt=\"fogfeherites1\" width=\"200\" height=\"120\"><br>\n<img loading=\"lazy\" decoding=\"async\" src=\"\/wp-content\/gallery\/esztetika\/fogfeheries2.jpg\" alt=\"fogfeheries2\" width=\"200\" height=\"120\"><br>\n<img loading=\"lazy\" decoding=\"async\" src=\"\/wp-content\/gallery\/esztetika\/fogfeherites3.jpg\" alt=\"fogfeherites3\" width=\"200\" height=\"120\"><br>\n<img loading=\"lazy\" decoding=\"async\" src=\"\/wp-content\/gallery\/esztetika\/fogfeherites4.jpg\" alt=\"fogfeherites4\" width=\"200\" height=\"120\"><br>\n<img loading=\"lazy\" decoding=\"async\" src=\"\/wp-content\/gallery\/esztetika\/fogegszer1.jpg\" alt=\"fogegszer1\" width=\"200\" height=\"131\"><br>\n<img loading=\"lazy\" decoding=\"async\" class=\"last\" src=\"\/wp-content\/gallery\/esztetika\/fogegszer2.jpg\" alt=\"fogegszer2\" width=\"200\" height=\"120\"><br>\n<\/div>\n<\/p>\n<h2>Zahnbleichung<\/h2>\n<h3>Strahlendes L\u00e4cheln in weniger als einer Stunde!<\/h3>\n<p>Im jungen Alter haben die meisten Menschen wei\u00dfe Z\u00e4hne, aber die Z\u00e4hne verf\u00e4rben sich wegen der im Laufe der Jahre verzehrten Speisen und Getr\u00e4nke (Kaffee, Rotwein, Kola), aber auch das Rauchen l\u00f6st die Verf\u00e4rbung der Z\u00e4hne aus. W\u00e4hrend der Zahnbleichungsverfahren hat man die M\u00f6glichkeit, diese Verf\u00e4rbungen loszuwerden, ohne dass das harte Gewebe der Z\u00e4hne und das weiche Gewebe (Zahnfleisch) gesch\u00e4digt wird.<\/p>\n<h3>Die Vorteile der in unserer Ordination angewandten Zahnbleichungsverfahren:<\/h3>\n<ul>\n<li>Die von uns benutzte Technik bleicht die Z\u00e4hne direkt und hat keine Nebenwirkungen. Es geht hier um ein einmaliges Verfahren, das absolut sicher ist, da das zur Bleichung benutzte Licht aufgrund seiner niedrigen Temperatur die Zahnnerven nicht sch\u00e4digt.<\/li>\n<li>Sie zaubert in nur einer Stunde strahlend wei\u00dfe Z\u00e4hne.<\/li>\n<li>Die Z\u00e4hne k\u00f6nnen \u2013 laut Farbenskala VITA \u2013 um 5-14 Farbenabstufungen wei\u00dfer werden.<\/li>\n<li>Die Behandlung ist absolut schmerzfrei und sichert einen lang anhaltenden Effekt (im Durchschnitt 2-3 Jahre).<\/li>\n<\/ul>\n<h3>Die Zahnbleichung erfolgt wie folgt:<\/h3>\n<ol>\n<li>Die Zahnbleichung beginnt mit der ganzheitlichen \u00dcberpr\u00fcfung der Z\u00e4hne. Endg\u00fcltige Zahnf\u00fcllungen und auch ein Zahnersatz k\u00f6nnen erst nach der Zahnbleichung angefertigt werden, da sich ihre Farben w\u00e4hrend der Zahnbleichung nicht ver\u00e4ndern.<\/li>\n<li>Vor der Behandlung befreien wir Ihre Z\u00e4hne vom Zahnstein und von den Ablagerungen.<\/li>\n<li>Mit Hilfe einer Farbenskala bestimmen wir Ihre aktuelle Zahnfarbe, so k\u00f6nnen Sie nach der Zahnbleichung einfach feststellen, um wie viele Farbabstufungen Ihre Z\u00e4hne wei\u00dfer geworden sind.<\/li>\n<li>Zuerst setzen wir Ihnen eine spezielle Schutzschiene auf, dann kommt das professionelle Bleichgel mit Wasserstoffsuperoxid zum Einsatz.<\/li>\n<li>W\u00e4hrend des Verfahrens bleibt das Gel dreimal 20 Minuten auf den Z\u00e4hnen, die fortw\u00e4hrend mit einer Plasmenlampe beleuchtet wird. Durch das Licht der Zahnbleichungslampe zersetzt sich das Wasserstoffsuperoxid und der frei gewordene Sauerstoff dringt in den Zahn ein und bleicht ihn.<\/li>\n<li>Nach der dritten Phase von 20 Minuten werden die Z\u00e4hne abgesp\u00fclt und wir vergleichen das Ergebnis mit der Zahnfarbenskala.<\/li>\n<\/ol>\n<h3>Worauf muss man nach der Behandlung achten?<\/h3>\n<p>Nach dem Zahnbleichungsverfahren haben Sie nur noch einige Sachen vor Augen zu halten, um Ihre sch\u00f6nen wei\u00dfen Z\u00e4hne so lange wie m\u00f6glich bewahren zu k\u00f6nnen: vermeiden Sie \u2013 je nach M\u00f6glichkeit \u2013 den \u00fcbertriebenen Verzehr von Kaffee, das Rauchen und den Konsum von Getr\u00e4nken wie Tee, Rotwein und Kola. Sollten Sie unsere Ratschl\u00e4ge einhalten, k\u00f6nnen Sie die Wei\u00dfheit Ihrer Z\u00e4hne sogar mehrere Jahre lang genie\u00dfen.<\/p>\n<h2>Zahnschmuck<\/h2>\n<p>Der Zahnschmuck ist ein kleiner, geschliffener Glas-, Edelstein- oder Goldschmuck, der mit einem speziellen zahnmedizinischen Klebstoff auf die Zahnoberfl\u00e4che geklebt werden kann. Das Aufsetzen von Zahnschmuck erfordert kein Bohren, wodurch der Zahnschmelz nicht gesch\u00e4digt wird.<\/p>\n<p>Die Behandlung beginnt mit der Entfernung vom Zahnstein und von Verf\u00e4rbungen, anschlie\u00dfend setzen wir den ausgew\u00e4hlten Schmuck mit einem Spezialkleber auf den Zahn auf. Der Kleber bindet sich durch das in der Ordination verwendete blaue Licht, so k\u00f6nnen Sie gleich nach dem Aufsetzen Speisen zu sich nehmen. Der Zahnschmuck wird auf den Zahn so aufgesetzt, dass <strong>der Zahnschmelz unter keinen Umst\u00e4nden gesch\u00e4digt wird<\/strong> und jederzeit entfernt werden kann, wenn es der Patient w\u00fcnscht. Das Aufsetzen des Zahnschmucks nimmt nur 10-15 Minuten in Anspruch.<\/p>\n<p>Die Dauerhaftigkeit des Zahnschmucks ist individuell ver\u00e4nderlich. Das h\u00e4ngt von der Stelle des Zahnschmucks bzw. von den eventuellen Unregelm\u00e4\u00dfigkeiten des Bei\u00dfens ab, so kann der Schmuck ein paar Monate, aber auch \u00fcber Jahre hinaus halten. Der Zahnschmuck kann nur  mit einem blaulichth\u00e4rtenden Kleber auf einen nat\u00fcrlichen Zahn aufgesetzt werden. Im Falle eines Zahnersatzes kann er nur mittels eines Kronenklebers fixiert werden.<\/p>\n<p><\/p>","protected":false},"excerpt":{"rendered":"Zahnbleichung Strahlendes L\u00e4cheln in weniger als einer Stunde! Im jungen Alter haben die meisten Menschen wei\u00dfe Z\u00e4hne, aber die Z\u00e4hne verf\u00e4rben sich wegen der im Laufe der Jahre verzehrten Speisen und Getr\u00e4nke (Kaffee, Rotwein, Kola), aber auch das Rauchen l\u00f6st die Verf\u00e4rbung der Z\u00e4hne aus. W\u00e4hrend der Zahnbleichungsverfahren hat man die M\u00f6glichkeit, diese Verf\u00e4rbungen loszuwerden,&#8230; <a class=\"view-article\" href=\"https:\/\/www.kakadudental.hu\/de\/szolgaltatasaink\/esztetikai-kezelesek\/\">Artikel ansehen<\/a>","protected":false},"author":1,"featured_media":0,"parent":13,"menu_order":29,"comment_status":"closed","ping_status":"closed","template":"","meta":{"ngg_post_thumbnail":0,"footnotes":""},"class_list":["post-41","page","type-page","status-publish","hentry"],"aioseo_notices":[],"_links":{"self":[{"href":"https:\/\/www.kakadudental.hu\/de\/wp-json\/wp\/v2\/pages\/41","targetHints":{"allow":["GET"]}}],"collection":[{"href":"https:\/\/www.kakadudental.hu\/de\/wp-json\/wp\/v2\/pages"}],"about":[{"href":"https:\/\/www.kakadudental.hu\/de\/wp-json\/wp\/v2\/types\/page"}],"author":[{"embeddable":true,"href":"https:\/\/www.kakadudental.hu\/de\/wp-json\/wp\/v2\/users\/1"}],"replies":[{"embeddable":true,"href":"https:\/\/www.kakadudental.hu\/de\/wp-json\/wp\/v2\/comments?post=41"}],"version-history":[{"count":3,"href":"https:\/\/www.kakadudental.hu\/de\/wp-json\/wp\/v2\/pages\/41\/revisions"}],"predecessor-version":[{"id":114,"href":"https:\/\/www.kakadudental.hu\/de\/wp-json\/wp\/v2\/pages\/41\/revisions\/114"}],"up":[{"embeddable":true,"href":"https:\/\/www.kakadudental.hu\/de\/wp-json\/wp\/v2\/pages\/13"}],"wp:attachment":[{"href":"https:\/\/www.kakadudental.hu\/de\/wp-json\/wp\/v2\/media?parent=41"}],"curies":[{"name":"wp","href":"https:\/\/api.w.org\/{rel}","templated":true}]}}