{"id":33,"date":"2016-06-13T09:36:55","date_gmt":"2016-06-13T09:36:55","guid":{"rendered":"http:\/\/www.kakadudental.hu\/hu\/?page_id=33"},"modified":"2017-01-15T17:51:43","modified_gmt":"2017-01-15T16:51:43","slug":"fogpotlasok","status":"publish","type":"page","link":"https:\/\/www.kakadudental.hu\/de\/szolgaltatasaink\/fogpotlasok\/","title":{"rendered":"Zahnersatz"},"content":{"rendered":"<p><div id=\"sidebar_right\">\n<img loading=\"lazy\" decoding=\"async\" src=\"\/wp-content\/gallery\/potlasok\/implant3.jpg\" alt=\"implant3\" width=\"200\" height=\"120\"><br>\n<img loading=\"lazy\" decoding=\"async\" src=\"\/wp-content\/gallery\/potlasok\/implant.jpg\" alt=\"implant\" width=\"200\" height=\"120\"><br>\n<img loading=\"lazy\" decoding=\"async\" src=\"\/wp-content\/gallery\/potlasok\/implantanyag.jpg\" alt=\"implantanyag\" width=\"200\" height=\"120\"><br>\n<img loading=\"lazy\" decoding=\"async\" src=\"\/wp-content\/gallery\/potlasok\/implanttum.jpg\" alt=\"implanttum\" width=\"200\" height=\"120\"><br>\n<img loading=\"lazy\" decoding=\"async\" src=\"\/wp-content\/gallery\/potlasok\/implantok.jpg\" alt=\"implantok\" width=\"200\" height=\"120\"><br>\n<img loading=\"lazy\" decoding=\"async\" src=\"\/wp-content\/gallery\/potlasok\/implants.jpg\" alt=\"implants\" width=\"200\" height=\"120\"><br>\n<img loading=\"lazy\" decoding=\"async\" src=\"\/wp-content\/gallery\/potlasok\/korona1.jpg\" alt=\"korona1\" width=\"200\" height=\"120\"><br>\n<img loading=\"lazy\" decoding=\"async\" src=\"\/wp-content\/gallery\/potlasok\/korona2.jpg\" alt=\"korona2\" width=\"200\" height=\"120\"><br>\n<img loading=\"lazy\" decoding=\"async\" src=\"\/wp-content\/gallery\/potlasok\/korona3.jpg\" alt=\"korona3\" width=\"200\" height=\"120\"><br>\n<img loading=\"lazy\" decoding=\"async\" src=\"\/wp-content\/gallery\/potlasok\/korona4.jpg\" alt=\"korona4\" width=\"200\" height=\"120\"><br>\n<img loading=\"lazy\" decoding=\"async\" src=\"\/wp-content\/gallery\/potlasok\/teleszkopkorona.jpg\" alt=\"teleszkopkorona\" width=\"200\" height=\"120\"><br>\n<img loading=\"lazy\" decoding=\"async\" src=\"\/wp-content\/gallery\/potlasok\/hid1.jpg\" alt=\"hid1\" width=\"200\" height=\"120\"><br>\n<img loading=\"lazy\" decoding=\"async\" src=\"\/wp-content\/gallery\/potlasok\/hid2.jpg\" alt=\"hid2\" width=\"200\" height=\"120\"><br>\n<img loading=\"lazy\" decoding=\"async\" src=\"\/wp-content\/gallery\/potlasok\/hid3.jpg\" alt=\"hid3\" width=\"200\" height=\"120\"><br>\n<img loading=\"lazy\" decoding=\"async\" src=\"\/wp-content\/gallery\/potlasok\/hid4.jpg\" alt=\"hid4\" width=\"200\" height=\"120\"><br>\n<img loading=\"lazy\" decoding=\"async\" src=\"\/wp-content\/gallery\/potlasok\/hid5.jpg\" alt=\"hid5\" width=\"200\" height=\"120\"><br>\n<img loading=\"lazy\" decoding=\"async\" src=\"\/wp-content\/gallery\/potlasok\/hid6.jpg\" alt=\"hid6\" width=\"200\" height=\"120\"><br>\n<img loading=\"lazy\" decoding=\"async\" src=\"\/wp-content\/gallery\/potlasok\/fogsor1.jpg\" alt=\"fogsor1\" width=\"200\" height=\"120\"><br>\n<img loading=\"lazy\" decoding=\"async\" class=\"last\" src=\"\/wp-content\/gallery\/potlasok\/fogsor2.jpg\" alt=\"fogsor2\" width=\"200\" height=\"120\"><br>\n<\/div>\n<\/p>\n<h2>Zahnmedizinische Implantation<\/h2>\n<h3>Eine moderne, \u00e4sthetische L\u00f6sung auf dem Gebiet des Zahnersatzes<\/h3>\n<h3>Was ist ein Zahnimplantat?<\/h3>\n<p>Das Implantat ist eine sogenannte \u201ek\u00fcnstliche Wurzel\u201c, die auf chirurgischem Weg in den Kieferknochen \u2013 an der Stelle der verlorengegangenen Z\u00e4hne &#8211; eingesetzt wird. Diese St\u00fctzen ausgezeichneter Qualit\u00e4t bilden die Konstruktion des neuen fixen Zahnersatzes, der genau so stark und stabil sein wird, als ob er f\u00fcr eigene Z\u00e4hne angefertigt worden w\u00e4re.<\/p>\n<h3>Woraus werden Implantate hergestellt?<\/h3>\n<p>Heutzutage werden Zahnimplantate gem\u00e4\u00df internationalen Qualit\u00e4tsnormen aus Titan hergestellt, das ein gewebefreundliches Metall ist und keinerlei Sch\u00e4den verursacht, nicht verrostet, den S\u00e4uren und sonstigen Stoffen widersteht, sich nicht magnetisieren l\u00e4sst und im Verh\u00e4ltnis zu seinem Gewicht besonders stark ist.<\/p>\n<h3>Wem darf ein Implantat eingesetzt werden?<\/h3>\n<p>Die Zahnimplantation wird in der Regel vom Lebensalter nicht beeinflusst. Die Voraussetzungen einer Implantation sind die gute gesundheitliche Verfassung und die ausreichend vorhandene Knochensubstanz guter Qualit\u00e4t. Im Falle eines Knochenmangels hohen Grades haben wir die M\u00f6glichkeit, den Knochen wiederaufzubauen. In diesem Fall werden nicht nur die k\u00fcnstlichen Zahnf\u00fcllungsmaterialien sondern auch der eigene Knochen des Patienten verwendet. W\u00e4hrend der vorherigen Untersuchungen informiert der Behandlungsarzt den Patienten \u00fcber die Behandlungsverfahren, \u00fcber die chirurgischen Eingriffe und \u00fcber die Planung des Zahnersatzes.<\/p>\n<h3>Was f\u00fcr Vorteile haben Zahnimplantate?<\/h3>\n<p>Mit Hilfe der Implantation l\u00e4sst sich der Zahnersatz in den meisten F\u00e4llen l\u00f6sen, ohne dass die gesunden Nachbarz\u00e4hne abgeschliffen werden m\u00fcssten.<\/p>\n<p>Im Verh\u00e4ltnis zum herausnehmbaren Zahnersatz kann (wenn es entsprechend viele Implantate gibt) ein festsitzender, fixer Zahnersatz angefertigt werden.<\/p>\n<p>Die stabilen Z\u00e4hne beeinflussen die Aussprache positiv und verleihen eine bessere Lebensqualit\u00e4t und mehr Selbstvertrauen.<\/p>\n<p>Ein weiterer Vorteil von Implantaten ist, dass sie dem nach dem Zahnverlust unvermeidbar auftretenden Knochenbau verbeugen.<\/p>\n<p>Der vom herausnehmbaren Zahnersatz verursachte psychische Druck h\u00f6rt v\u00f6llig auf.<\/p>\n<p>Die Lebensdauer von Zahnimplantaten betr\u00e4gt 10-20 Jahre, was von der Implantatstelle bzw. von der Mundhygiene des Patienten abh\u00e4ngt.<\/p>\n<h3>Wie verl\u00e4uft die Implantation?<\/h3>\n<p>Der Eingriff wird von erfahrenen Mundchirurgen, Implantologen, unter lokaler Bet\u00e4ubung durchgef\u00fchrt. Die Implantation entspricht einer kleineren Operation.<\/p>\n<p>Um sich von der genauen Stelle des Implantats zu \u00fcberzeugen, macht der Fachmann im Vorhinein eine R\u00f6ntgenaufnahme. Nach der lokalen Bet\u00e4ubung schneidet der Chirurg das Zahnfleisch auf, anschlie\u00dfend bohrt er ein Loch in den Kieferknochen und setzt das Implantat darin ein. Schlie\u00dflich n\u00e4ht er das Zahnfleisch zu. Wenn es sich nur um einen Zahn handelt, nimmt die Behandlung nur eine Stunde in Anspruch. Danach bekommt der Patient schmerzlindernde Mittel. Eine Woche nach der Operation werden die N\u00e4hten von uns entfernt. Nach dem Eingriff &#8211; nach einer Einheilphase von 1-3-6 Monaten &#8211; erfolgt die Anfertigung des Zahnaufbaus (Br\u00fccke, Krone), oder beim Vorliegen einer entsprechenden Knochensubstanz fertigen wir f\u00fcr die frisch eingesetzten Implantate einen provisorischen Zahnersatz an, und zwar so, dass der Patient bereits am selben Tag oder einen Tag danach mit benutzbaren Z\u00e4hnen Abschied nehmen kann.<\/p>\n<h3>Wann werde ich meinen neuen Zahn haben?<\/h3>\n<p>Nach dem Einsetzen des Implantats muss man mehrere Monate warten, bis gen\u00fcgend Knochensubstanz das Implantat umgibt, das hei\u00dft, der Knochen w\u00e4schst ihm zu, heilt sich und das Implantat fixiert sich dadurch. Das betr\u00e4gt auch im Falle des Unter \u2013bzw. Oberkiefers 3-4 Monate. Das Implantat heilt sich bedeckt unter dem Zahnfleisch. Erst nach der vollkommenen Zuheilung kann es zur zweiten Operation und zur Anfertigung und zum Fixieren des Zahnersatzes (Br\u00fccke, Krone oder Prothese) kommen.<\/p>\n<p>Der Patient braucht nat\u00fcrlich auch bis dahin nicht ohne Z\u00e4hne zu bleiben, denn wenn das Implantat auf die Frontseite des Mundes kommt, l\u00e4sst Ihnen der Arzt eine provisorische Zahnreihe oder eine Br\u00fccke anfertigen. Wenn Sie \u00fcber eine komplette Prothese verf\u00fcgen, k\u00f6nnen Sie sie w\u00e4hrend der ganzen Einheilphase tragen, nachdem sie umgestaltet worden ist.<\/p>\n<h2>Zahnkronen<\/h2>\n<p>Die Zahnkrone ist eine sogenannte zahnf\u00f6rmige \u201eKappe\u201c, die dem verbliebenen Stumpf des vorbereiteten Zahns angepasst wird. Der Zahn wird dadurch gest\u00e4rkt und bekommt seine urspr\u00fcngliche, nat\u00fcrliche Form und Farbe zur\u00fcck.<\/p>\n<p>Die Kronen werden von zahntechnischen Laboratorien angefertigt. Sie k\u00f6nnen aus Metall, aus Keramik mit Metallboden oder Edelmetallboden, aber auch ganz aus Keramik hergestellt werden.<\/p>\n<p>W\u00e4hrend der Behandlung m\u00fcssen Sie Ihren Arzt mindestens zwei- bis dreimal aufsuchen. In der ersten Behandlungssitzung finden die Vorbereitung, die Abdrucknahme, die Auserw\u00e4hlung der Farbe und das Aufsetzen der provisorischen Krone statt. In der zweiten oder dritten Behandlungssitzung kommt es zur Probe und zum Aufkleben der endg\u00fcltigen Krone. Die Besuche ben\u00f6tigen im Allgemeinen 1-2 Wochen.<\/p>\n<p>Die Lebensdauer der Kronen betr\u00e4gt mindestens 8 Jahre, aber sie halten in den meisten F\u00e4llen l\u00e4nger, manchmal sogar bis \u00fcber 40 Jahre.<\/p>\n<h3>Zahnkrone mit Keramikverh\u00fcllung<\/h3>\n<p>Auf den abgeschliffenen Zahn wird eine Metallkappe gegossen, anschlie\u00dfend wird er mit einer zahnfarbenen Keramik bedeckt. Diese Keramik bedeckt das Metall v\u00f6llig und ist dadurch sehr \u00e4sthetisch. Wenn die Metallkappe aus Edelmetall hergestellt wird, erf\u00fcllt es sogar die h\u00f6chsten Anspr\u00fcche der Biokompatibilit\u00e4t und der \u00c4sthetik. Diese Kronen sind stabil und von langer Lebensdauer, au\u00dferdem sichert die Keramikverh\u00fcllung eine \u00e4sthetische und farbbest\u00e4ndige Wirkung.<\/p>\n<h3>Metallfreie Keramikkrone<\/h3>\n<p>Wenn keine Metallkappe auf den abgeschliffenen Zahn kommt und der Zahn ausschlie\u00dflich aus Keramik angefertigt wird, sprechen wir \u00fcber metallfreie- oder Vollkeramikkronen. Da das Licht in diesem Fall nicht anwesend ist, hat die Keramik eine gro\u00dfe Lichtdurchl\u00e4ssigkeit, so entspricht sie sogar den hohen \u00e4sthetischen Anforderungen. Heutzutage gilt sie als der \u00e4sthetischste Zahnersatz.<\/p>\n<h3>Galvano-Goldkrone<\/h3>\n<p>Wir k\u00f6nnen eine Metallkappe auf den abgeschliffenen Zahnstumpf nicht nur mittels Gie\u00dfens anfertigen, sondern auch mit Hilfe der sogenannten Goldgalvanisierung. Dadurch bekommen wir eine sehr d\u00fcnne, nur 0,2 mm dicke Kappe, die aus purem Gold hergestellt und mit Keramik verh\u00fcllt wird. Die so angefertigten Kronen sind besonders pr\u00e4zis und sichern aufgrund ihres gelben Goldbodens einen sehr lebensvollen Farbeneffekt.<\/p>\n<h2>Br\u00fccken<\/h2>\n<p>Br\u00fccken werden dann verwendet, wenn nur wenige Z\u00e4hne ersetzt werden m\u00fcssen, oder wenn noch entsprechend viele Pfeilerzahne vorhanden sind bzw. ein Teil der Z\u00e4hne mit Implantaten zu ersetzen sind.<\/p>\n<p>Die Br\u00fccke ist also ein solcher Zahnersatz, der die k\u00fcnstlichen Z\u00e4hne auf den benachbarten restlichen Z\u00e4hnen fixiert. Die mit Keramik verh\u00fcllten Br\u00fccken haben immer einen Metallboden, den wir Metallger\u00fcst nennen. Es kann aus Edelmetall (das ist die perfekteste L\u00f6sung) oder aus einer anderen Metallart hergestellt werden. Auf das Metallger\u00fcst kommt eine Keramikverh\u00fcllung, so verf\u00fcgt sie \u00fcber eine herausragende \u00e4sthetische Erscheinung. Das Metallger\u00fcst sichert die Stabilit\u00e4t und die lange Lebensdauer der Br\u00fccke.<\/p>\n<h2>Zahnreihen<\/h2>\n<p>Wir sprechen hier \u00fcber zwei Arten von Zahnreihen: \u00fcber partielle und komplette Zahnreihen. Die komplette Zahnreihe ersetzt alle Z\u00e4hne auf dem Ober- bzw. Unterkiefer. Mit der partiellen Zahnreihe ersetzen wir die fehlenden Z\u00e4hne. Sie ist auf einem Metallger\u00fcst fixiert und passt sich den nat\u00fcrlichen Z\u00e4hnen mit Metallklammern (feinen Pr\u00e4zisionselementen) an. In manchen F\u00e4llen werden Zahnkronen auf den eigenen Z\u00e4hnen fixiert, welche der k\u00fcnstlichen Zahnreihe &#8211; wie ein Anker &#8211; einen Halt geben. Ihr Arzt wird Ihnen weiterhelfen, den besten Zahnersatz f\u00fcr Sie auszuw\u00e4hlen.<\/p>\n<h3>Woraus werden Zahnreihen hergestellt?<\/h3>\n<p>Zahnreihen werden personengeschneidert aufgrund eines Abdrucks in einem zahntechnischen Laboratorium angefertigt. Ihr Boden ist ein fleischfarbener Kunststoff, der sich dem Zahnfleisch anpasst. Die obere Zahnreihe sch\u00fctzt den Gaumen, w\u00e4hrend die untere Zahnreihe eine Hufform aufweist. Das Ger\u00fcst der Zahnreihe kann auch aus Metall hergestellt werden. Die Z\u00e4hne werden in erster Linie aus Kunststoff hergestellt und stehen mit der Farbe der nat\u00fcrlichen Z\u00e4hne im Einklang, was vor allem im Falle von partieller Zahnreihen wichtig ist.<\/p>\n<p><\/p>","protected":false},"excerpt":{"rendered":"Zahnmedizinische Implantation Eine moderne, \u00e4sthetische L\u00f6sung auf dem Gebiet des Zahnersatzes Was ist ein Zahnimplantat? Das Implantat ist eine sogenannte \u201ek\u00fcnstliche Wurzel\u201c, die auf chirurgischem Weg in den Kieferknochen \u2013 an der Stelle der verlorengegangenen Z\u00e4hne &#8211; eingesetzt wird. Diese St\u00fctzen ausgezeichneter Qualit\u00e4t bilden die Konstruktion des neuen fixen Zahnersatzes, der genau so stark und&#8230; <a class=\"view-article\" href=\"https:\/\/www.kakadudental.hu\/de\/szolgaltatasaink\/fogpotlasok\/\">Artikel ansehen<\/a>","protected":false},"author":1,"featured_media":0,"parent":13,"menu_order":27,"comment_status":"closed","ping_status":"closed","template":"","meta":{"ngg_post_thumbnail":0,"footnotes":""},"class_list":["post-33","page","type-page","status-publish","hentry"],"aioseo_notices":[],"_links":{"self":[{"href":"https:\/\/www.kakadudental.hu\/de\/wp-json\/wp\/v2\/pages\/33","targetHints":{"allow":["GET"]}}],"collection":[{"href":"https:\/\/www.kakadudental.hu\/de\/wp-json\/wp\/v2\/pages"}],"about":[{"href":"https:\/\/www.kakadudental.hu\/de\/wp-json\/wp\/v2\/types\/page"}],"author":[{"embeddable":true,"href":"https:\/\/www.kakadudental.hu\/de\/wp-json\/wp\/v2\/users\/1"}],"replies":[{"embeddable":true,"href":"https:\/\/www.kakadudental.hu\/de\/wp-json\/wp\/v2\/comments?post=33"}],"version-history":[{"count":4,"href":"https:\/\/www.kakadudental.hu\/de\/wp-json\/wp\/v2\/pages\/33\/revisions"}],"predecessor-version":[{"id":204,"href":"https:\/\/www.kakadudental.hu\/de\/wp-json\/wp\/v2\/pages\/33\/revisions\/204"}],"up":[{"embeddable":true,"href":"https:\/\/www.kakadudental.hu\/de\/wp-json\/wp\/v2\/pages\/13"}],"wp:attachment":[{"href":"https:\/\/www.kakadudental.hu\/de\/wp-json\/wp\/v2\/media?parent=33"}],"curies":[{"name":"wp","href":"https:\/\/api.w.org\/{rel}","templated":true}]}}