{"id":30,"date":"2016-06-13T09:24:50","date_gmt":"2016-06-13T09:24:50","guid":{"rendered":"http:\/\/www.kakadudental.hu\/hu\/?page_id=30"},"modified":"2017-01-15T17:13:36","modified_gmt":"2017-01-15T16:13:36","slug":"fogmegtarto-kezelesek","status":"publish","type":"page","link":"https:\/\/www.kakadudental.hu\/de\/szolgaltatasaink\/fogmegtarto-kezelesek\/","title":{"rendered":"Zahnerhaltbehand&shy;lungen"},"content":{"rendered":"<p><div id=\"sidebar_right\">\n<img loading=\"lazy\" decoding=\"async\" src=\"\/wp-content\/gallery\/megtarto\/kezels2.jpg\" alt=\"kezels2\" width=\"200\" height=\"120\"><br>\n<img loading=\"lazy\" decoding=\"async\" src=\"\/wp-content\/gallery\/megtarto\/elotte.jpg\" alt=\"elotte\" width=\"200\" height=\"120\"><br>\n<img loading=\"lazy\" decoding=\"async\" src=\"\/wp-content\/gallery\/megtarto\/utana.jpg\" alt=\"utana\" width=\"200\" height=\"120\"><br>\n<img loading=\"lazy\" decoding=\"async\" src=\"\/wp-content\/gallery\/megtarto\/konzervalo.jpg\" alt=\"konzervalo\" width=\"200\" height=\"120\"><br>\n<img loading=\"lazy\" decoding=\"async\" src=\"\/wp-content\/gallery\/megtarto\/konzervalo2.jpg\" alt=\"konzervalo2\" width=\"200\" height=\"120\"><br>\n<img loading=\"lazy\" decoding=\"async\" src=\"\/wp-content\/gallery\/megtarto\/tomes.jpg\" alt=\"tomes\" width=\"200\" height=\"120\"><br>\n<img loading=\"lazy\" decoding=\"async\" src=\"\/wp-content\/gallery\/megtarto\/inlay_arany.jpg\" alt=\"inlay_arany\" width=\"200\" height=\"120\"><br>\n<img loading=\"lazy\" decoding=\"async\" src=\"\/wp-content\/gallery\/megtarto\/barazdazaras.jpg\" alt=\"barazdazaras\" width=\"200\" height=\"120\"><br>\n<img loading=\"lazy\" decoding=\"async\" src=\"\/wp-content\/gallery\/megtarto\/barazdazaras2.jpg\" alt=\"barazdazaras2\" width=\"200\" height=\"120\"><br>\n<img loading=\"lazy\" decoding=\"async\" src=\"\/wp-content\/gallery\/megtarto\/gyokerkezeles2.jpg\" alt=\"gyokerkezeles2\" width=\"200\" height=\"120\"><br>\n<img loading=\"lazy\" decoding=\"async\" src=\"\/wp-content\/gallery\/megtarto\/keramiahely.jpg\" alt=\"keramiahely\" width=\"200\" height=\"120\"><br>\n<img loading=\"lazy\" decoding=\"async\" src=\"\/wp-content\/gallery\/megtarto\/gyokerkezeles.jpg\" alt=\"gyokerkezeles\" width=\"200\" height=\"120\"><br>\n<img loading=\"lazy\" decoding=\"async\" class=\"last\" src=\"\/wp-content\/gallery\/megtarto\/gyokertomes.jpg\" alt=\"gyokertomes\" width=\"200\" height=\"120\"><br>\n<\/div>\n<\/p>\n<h2>Zahnf\u00fcllungen<\/h2>\n<p>Sie gelten als die meist angewandte Methode in der Alltagsarbeit. Der Zahnarzt entfernt zuerst die kari\u00f6sen Zahnteile, reinigt den betroffenen Bereich, anschlie\u00dfend f\u00fcllt er das gereinigte Loch mit dem F\u00fcllmaterial, wodurch er den weiteren Kariesprozess verhindert. Die Behandlung der Z\u00e4hne mit Zahnf\u00fcllungen ist in der Regel eine einmalig durchzuf\u00fchrende Behandlungsalternative.<\/p>\n<p>Mit der Fortentwicklung der Medizin sind die f\u00fcr den Organismus nicht besonders gesunden und weniger \u00e4sthetischen Amalgamf\u00fcllungen heutzutage bereits durch lichth\u00e4rtende, \u00e4sthetische und zahnfarbene F\u00fcllungen abgel\u00f6st worden.<\/p>\n<p><strong>Zahnfarbene F\u00fcllungen (wei\u00dfe F\u00fcllungen, Kompositf\u00fcllungen)<\/strong><\/p>\n<p>Sie werden im Allgemeinen aus Glaspartikeln, synthetischem Wachs und Bindestoff hergestellt. Sie k\u00f6nnen sich beim Arzt nach der Zusammensetzung erkundigen.<\/p>\n<p>Die oben angef\u00fchrten Materialien haben dieselbe Farbe wie Ihre Z\u00e4hne, denn die nat\u00fcrliche Erscheinung ist von h\u00f6chster Relevanz. Im Falle eines gro\u00dfen Lochs ist die Kompositf\u00fcllung nicht die erste Wahl, da sie abbrechen oder sich abnutzen kann. Sie kann sich durch den Konsum von Kaffee, Tee und Tabak verf\u00e4rben und h\u00e4lt nicht so lange wie die sonstigen F\u00fcllungen. Ihre Lebensdauer betr\u00e4gt 3-10 Jahre.<\/p>\n<p><strong>Lohnt es sich die Amalgamf\u00fcllungen auszutauschen?<\/strong><\/p>\n<p>Ja, und das hat zwei Gr\u00fcnde: die Allergie und die \u00c4sthetik. Wenn Sie sich daf\u00fcr entscheiden, Ihre Amalgamf\u00fcllungen auszutauschen, dann k\u00f6nnen Sie sich auch zu zahnfarbenen F\u00fcllungen entschlie\u00dfen.<\/p>\n<h2>Inlay \/ Einlage<\/h2>\n<p>Von den Zahnerhaltbehandlungen kann auch das Inlay eine L\u00f6sung sein. Der gr\u00f6\u00dfte Unterschied des Verfahrens gegen\u00fcber der Zahnf\u00fcllung besteht darin, dass dies mit der abgestimmten Zusammenarbeit des Zahnarztes und des Zahntechnikers erfolgt. Nach der Entfernung des kari\u00f6sen Zahnbestands des Patienten formt der Arzt eine spezielle Kavit\u00e4t (H\u00f6hle) auf dem Zahn aus, anschlie\u00dfend fertigt der Zahntechniker mit Hilfe eines Abdrucks im zahntechnischen Laboratorium die Einlage \u2013 also das Inlay \u2013 in der erw\u00fcnschten Gr\u00f6\u00dfe und Farbe an. Die Anfertigung eines Inlays ben\u00f6tigt zwei Termine und seine Vorbereitung verl\u00e4uft unter lokaler An\u00e4sthesie. Folgende Gegebenheiten bestimmen, was sich als erste Wahl f\u00fcr Sie erweist:<\/p>\n<ul>\n<li>das Ausma\u00df von Karies,<\/li>\n<li>die Metallallergie,<\/li>\n<li>die Stelle der F\u00fcllung,<\/li>\n<li>und die Kosten.<\/li>\n<\/ul>\n<p><strong>Aus welchen Materialien werden Inlays hergestellt?<\/strong><\/p>\n<p><strong>Aus Gold<\/strong>, die laboratorisch hergestellt werden. Diese werden dann auf ihre Stelle eingeklebt. Sein Vorteil ist, dass es die sekund\u00e4re \u2013 das hei\u00dft, die unter dem Inlay entstehende &#8211; Karies verringert, dar\u00fcber hinaus passt es sich sogar den noch erhaltenen Zahnr\u00e4ndern ausgezeichnet an und ist absolut allergiefrei. Zum reinen Gold k\u00f6nnen nur Edelmetallarten wie Palladium, Platin usw. als Legiermaterial verwendet werden.<\/p>\n<p>Der Nachteil von Goldinlays ist, dass sie aufw\u00e4ndiger sind. Dar\u00fcber hinaus kann auch die Farbe des goldenen Zahns als St\u00f6rfaktor auftreten, aber auch daf\u00fcr gibt es eine L\u00f6sung. Es kann n\u00e4mlich mit Porzellan kombiniert werden. Seine Lebensdauer betr\u00e4gt mehr als 20 Jahre. Das Verfahren nimmt mehrere Behandlungssitzungen in Anspruch.<\/p>\n<p><strong>Goldbasis + Porzellan<\/strong>: das ist die sogenannte Galvanotechnologie. Der Unterschied zum oben Angef\u00fchrten besteht darin, dass hier eine Porzellanverh\u00fcllung auf das auf Gold fundierende Inlay kommt. Der Zahntechniker l\u00e4sst \u2013 im Interesse der noch besseren Anpassung \u2013 rundherum am Rand der Einlage eine goldene Kante. Die Vorteile von Goldinlays sind dieselben wie die oben aufgez\u00e4hlten. Der einzige Nachteil ist, dass sich das Porzellan absplittern kann.<\/p>\n<p><strong>Aus Keramik<\/strong>, die im Laboratorium angefertigt und danach eingeklebt werden. Die urspr\u00fcngliche Zahnfarbe kann ausgesucht werden und dieses Material verf\u00e4rbt sich nicht, es h\u00e4lt seine Farbe. Mit Keramik l\u00e4sst sich der Gro\u00dfteil des Zahns wiederherstellen. Der Preis des Keramikinlays ist g\u00fcnstiger, da es den Grammpreis von Gold nicht beinhaltet.<\/p>\n<p><strong>Zirkoniumbasis + Porzellan<\/strong>: es geht hier um eine metallfreie Einlage, demzufolge kann es im Falle aller Metallallergien verwendet werden. Sie verf\u00fcgt \u00fcber eine hohe Belastbarkeit und kann au\u00dferdem in sehr sch\u00f6nen Farben angefertigt werden. Sie ist aufgrund ihrer besonderen Vorteile ein bisschen teurer, aber langfristig lohnt es sich sicher!<\/p>\n<h2>Furchenverschlie\u00dfung<\/h2>\n<p>Sie gilt als eine der besten Methoden zur Vorbeugung von Karies. Es geht hier um einen Eingriff ohne Bet\u00e4ubung.<\/p>\n<p>In den Furchen und Gr\u00fcbchen auf der Kaufl\u00e4che der gro\u00dfen Mahlz\u00e4hne setzen sich der Zahnbelag &#8211; und dadurch auch die Bakterien \u2013 leichter an. Diese Oberfl\u00e4chen sind oft so tief, dass sie mit der Zahnb\u00fcrste nur schwer oder \u00fcberhaupt nicht geputzt werden k\u00f6nnen. Unter Furchenverschlie\u00dfung verstehen wir die Auff\u00fcllung der tiefen, mit den Augen kaum sichtbaren L\u00fccken mittels eines fl\u00fcssigen F\u00fcllmaterials. So lassen sich die Z\u00e4hne leicht reinigen und die Karies kann auch vermieden werden.<\/p>\n<h2>Veneer \/ Keramikschale<\/h2>\n<p>Eine Veneer ist eine haard\u00fcnne Keramikschale, die vom Zahntechniker angefertigt wird. Mit diesem Restaurationsverfahren k\u00f6nnen abgesplitterte, abgebrochene, fleckige und verf\u00e4rbte Frontz\u00e4hne \u00e4sthetisch korrigiert werden. Der nat\u00fcrliche Zahn bleibt erhalten, sieht nur in optischer Hinsicht viel besser aus.<\/p>\n<p>Wir empfehlen Veneers auch unseren Metallallergikern! Die Anfertigung von Veneers nimmt zwei Behandlungssitzungen in Anspruch!! In der ersten Behandlungssitzung kommt es zur Vorbereitung der Z\u00e4hne, zur Abdrucknahme und zur Anfertigung des provisorischen Zahnersatzes, anschlie\u00dfend erfolgt das Ankleben der bereits angefertigten Schalen in der zweiten Behandlungssitzung.<\/p>\n<h2>Wurzelbehandlung<\/h2>\n<p>Der Sinn des Eingriffs ist die Reinigung der Wurzelkan\u00e4le der entz\u00fcndeten und abgestorbenen Z\u00e4hne, die Entfernung der abgestorbenen Pulpa und die absolut luftdichte Verschlie\u00dfung der \u00fcbriggebliebenen H\u00f6hle mittels Wurzelf\u00fcllungsmaterialien.<\/p>\n<p>Eine Wurzelbehandlung ist dann erforderlich, wenn die Pulpa entz\u00fcndet oder angesteckt worden ist. Die Infektion kann sich ausbreiten und zur Bildung von Eiter und Abszessen f\u00fchren. Es kann vorkommen, dass der Zahn ohne Wurzelkanalbehandlung entfernt werden muss. Das Verfahren ist absolut schmerzfrei, es nimmt jedoch viel Zeit in Anspruch, deshalb muss der Zahnarzt mehrmals aufgesucht werden.<\/p>\n<p><\/p>","protected":false},"excerpt":{"rendered":"Zahnf\u00fcllungen Sie gelten als die meist angewandte Methode in der Alltagsarbeit. Der Zahnarzt entfernt zuerst die kari\u00f6sen Zahnteile, reinigt den betroffenen Bereich, anschlie\u00dfend f\u00fcllt er das gereinigte Loch mit dem F\u00fcllmaterial, wodurch er den weiteren Kariesprozess verhindert. Die Behandlung der Z\u00e4hne mit Zahnf\u00fcllungen ist in der Regel eine einmalig durchzuf\u00fchrende Behandlungsalternative. Mit der Fortentwicklung der&#8230; <a class=\"view-article\" href=\"https:\/\/www.kakadudental.hu\/de\/szolgaltatasaink\/fogmegtarto-kezelesek\/\">Artikel ansehen<\/a>","protected":false},"author":1,"featured_media":0,"parent":13,"menu_order":26,"comment_status":"closed","ping_status":"closed","template":"","meta":{"ngg_post_thumbnail":0,"footnotes":""},"class_list":["post-30","page","type-page","status-publish","hentry"],"aioseo_notices":[],"_links":{"self":[{"href":"https:\/\/www.kakadudental.hu\/de\/wp-json\/wp\/v2\/pages\/30","targetHints":{"allow":["GET"]}}],"collection":[{"href":"https:\/\/www.kakadudental.hu\/de\/wp-json\/wp\/v2\/pages"}],"about":[{"href":"https:\/\/www.kakadudental.hu\/de\/wp-json\/wp\/v2\/types\/page"}],"author":[{"embeddable":true,"href":"https:\/\/www.kakadudental.hu\/de\/wp-json\/wp\/v2\/users\/1"}],"replies":[{"embeddable":true,"href":"https:\/\/www.kakadudental.hu\/de\/wp-json\/wp\/v2\/comments?post=30"}],"version-history":[{"count":6,"href":"https:\/\/www.kakadudental.hu\/de\/wp-json\/wp\/v2\/pages\/30\/revisions"}],"predecessor-version":[{"id":198,"href":"https:\/\/www.kakadudental.hu\/de\/wp-json\/wp\/v2\/pages\/30\/revisions\/198"}],"up":[{"embeddable":true,"href":"https:\/\/www.kakadudental.hu\/de\/wp-json\/wp\/v2\/pages\/13"}],"wp:attachment":[{"href":"https:\/\/www.kakadudental.hu\/de\/wp-json\/wp\/v2\/media?parent=30"}],"curies":[{"name":"wp","href":"https:\/\/api.w.org\/{rel}","templated":true}]}}