{"id":24,"date":"2016-06-13T09:20:02","date_gmt":"2016-06-13T09:20:02","guid":{"rendered":"http:\/\/www.kakadudental.hu\/hu\/?page_id=24"},"modified":"2016-12-06T15:59:09","modified_gmt":"2016-12-06T14:59:09","slug":"szamitogepes-dokumentacio","status":"publish","type":"page","link":"https:\/\/www.kakadudental.hu\/de\/szolgaltatasaink\/szamitogepes-dokumentacio\/","title":{"rendered":"Computergesteuerte Dokumentation"},"content":{"rendered":"<p><div id=\"sidebar_right\">\n<img loading=\"lazy\" decoding=\"async\" src=\"\/wp-content\/gallery\/dokumentacio\/digitalis.jpg\" alt=\"digitalis\" width=\"200\" height=\"120\"><br>\n<img loading=\"lazy\" decoding=\"async\" src=\"\/wp-content\/gallery\/dokumentacio\/konzultacio.jpg\" alt=\"konzultacio\" width=\"200\" height=\"120\"><br>\n<img loading=\"lazy\" decoding=\"async\" class=\"last\" src=\"\/wp-content\/gallery\/dokumentacio\/rontgengep.jpg\" alt=\"rontgengep\" width=\"200\" height=\"120\"><br>\n<\/div>\n<\/p>\n<p>Um die Behandlungsdauer und den Preis der Behandlung genau festlegen zu k\u00f6nnen, haben wir eine gr\u00fcndliche Untersuchung und eine ausf\u00fchrliche Zustandsaufnahme durchzuf\u00fchren, wozu die <strong>digitalen- und Panoramar\u00f6ntgenaufnahmen<\/strong> unentbehrlich sind. Sie zeigen ein sicheres Bild \u00fcber den Zahnbestand und \u2013zustand des Patienten.<\/p>\n<p>Sollten Sie bereits \u00fcber einen erstellten Behandlungsplan und eine nicht \u00fcber 3 Monate alte R\u00f6ntgenaufnahme verf\u00fcgen, bitten wir Sie, uns diese Unterlagen zuzusenden, da unsere \u00c4rzte auch aufgrund dessen in der Lage sind, Ihnen einen Kostenplan zu erstellen.<\/p>\n<p><\/p>","protected":false},"excerpt":{"rendered":"Um die Behandlungsdauer und den Preis der Behandlung genau festlegen zu k\u00f6nnen, haben wir eine gr\u00fcndliche Untersuchung und eine ausf\u00fchrliche Zustandsaufnahme durchzuf\u00fchren, wozu die digitalen- und Panoramar\u00f6ntgenaufnahmen unentbehrlich sind. Sie zeigen ein sicheres Bild \u00fcber den Zahnbestand und \u2013zustand des Patienten. Sollten Sie bereits \u00fcber einen erstellten Behandlungsplan und eine nicht \u00fcber 3 Monate alte&#8230; <a class=\"view-article\" href=\"https:\/\/www.kakadudental.hu\/de\/szolgaltatasaink\/szamitogepes-dokumentacio\/\">Artikel ansehen<\/a>","protected":false},"author":1,"featured_media":0,"parent":13,"menu_order":25,"comment_status":"closed","ping_status":"closed","template":"","meta":{"ngg_post_thumbnail":0,"footnotes":""},"class_list":["post-24","page","type-page","status-publish","hentry"],"aioseo_notices":[],"_links":{"self":[{"href":"https:\/\/www.kakadudental.hu\/de\/wp-json\/wp\/v2\/pages\/24","targetHints":{"allow":["GET"]}}],"collection":[{"href":"https:\/\/www.kakadudental.hu\/de\/wp-json\/wp\/v2\/pages"}],"about":[{"href":"https:\/\/www.kakadudental.hu\/de\/wp-json\/wp\/v2\/types\/page"}],"author":[{"embeddable":true,"href":"https:\/\/www.kakadudental.hu\/de\/wp-json\/wp\/v2\/users\/1"}],"replies":[{"embeddable":true,"href":"https:\/\/www.kakadudental.hu\/de\/wp-json\/wp\/v2\/comments?post=24"}],"version-history":[{"count":8,"href":"https:\/\/www.kakadudental.hu\/de\/wp-json\/wp\/v2\/pages\/24\/revisions"}],"predecessor-version":[{"id":178,"href":"https:\/\/www.kakadudental.hu\/de\/wp-json\/wp\/v2\/pages\/24\/revisions\/178"}],"up":[{"embeddable":true,"href":"https:\/\/www.kakadudental.hu\/de\/wp-json\/wp\/v2\/pages\/13"}],"wp:attachment":[{"href":"https:\/\/www.kakadudental.hu\/de\/wp-json\/wp\/v2\/media?parent=24"}],"curies":[{"name":"wp","href":"https:\/\/api.w.org\/{rel}","templated":true}]}}