{"id":151,"date":"2016-06-15T08:42:22","date_gmt":"2016-06-15T06:42:22","guid":{"rendered":"http:\/\/www.kakadudental.hu\/hu\/?page_id=151"},"modified":"2017-01-15T19:02:22","modified_gmt":"2017-01-15T18:02:22","slug":"impresszum","status":"publish","type":"page","link":"https:\/\/www.kakadudental.hu\/de\/impresszum\/","title":{"rendered":"Impressum"},"content":{"rendered":"<p><\/p>\n<h2>Betreiber der Webseite<\/h2>\n<ul>\n<li><b>Dentmax Kft.<\/b><\/li>\n<li>Adresse: 8380 H\u00e9v\u00edz, \u00c1rp\u00e1d u 2\/a.<\/li>\n<li>Unternehmensnummer: 20-09-068071<\/li>\n<li>Steuernummer: 14104846-2-20<\/li>\n<li>Represented by: Dr. Babics\u00e1k Bence<\/li>\n<li>Telefon: +36 30 351 1355<\/li>\n<li>Email: <a href=\"mailto:i&#110;&#102;o&#64;kakadu&#100;en&#116;&#97;&#108;&#46;hu\">in&#102;o&#64;&#107;&#97;&#107;a&#100;&#117;&#100;&#101;&#110;tal.h&#117;<\/a><\/li>\n<\/ul>\n<h2>Ersteller der Webseite<\/h2>\n<ul>\n<li>B\u00e1belhal Webstudio<\/li>\n<li>Mobile: +36 20 3888 458<\/li>\n<li>E-mail: <a href=\"mailto:&#105;nf&#111;&#64;b&#97;b&#101;&#108;ha&#108;.hu\">&#105;&#110;f&#111;&#64;&#98;&#97;&#98;&#101;&#108;&#104;a&#108;.h&#117;<\/a><\/li>\n<li>Web: <a title=\"B\u00e1belhal Webstudio Kft.\" href=\"https:\/\/babelhal.hu\/\" target=\"_blank\" rel=\"nofollow\">babelhal.hu<\/a><\/li>\n<\/ul>\n<h2>Hosting-Anbieter<\/h2>\n<ul>\n<li>B\u00e1belhal Webstudio Kft.<\/li>\n<li>8360 Keszthely, Honv\u00e9d utca 17\/2<\/li>\n<li>Telefon: +36 83 777 603<\/li>\n<li>E-mail: <a href=\"mailto:&#105;&#110;&#102;o&#64;&#98;abelh&#97;&#108;&#46;&#104;u\">in&#102;o&#64;b&#97;b&#101;l&#104;&#97;l.h&#117;<\/a><\/li>\n<\/ul>\n<p><\/p>","protected":false},"excerpt":{"rendered":"Betreiber der Webseite Dentmax Kft. Adresse: 8380 H\u00e9v\u00edz, \u00c1rp\u00e1d u 2\/a. Unternehmensnummer: 20-09-068071 Steuernummer: 14104846-2-20 Represented by: Dr. Babics\u00e1k Bence Telefon: +36 30 351 1355 Email: Ersteller der Webseite B\u00e1belhal Webstudio Mobile: +36 20 3888 458 E-mail: Web: babelhal.hu Hosting-Anbieter B\u00e1belhal Webstudio Kft. 8360 Keszthely, Honv\u00e9d utca 17\/2 Telefon: +36 83 777 603 E-mail:","protected":false},"author":1,"featured_media":0,"parent":0,"menu_order":32,"comment_status":"closed","ping_status":"closed","template":"","meta":{"ngg_post_thumbnail":0,"footnotes":""},"class_list":["post-151","page","type-page","status-publish","hentry"],"aioseo_notices":[],"_links":{"self":[{"href":"https:\/\/www.kakadudental.hu\/de\/wp-json\/wp\/v2\/pages\/151","targetHints":{"allow":["GET"]}}],"collection":[{"href":"https:\/\/www.kakadudental.hu\/de\/wp-json\/wp\/v2\/pages"}],"about":[{"href":"https:\/\/www.kakadudental.hu\/de\/wp-json\/wp\/v2\/types\/page"}],"author":[{"embeddable":true,"href":"https:\/\/www.kakadudental.hu\/de\/wp-json\/wp\/v2\/users\/1"}],"replies":[{"embeddable":true,"href":"https:\/\/www.kakadudental.hu\/de\/wp-json\/wp\/v2\/comments?post=151"}],"version-history":[{"count":4,"href":"https:\/\/www.kakadudental.hu\/de\/wp-json\/wp\/v2\/pages\/151\/revisions"}],"predecessor-version":[{"id":216,"href":"https:\/\/www.kakadudental.hu\/de\/wp-json\/wp\/v2\/pages\/151\/revisions\/216"}],"wp:attachment":[{"href":"https:\/\/www.kakadudental.hu\/de\/wp-json\/wp\/v2\/media?parent=151"}],"curies":[{"name":"wp","href":"https:\/\/api.w.org\/{rel}","templated":true}]}}