{"id":13,"date":"2016-06-13T08:04:22","date_gmt":"2016-06-13T08:04:22","guid":{"rendered":"http:\/\/www.kakadudental.hu\/?page_id=13"},"modified":"2025-08-13T14:13:45","modified_gmt":"2025-08-13T12:13:45","slug":"szolgaltatasaink","status":"publish","type":"page","link":"https:\/\/www.kakadudental.hu\/de\/szolgaltatasaink\/","title":{"rendered":"Unsere dienstleistungen"},"content":{"rendered":"<p><\/p>\n<h2><a href=\"\/de\/unsere-dienstleistungen\/konsultation\">Zahn\u00e4rztliche Konsultation<\/a><\/h2>\n<ul>\n<li>Zahn\u00e4rztliche \u00dcberpr\u00fcfung, Zahnfokus (Nachforschung von Herden)<\/li>\n<li>Vitalit\u00e4tsuntersuchung<\/li>\n<li>Zahn\u00e4rztliche Beratung<\/li>\n<li>Erstellung von Behandlungs- und Kostenpl\u00e4nen<\/li>\n<\/ul>\n<h2><a href=\"\/de\/unsere-dienstleistungen\/computergesteuerte-dokumentation\">Computergesteuerte Dokumentation<\/a><\/h2>\n<ul>\n<li>Orale Kamera<\/li>\n<li>Digitales R\u00f6ntgen<\/li>\n<li>Panoramar\u00f6ntgen<\/li>\n<\/ul>\n<h2><a href=\"\/de\/unsere-dienstleistungen\/zahnerhaltbehandlungen\">Zahnerhaltbehandlungen<\/a><\/h2>\n<ul>\n<li>Furchenverschlie\u00dfung<\/li>\n<li>Zahnf\u00fcllungen mit lichth\u00e4rtendem F\u00fcllmaterial<\/li>\n<li>Inlay  \/Einlage\/ Keramik, Gold, Zirkonium<\/li>\n<li>Veeners \/Keramikschale\/<\/li>\n<li>Wurzelf\u00fcllung<\/li>\n<li>Wurzelbehandlung<\/li>\n<li>Zahnschutzschienen<\/li>\n<\/ul>\n<h2><a href=\"\/de\/unsere-dienstleistungen\/zahnersatz\">Zahnersatz<\/a><\/h2>\n<ul>\n<li>Implantate<\/li>\n<li>Metall-Keramikkronen<\/li>\n<li>Keramikkronen ohne Metall<\/li>\n<li>Teleskopkronen<\/li>\n<li>Br\u00fccken<\/li>\n<li>Komplette und partielle Zahnreihen<\/li>\n<li>Provisorische Zahnreihen<\/li>\n<\/ul>\n<h2><a href=\"\/de\/unsere-dienstleistungen\/mundchirurgische-eingriffe\">Mundchirurgische Eingriffe<\/a><\/h2>\n<ul>\n<li>Implantation<\/li>\n<li>Knochenersatz<\/li>\n<li>Wurzelspitzenresektion<\/li>\n<li>Zahnentfernung durch Exkavation<\/li>\n<li>Korrektur von Zahnfleischentz\u00fcndung, Entfernung von Zysten<\/li>\n<\/ul>\n<h2><a href=\"\/de\/unsere-dienstleistungen\/aesthetische-behandlungen\">\u00c4sthetische Behandlungen<\/a><\/h2>\n<ul>\n<li>Mundhygienische Behandlungen<\/li>\n<li>Zahnsteinentfernung<\/li>\n<li>Polieren<\/li>\n<li>Professionelle Zahnbleichung<\/li>\n<li>Zahnschmuck \/Kristall, Edelstein\/<\/li>\n<\/ul>\n<p><\/p>","protected":false},"excerpt":{"rendered":"Zahn\u00e4rztliche Konsultation Zahn\u00e4rztliche \u00dcberpr\u00fcfung, Zahnfokus (Nachforschung von Herden) Vitalit\u00e4tsuntersuchung Zahn\u00e4rztliche Beratung Erstellung von Behandlungs- und Kostenpl\u00e4nen Computergesteuerte Dokumentation Orale Kamera Digitales R\u00f6ntgen Panoramar\u00f6ntgen Zahnerhaltbehandlungen Furchenverschlie\u00dfung Zahnf\u00fcllungen mit lichth\u00e4rtendem F\u00fcllmaterial Inlay \/Einlage\/ Keramik, Gold, Zirkonium Veeners \/Keramikschale\/ Wurzelf\u00fcllung Wurzelbehandlung Zahnschutzschienen Zahnersatz Implantate Metall-Keramikkronen Keramikkronen ohne Metall Teleskopkronen Br\u00fccken Komplette und partielle Zahnreihen Provisorische Zahnreihen Mundchirurgische Eingriffe&#8230; <a class=\"view-article\" href=\"https:\/\/www.kakadudental.hu\/de\/szolgaltatasaink\/\">Artikel ansehen<\/a>","protected":false},"author":1,"featured_media":15,"parent":0,"menu_order":3,"comment_status":"closed","ping_status":"closed","template":"","meta":{"ngg_post_thumbnail":0,"footnotes":""},"class_list":["post-13","page","type-page","status-publish","has-post-thumbnail","hentry"],"aioseo_notices":[],"_links":{"self":[{"href":"https:\/\/www.kakadudental.hu\/de\/wp-json\/wp\/v2\/pages\/13","targetHints":{"allow":["GET"]}}],"collection":[{"href":"https:\/\/www.kakadudental.hu\/de\/wp-json\/wp\/v2\/pages"}],"about":[{"href":"https:\/\/www.kakadudental.hu\/de\/wp-json\/wp\/v2\/types\/page"}],"author":[{"embeddable":true,"href":"https:\/\/www.kakadudental.hu\/de\/wp-json\/wp\/v2\/users\/1"}],"replies":[{"embeddable":true,"href":"https:\/\/www.kakadudental.hu\/de\/wp-json\/wp\/v2\/comments?post=13"}],"version-history":[{"count":7,"href":"https:\/\/www.kakadudental.hu\/de\/wp-json\/wp\/v2\/pages\/13\/revisions"}],"predecessor-version":[{"id":298,"href":"https:\/\/www.kakadudental.hu\/de\/wp-json\/wp\/v2\/pages\/13\/revisions\/298"}],"wp:featuredmedia":[{"embeddable":true,"href":"https:\/\/www.kakadudental.hu\/de\/wp-json\/wp\/v2\/media\/15"}],"wp:attachment":[{"href":"https:\/\/www.kakadudental.hu\/de\/wp-json\/wp\/v2\/media?parent=13"}],"curies":[{"name":"wp","href":"https:\/\/api.w.org\/{rel}","templated":true}]}}